{"id":21420,"date":"2015-06-16T08:18:26","date_gmt":"2015-06-16T06:18:26","guid":{"rendered":"http:\/\/www.icac.cat\/en\/who-are-we\/institution\/consell-cientific-assessor\/"},"modified":"2025-12-22T16:00:29","modified_gmt":"2025-12-22T15:00:29","slug":"scientific-assessment-committee","status":"publish","type":"page","link":"https:\/\/icac.cat\/en\/who-are-we\/institution\/scientific-assessment-committee\/","title":{"rendered":"Scientific Advisory Board"},"content":{"rendered":"<p>The Scientific Advisory Board is a collegiate body of the ICAC made up of persons of recognised international prestige in the area of classical archaeology. Its objective is to advise the Institute on its scientific activity and to participate in the promotion and evaluation of the centre.<\/p>\n<h5>Members<\/h5>\n<ul>\n<li><strong>Prof. Dr Marc Domingo Gygax<\/strong><br \/>\nPrincenton University (USA)<\/li>\n<li><strong>Prof. Dr Emilio Marin<\/strong><br \/>\nCatholic University of Croatia (Croatia)<\/li>\n<li><strong>Prof. Dr Dirce Marzoli<\/strong><br \/>\nGerman Archaeological Institute (Spain)<\/li>\n<li><strong>Prof. Dra. Naomi Sykes<\/strong><br \/>\nUniversitat of Exeter (United Kingdom)<\/li>\n<li><strong>Prof. Dra. Margarita Vallejo Girv\u00e9s<\/strong><br \/>\nUniversity of Alcal\u00e1 de Henares (Spain)<\/li>\n<li><strong>Prof. Dra. Mar Zarzalejos Prieto<\/strong><br \/>\nNational University of Distance Education, UNED (Spain)<\/li>\n<li><strong>Prof. Dr. <span data-olk-copy-source=\"MessageBody\">\u00c9ric Gailledrat<\/span>\u00a0<\/strong><br \/>\nDirector of Research at the CNRS- Paul Val\u00e9ry University, UMR 5140- Arch\u00e9ologie des Soci\u00e9t\u00e9s M\u00e9diterran\u00e9ennes (ASM) of Montpellier<\/li>\n<\/ul>\n<p>&nbsp;<\/p>\n<hr \/>\n<hr \/>\n<h5>Former members<\/h5>\n<p><strong>G\u00e9za Alf\u00f6ldy<\/strong> (2010-2011)<br \/>\nHeidelberg University (Germany)<\/p>\n<p><strong>Vassilis L. Aravantinos<\/strong> (2010-2019)<br \/>\nUniversity of Naples (Italy)<\/p>\n<p><strong>Manuel Bendala Gal\u00e1n <\/strong>(2010-2013)<br \/>\nAutonomous University of Madrid (Spain)<\/p>\n<p><strong>George Fabre<\/strong> (2010-2019)<br \/>\nUniversity of Pau y Pays de l&#8217;Adour (France)<\/p>\n<p><strong>Dominique Garcia<\/strong> (2019-2020)<br \/>\nInstitut National de Recherches Arche\u00f3logiques Pr\u00e9ventives (Fran\u00e7e)<\/p>\n<p><strong>Zahi Hawass<\/strong> (2010-2019)<br \/>\nFormer Minister of Antiquities of Egypt Government<\/p>\n<p><strong>Simon Keay<\/strong> (2010-2021)<br \/>\nUniversity of Southampton (UK)<\/p>\n<p><strong>Ricardo Olmos Romera<\/strong> (2010-2019)<br \/>\nSpanish National Research Council (Consejo Superior de Investigaciones Cient\u00edficas, CSIC) (Spain)<\/p>\n<p><strong>Paolo Sommella<\/strong> (2010-2019)<br \/>\nUniversit\u00e0 degli Studi di Roma \u201cLa Sapienza\u201d (Italy)<\/p>\n<p><strong>Prof. Dr. Cameron A. Petrie\u00a0<\/strong>(2022-2025)<br \/>\nUniversity of Cambridge (United Kingdom)<\/p>\n<p>&nbsp;<\/p>\n","protected":false},"excerpt":{"rendered":"<p>The Scientific Advisory Board is a collegiate body of the ICAC made up of persons of recognised international prestige in the area of classical archaeology. Its objective is to advise the Institute on its scientific activity and to participate in the promotion and evaluation of the centre. Members Prof. Dr Marc Domingo Gygax Princenton University [&hellip;]<\/p>\n","protected":false},"author":1,"featured_media":0,"parent":21386,"menu_order":125,"comment_status":"closed","ping_status":"closed","template":"","meta":{"_genesis_hide_title":false,"_genesis_hide_breadcrumbs":false,"_genesis_hide_singular_image":false,"_genesis_hide_footer_widgets":false,"_genesis_custom_body_class":"","_genesis_custom_post_class":"","_genesis_layout":""},"_links":{"self":[{"href":"https:\/\/icac.cat\/en\/wp-json\/wp\/v2\/pages\/21420"}],"collection":[{"href":"https:\/\/icac.cat\/en\/wp-json\/wp\/v2\/pages"}],"about":[{"href":"https:\/\/icac.cat\/en\/wp-json\/wp\/v2\/types\/page"}],"author":[{"embeddable":true,"href":"https:\/\/icac.cat\/en\/wp-json\/wp\/v2\/users\/1"}],"replies":[{"embeddable":true,"href":"https:\/\/icac.cat\/en\/wp-json\/wp\/v2\/comments?post=21420"}],"version-history":[{"count":6,"href":"https:\/\/icac.cat\/en\/wp-json\/wp\/v2\/pages\/21420\/revisions"}],"predecessor-version":[{"id":104462,"href":"https:\/\/icac.cat\/en\/wp-json\/wp\/v2\/pages\/21420\/revisions\/104462"}],"up":[{"embeddable":true,"href":"https:\/\/icac.cat\/en\/wp-json\/wp\/v2\/pages\/21386"}],"wp:attachment":[{"href":"https:\/\/icac.cat\/en\/wp-json\/wp\/v2\/media?parent=21420"}],"curies":[{"name":"wp","href":"https:\/\/api.w.org\/{rel}","templated":true}]}}