{"id":21558,"date":"2015-06-26T10:00:44","date_gmt":"2015-06-26T08:00:44","guid":{"rendered":"http:\/\/www.icac.cat\/en\/research\/icac-research\/programes-transversals\/"},"modified":"2016-12-02T12:33:41","modified_gmt":"2016-12-02T11:33:41","slug":"transversal-programmes","status":"publish","type":"page","link":"https:\/\/icac.cat\/en\/transversal-programmes\/","title":{"rendered":"Transversal Programmes"},"content":{"rendered":"<p>The ICAC also defines transversal programmes that develop disciplines of a methodological and applied nature related to archaeology that impact on its different lines of research. Within the research structure they are placed at the same level as the lines of research, they are coordinated by a supervising researcher and can undertake different projects.<\/p>\n<p><a href=\"\/?page_id=7309\" target=\"_blank\">M\u00e8todes i t\u00e8cniques de les ci\u00e8ncies experimentals aplicades a l\u2019arqueologia cl\u00e0ssica<\/a><br \/>\n<a href=\"\/?page_id=7311\" target=\"_blank\">Tecnologies de la informaci\u00f3 i la comunicaci\u00f3 aplicades a l\u2019arqueologia cl\u00e0ssica<\/a><br \/>\n<a href=\"\/?page_id=7313\" target=\"_blank\">Arqueologia cl\u00e0ssica i ci\u00e8ncies de l\u2019antiguitat. Fonts textuals, epigrafia i numism\u00e0tica<\/a><\/p>\n","protected":false},"excerpt":{"rendered":"<p>The ICAC also defines transversal programmes that develop disciplines of a methodological and applied nature related to archaeology that impact on its different lines of research. Within the research structure they are placed at the same level as the lines of research, they are coordinated by a supervising researcher and can undertake different projects. M\u00e8todes [&hellip;]<\/p>\n","protected":false},"author":1,"featured_media":0,"parent":0,"menu_order":223,"comment_status":"closed","ping_status":"closed","template":"","meta":{"_genesis_hide_title":false,"_genesis_hide_breadcrumbs":false,"_genesis_hide_singular_image":false,"_genesis_hide_footer_widgets":false,"_genesis_custom_body_class":"","_genesis_custom_post_class":"","_genesis_layout":""},"_links":{"self":[{"href":"https:\/\/icac.cat\/en\/wp-json\/wp\/v2\/pages\/21558"}],"collection":[{"href":"https:\/\/icac.cat\/en\/wp-json\/wp\/v2\/pages"}],"about":[{"href":"https:\/\/icac.cat\/en\/wp-json\/wp\/v2\/types\/page"}],"author":[{"embeddable":true,"href":"https:\/\/icac.cat\/en\/wp-json\/wp\/v2\/users\/1"}],"replies":[{"embeddable":true,"href":"https:\/\/icac.cat\/en\/wp-json\/wp\/v2\/comments?post=21558"}],"version-history":[{"count":3,"href":"https:\/\/icac.cat\/en\/wp-json\/wp\/v2\/pages\/21558\/revisions"}],"predecessor-version":[{"id":23509,"href":"https:\/\/icac.cat\/en\/wp-json\/wp\/v2\/pages\/21558\/revisions\/23509"}],"wp:attachment":[{"href":"https:\/\/icac.cat\/en\/wp-json\/wp\/v2\/media?parent=21558"}],"curies":[{"name":"wp","href":"https:\/\/api.w.org\/{rel}","templated":true}]}}