{"id":21628,"date":"2015-06-17T16:41:24","date_gmt":"2015-06-17T14:41:24","guid":{"rendered":"http:\/\/www.icac.cat\/en\/training\/doctorat-interuniversitari-en-arqueologia-classica\/"},"modified":"2024-10-30T14:11:35","modified_gmt":"2024-10-30T13:11:35","slug":"interuniversity-phd-in-classical-archaeology","status":"publish","type":"page","link":"https:\/\/icac.cat\/en\/training\/interuniversity-phd-in-classical-archaeology\/","title":{"rendered":"Doctoral Programme in Classical Archaeology"},"content":{"rendered":"<h4>Introduction<\/h4>\n<p>The Doctoral Programme in Classical Archaeology offers wide-ranging instruction in the Mediterranean cultures from protohistory to late antiquity. It is taught by a team of professors and researchers involved in the research activities of each of the participating institutions (URV, ICAC and UAB) and imparts a wide range of theoretical and practical abilities unique to Catalan university education.<\/p>\n<p>The teams and the lines of research are diverse in terms of their interdisciplinarity and transversality. This can be seen in the <a href=\"https:\/\/icac.cat\/en\/research\/research-teams\/\" target=\"_blank\" rel=\"noopener\">eight research teams<\/a> that make up the MIRMED (2014SGR 1197) consolidated research group coordinated by the ICAC, which is the scientific basis of the doctorate programme.<\/p>\n<p>The programme places specialist laboratories at the disposal of the students and also offers the possibility of working at some of the main archaeological sites in the Mediterranean. Its objective is to train new generations of researchers able to associate education in the humanities with in-depth experience in classical archaeology, heritage analysis and research specialisation.<\/p>\n<p>ICAC researchers, in addition to supervising theses as part of the doctorate as mentioned above programmes, also direct the theses of other doctorate programmes outside the Institute.<\/p>\n<p>The URV, the ICAC and the UAB launched this doctoral programme in the 2013-2014 academic year, coordinated by the URV, as established in RD 99\/2011, through URV Doctoral School, which coordinates all the doctoral programmes in which ICAC participates, as established in RD 56\/2005, RD1393\/2007 and RD 778\/1998.<\/p>\n<p>&nbsp;<\/p>\n<h4>Institutions<\/h4>\n<p>Rovira i Virgili University (URV), the Catalan Institute of Classical Archaeology (ICAC) and the Autonomous University of Barcelona (UAB).<\/p>\n<p>&nbsp;<\/p>\n<h4>General objectives<\/h4>\n<p>The main objective of the Doctorate in Classical Archaeology is to train students in high-quality advanced research. The general objectives are as follows:<\/p>\n<ul>\n<li>To incorporate the doctoral candidate into a research group<\/li>\n<li>To increase their abilities to acquire an intensive specialisation in the different orientations contributed by the lines of research defined in the programme<\/li>\n<li>To strengthen their initiative for the development of research projects with the methodology and scientific principles of the line in which they carry out their research<\/li>\n<li>To foster the acquisition of general skills related to the ability to work alone and as part of a group, participation in research projects, management of bibliographic databases, etc.<\/li>\n<li>Preparation of the doctoral thesis.<\/li>\n<\/ul>\n<p>&nbsp;<\/p>\n<h4>Programme Structure<\/h4>\n<p>The doctorate programme training period is linked to the <a href=\"https:\/\/icac.cat\/en\/training\/master-classical-archaeology-maca\/\" target=\"_blank\" rel=\"noopener\">University Master\u2019s Degree in Applied Classical Archaeology. Research and Transfer<\/a>. The doctoral programme also includes the organisation of specialised training seminars and workshops on the diverse lines of research included in the programme.<\/p>\n<p>&nbsp;<\/p>\n<h4>Lines of research and thesis supervision<\/h4>\n<p><a href=\"http:\/\/www.doctor.urv.cat\/en\/prospective-students\/courses\/7715\/arees-de-recerca\/\" target=\"_blank\" rel=\"noopener\">Research lines and supervisors<\/a> (URV-ICAC)<\/p>\n<p><a href=\"https:\/\/www.uab.cat\/web\/postgraduate\/phds\/all-phd-programmes\/research-and-supervision\/lines-of-research-and-thesis-supervision\/classical-archaeology-1345467765236.html?param2=1345672098230\" target=\"_blank\" rel=\"noopener\">Lines of research and thesis supervision<\/a> (UAB)<\/p>\n<p>&nbsp;<\/p>\n<h4>Admission<\/h4>\n<div class=\"highlight-block\">\n<ul>\n<li><strong>New entry vacancies:<\/strong> 10<\/li>\n<li><strong>Admission and selection criteria: <\/strong>to access the doctoral programme in its research period it is necessary to comply with the conditions established as entrance requirements in Article 19 and the additional fourth provision of Royal Decree 1393\/2007.<\/li>\n<\/ul>\n<\/div>\n<h4><\/h4>\n<h4>Academic Commission<\/h4>\n<ul>\n<li><strong>Eva Sub\u00edas <\/strong>(URV), program coordinator and president of the Commission<\/li>\n<li><strong>Ricardo Mar<\/strong> (URV), secretary<\/li>\n<li><strong>Maria Carme Belarte <\/strong>(ICAC-ICREA)<\/li>\n<li><strong>C\u00e8sar Carreras <\/strong>(UAB)<\/li>\n<li><strong>Agust\u00ed Costa <\/strong>(URV)<\/li>\n<li><strong>Diana Gorostidi Pi<\/strong> (URV-ICAC)<\/li>\n<li><strong>Roger Mirallers <\/strong>(URV)<\/li>\n<li><strong>Josep Maria Palet <\/strong>(ICAC)<\/li>\n<li><strong>Joaquim Pera <\/strong>(UAB)<\/li>\n<li><strong>Joaqu\u00edn Ruiz de Arbulo<\/strong> (URV-ICAC)<\/li>\n<\/ul>\n<p>&nbsp;<\/p>\n<h5>Responsible for the doctoral program at the ICAC<\/h5>\n<ul>\n<li><strong>Josep Maria Palet<\/strong><br \/>\nCatalan Institute of Classical Archaeology<\/li>\n<\/ul>\n<h5><\/h5>\n<h5><strong>Administrative Support<\/strong><\/h5>\n<ul>\n<li><strong>Ana Gallego<\/strong><br \/>\nCatalan Institute of Classical Archaeology<br \/>\n<a href=\"mailto:agallego@icac.cat\">agallego@icac.cat<\/a><\/li>\n<\/ul>\n<p>&nbsp;<\/p>\n<div class=\"highlight-block\">\n<h4>Grants<\/h4>\n<\/div>\n<p>ICAC can access the <strong>Joan Or\u00f3 call for grants<\/strong> to public and private universities of the Catalan university system, research centres, hospital foundations and Singular Scientific and Technical Infrastructures (ICTS) <strong>to recruit\u00a0predoctoral research staff in training<\/strong>.<\/p>\n<p>These grants&#8217; doctoral theses must necessarily align with one of the\u00a0<strong>Horizon Europe<\/strong> programme&#8217;s thematic areas. To this end, applicants must indicate in their form the thematic area that best fits their thesis proposal.<\/p>\n<ul>\n<li>Check here the A<a href=\"https:\/\/agaur.gencat.cat\/ca\/beques-i-ajuts\/convocatories-per-temes\/Ajuts-Joan-Oro-per-a-la-contractacio-de-personal-investigador-predoctoral-en-formacio-FI-2024\" target=\"_blank\" rel=\"noopener\">GAUR website<\/a> for all the information about the aid, the related documentation and access to the procedure.<\/li>\n<\/ul>\n<p>&nbsp;<\/p>\n<hr \/>\n<p><b><strong>CALL JOAN OR\u00d3 2025 (FI)<\/strong><\/b>:<\/p>\n<ul>\n<li style=\"list-style-type: none;\">\n<ul>\n<li><a href=\"https:\/\/icac.cat\/wp-content\/uploads\/2024\/10\/Convocatoria-FI-2025.pdf\" target=\"_blank\" rel=\"noopener\">RESOLUCI\u00d3 REU\/3544\/2024, de 30 de setembre, per la qual s&#8217;obre la convocat\u00f2ria dels ajuts Joan Or\u00f3 per a la contractaci\u00f3 de personal investigador predoctoral en formaci\u00f3 (FI) per a l&#8217;any 2025<\/a> (ref. BDNS 788675) (DOG n. 9263 posted October 8, 2024)<\/li>\n<li>Deadline for <a href=\"https:\/\/agaur.gencat.cat\/ca\/beques-i-ajuts\/convocatories-per-temes\/Ajuts-per-a-la-contractacio-de-personal-investigador-novell-FI-2021\" target=\"_blank\" rel=\"noopener\">applications<\/a> ends on October 31, 2024.<\/li>\n<li><a href=\"https:\/\/icac.cat\/wp-content\/uploads\/2024\/10\/FAQS-2025.pdf\" target=\"_blank\" rel=\"noopener\">FAQs 2025<\/a><\/li>\n<\/ul>\n<\/li>\n<\/ul>\n<p style=\"padding-left: 40px;\"><b><strong>Regulatory Call Joan Or\u00f3 2024 (FI):<\/strong><\/b><\/p>\n<ul>\n<li style=\"list-style-type: none;\">\n<ul>\n<li><a href=\"https:\/\/icac.cat\/wp-content\/uploads\/2024\/10\/Bases-Reguladores-FI-2025.pdf\" target=\"_blank\" rel=\"noopener\">RESOLUCI\u00d3 REU\/3320\/2024, de 16 de setembre, per la qual s&#8217;aproven les bases reguladores dels ajuts Joan Or\u00f3 per a la contractaci\u00f3 de personal investigador predoctoral en formaci\u00f3 (FI)<\/a> (DOGC n. 9251 posted September 19, 2024)<\/li>\n<\/ul>\n<\/li>\n<\/ul>\n<p style=\"padding-left: 40px;\"><b><strong>Documentation of the Joan Or\u00f3 call 2025 (FI):<\/strong><\/b><\/p>\n<ul>\n<li style=\"list-style-type: none;\">\n<ul>\n<li>Check here the <a href=\"https:\/\/icac.cat\/wp-content\/uploads\/2024\/10\/Prioritzacio-FI-2025_ICAC.pdf\" target=\"_blank\" rel=\"noopener\">System and criteria for prioritizing applications for grants Joan Or\u00f3 for hiring predoctoral researchers in training (FI) for the year 2025 at the ICAC<\/a>\u00a0<em>(in Catalan)<\/em>.<\/li>\n<\/ul>\n<\/li>\n<\/ul>\n<p>&nbsp;<\/p>\n<hr \/>\n<p><b><strong>CALL JOAN OR\u00d3 2024 (FI)<\/strong><\/b>:<\/p>\n<ul>\n<li style=\"list-style-type: none;\">\n<ul>\n<li><a href=\"https:\/\/icac.cat\/wp-content\/uploads\/2024\/03\/Convocatoria-FI2024-AGAUR_resolucio.pdf\" target=\"_blank\" rel=\"noopener\">RESOLUCI\u00d3 REU\/3156\/2023, de 13 de setembre, per la qual s&#8217;obre la convocat\u00f2ria dels ajuts Joan Or\u00f3 per a la contractaci\u00f3 de personal investigador predoctoral en formaci\u00f3 (FI) per a l&#8217;any 2024 (ref. BDNS 716642) (DOG n\u00fam. 9003 publicat el 19\/09\/2023)<\/a><\/li>\n<li>Deadline for <a href=\"https:\/\/agaur.gencat.cat\/ca\/beques-i-ajuts\/convocatories-per-temes\/Ajuts-per-a-la-contractacio-de-personal-investigador-novell-FI-2021\" target=\"_blank\" rel=\"noopener\">applications<\/a> is closed.<\/li>\n<li><a href=\"https:\/\/icac.cat\/wp-content\/uploads\/2024\/03\/FAQS-FI-2024.pdf\" target=\"_blank\" rel=\"noopener\">FAQS<\/a> FI 2024<\/li>\n<li>User guide for amendments procedure [<a href=\"https:\/\/icac.cat\/wp-content\/uploads\/2024\/03\/Guia_us_tramit_generic_Joan_Oro_CAT.pdf\" target=\"_blank\" rel=\"noopener\">CAT<\/a>]\u00a0[<a href=\"https:\/\/icac.cat\/wp-content\/uploads\/2024\/03\/Guia_us_tramit_generic_Joan_Oro_EN.pdf\" target=\"_blank\" rel=\"noopener\">ENG<\/a>]<\/li>\n<\/ul>\n<\/li>\n<\/ul>\n<p style=\"padding-left: 40px;\"><b><strong>Regulatory Call Joan Or\u00f3 2024 (FI):<\/strong><\/b><\/p>\n<ul>\n<li style=\"list-style-type: none;\">\n<ul>\n<li><a href=\"https:\/\/icac.cat\/wp-content\/uploads\/2024\/03\/Bases-reguladores-FI-2024_GENCAT.pdf\" target=\"_blank\" rel=\"noopener\">RESOLUCI\u00d3 REU\/3056\/2023, de 5 setembre, per la qual s&#8217;aproven les bases reguladores dels ajuts Joan Or\u00f3 per a la contractaci\u00f3 de personal investigador predoctoral en formaci\u00f3 (FI). (DOGC\u00a0 n\u00fam.\u00a0 8998 \u00a0publicat el 12\/09\/2023)<\/a><\/li>\n<\/ul>\n<\/li>\n<\/ul>\n<p style=\"padding-left: 40px;\"><b><strong>Documentation of the Joan Or\u00f3 call 2024 (FI):<\/strong><\/b><\/p>\n<ul>\n<li style=\"list-style-type: none;\">\n<ul>\n<li>Check here the <a href=\"https:\/\/icac.cat\/wp-content\/uploads\/2023\/10\/Prioritzacio-FI-2024-ICAC_sdp.pdf\" target=\"_blank\" rel=\"noopener\">System and criteria for prioritizing applications for grants Joan Or\u00f3 for hiring predoctoral researchers in training (FI) for the year 2024<\/a> at the ICAC-CERCA <em>(in Catalan)<\/em>.<\/li>\n<\/ul>\n<ul>\n<li><a class=\"icona-pdf\" href=\"https:\/\/icac.cat\/wp-content\/uploads\/2024\/03\/RESOL-Ajuts-Joan-Oro-2024_CORRECCIO-ERRADES.pdf\" target=\"_blank\" rel=\"noopener\">CORRECCI\u00d3 D\u2019ERRADES a la Resoluci\u00f3 definitiva de la convocat\u00f2ria dels ajuts Joan Or\u00f3 per a la contractaci\u00f3 de personal investigador predoctoral en formaci\u00f3 (FI) per a l&#8217;any 2024 \u00a0 \u00a0Relaci\u00f3 definitiva de sol\u00b7licituds admeses<\/a> (publication date: March 12, 2024). Grant to ICAC-CERCA for the recruitment of Itziar Guti\u00e9rrez and Isabel Matuzzi.<\/li>\n<\/ul>\n<\/li>\n<\/ul>\n<ul>\n<li style=\"list-style-type: none;\"><\/li>\n<\/ul>\n<hr \/>\n<p><b><strong>CALL JOAN OR\u00d3 2023 (FI)<\/strong><\/b>:<\/p>\n<ul>\n<li style=\"list-style-type: none;\">\n<ul>\n<li><a href=\"https:\/\/icac.cat\/wp-content\/uploads\/2024\/03\/Convocatoria-FI2023-AGAUR_resolucio.pdf\" target=\"_blank\" rel=\"noopener\">RESOLUCI\u00d3 REU\/3468\/2022, de 4 de novembre, per la qual s&#8217;obre la convocat\u00f2ria dels ajuts Joan Or\u00f3 per a la contractaci\u00f3 de personal investigador predoctoral en formaci\u00f3 (FI) per a l&#8217;any 2023 (ref. BDNS 657443) (DOGC\u00a0 n\u00fam.\u00a0 8790 \u00a0publicat el \u00a010\/11\/2022)<\/a><\/li>\n<li>Deadline for <a href=\"https:\/\/agaur.gencat.cat\/ca\/beques-i-ajuts\/convocatories-per-temes\/Ajuts-per-a-la-contractacio-de-personal-investigador-novell-FI-2021\" target=\"_blank\" rel=\"noopener\">applications<\/a> is closed.<\/li>\n<li>User guide for amendments procedure [<a href=\"https:\/\/icac.cat\/wp-content\/uploads\/2024\/03\/Guia_us_tramit_generic_Joan_Oro_CAT.pdf\" target=\"_blank\" rel=\"noopener\">CAT<\/a>]\u00a0[<a href=\"https:\/\/icac.cat\/wp-content\/uploads\/2024\/03\/Guia_us_tramit_generic_Joan_Oro_EN.pdf\" target=\"_blank\" rel=\"noopener\">ENG<\/a>]<\/li>\n<\/ul>\n<\/li>\n<\/ul>\n<p style=\"padding-left: 40px;\"><b><strong>Regulatory Call Joan Or\u00f3 2023 (FI):<\/strong><\/b><\/p>\n<ul>\n<li style=\"list-style-type: none;\">\n<ul>\n<li><a href=\"https:\/\/icac.cat\/wp-content\/uploads\/2024\/03\/Bases-reguladores-FI-2023_GENCAT.pdf\" target=\"_blank\" rel=\"noopener\">RESOLUCI\u00d3 REU\/3385\/2022, de 28 d&#8217;octubre, per la qual s&#8217;aproven les bases reguladores dels ajuts Joan Or\u00f3 per a la contractaci\u00f3 de personal investigador predoctoral en formaci\u00f3 (FI). (DOGC\u00a0 n\u00fam.\u00a0 8785 \u00a0publicat el \u00a03\/11\/2022)<\/a><\/li>\n<\/ul>\n<\/li>\n<\/ul>\n<p style=\"padding-left: 40px;\"><b><strong>Documentation of the Joan Or\u00f3 call 2023 (FI):<\/strong><\/b><\/p>\n<ul>\n<li style=\"list-style-type: none;\">\n<ul>\n<li>Check here the <a href=\"https:\/\/icac.cat\/wp-content\/uploads\/2022\/11\/ICAC_Criteris2023.pdf\" target=\"_blank\" rel=\"noopener\">System and criteria for prioritizing applications for grants Joan Or\u00f3 for hiring predoctoral researchers in training (FI) for the year 2023<\/a>\u00a0at the ICAC-CERCA (in Catalan).<\/li>\n<\/ul>\n<\/li>\n<\/ul>\n<ul>\n<li style=\"list-style-type: none;\">\n<ul>\n<li><a class=\"icona-pdf\" href=\"https:\/\/icac.cat\/wp-content\/uploads\/2024\/03\/Ajuts-Joan-Oro_Resolucio-2023_Gencat.pdf\" target=\"_blank\" rel=\"noopener\">Resoluci\u00f3 de concessi\u00f3 de la convocat\u00f2ria dels ajuts Joan Or\u00f3 per a la contractaci\u00f3 de personal investigador predoctoral en formaci\u00f3 (FI) per a l&#8217;any 2023<\/a> (publication date: April 2023). Grant to ICAC-CERCA for the recruitment of Isabel Matuzzi.<\/li>\n<\/ul>\n<\/li>\n<\/ul>\n<ul>\n<li style=\"list-style-type: none;\"><\/li>\n<\/ul>\n<p><a href=\"https:\/\/icac.cat\/wp-content\/uploads\/2024\/03\/Ajuts-Joan-Oro-FI_banner-financament-2024.jpg\"><img loading=\"lazy\" class=\"wp-image-91918 size-full\" src=\"https:\/\/icac.cat\/wp-content\/uploads\/2024\/03\/Ajuts-Joan-Oro-FI_banner-financament-2024.jpg\" alt=\"\" width=\"1600\" height=\"400\" srcset=\"https:\/\/icac.cat\/wp-content\/uploads\/2024\/03\/Ajuts-Joan-Oro-FI_banner-financament-2024.jpg 1600w, https:\/\/icac.cat\/wp-content\/uploads\/2024\/03\/Ajuts-Joan-Oro-FI_banner-financament-2024-400x100.jpg 400w, https:\/\/icac.cat\/wp-content\/uploads\/2024\/03\/Ajuts-Joan-Oro-FI_banner-financament-2024-1024x256.jpg 1024w, https:\/\/icac.cat\/wp-content\/uploads\/2024\/03\/Ajuts-Joan-Oro-FI_banner-financament-2024-768x192.jpg 768w, https:\/\/icac.cat\/wp-content\/uploads\/2024\/03\/Ajuts-Joan-Oro-FI_banner-financament-2024-1536x384.jpg 1536w\" sizes=\"(max-width: 1600px) 100vw, 1600px\" \/><\/a><\/p>\n","protected":false},"excerpt":{"rendered":"<p>Introduction The Doctoral Programme in Classical Archaeology offers wide-ranging instruction in the Mediterranean cultures from protohistory to late antiquity. It is taught by a team of professors and researchers involved in the research activities of each of the participating institutions (URV, ICAC and UAB) and imparts a wide range of theoretical and practical abilities unique [&hellip;]<\/p>\n","protected":false},"author":1,"featured_media":0,"parent":21348,"menu_order":320,"comment_status":"closed","ping_status":"closed","template":"","meta":{"_genesis_hide_title":false,"_genesis_hide_breadcrumbs":false,"_genesis_hide_singular_image":false,"_genesis_hide_footer_widgets":false,"_genesis_custom_body_class":"","_genesis_custom_post_class":"","_genesis_layout":""},"_links":{"self":[{"href":"https:\/\/icac.cat\/en\/wp-json\/wp\/v2\/pages\/21628"}],"collection":[{"href":"https:\/\/icac.cat\/en\/wp-json\/wp\/v2\/pages"}],"about":[{"href":"https:\/\/icac.cat\/en\/wp-json\/wp\/v2\/types\/page"}],"author":[{"embeddable":true,"href":"https:\/\/icac.cat\/en\/wp-json\/wp\/v2\/users\/1"}],"replies":[{"embeddable":true,"href":"https:\/\/icac.cat\/en\/wp-json\/wp\/v2\/comments?post=21628"}],"version-history":[{"count":6,"href":"https:\/\/icac.cat\/en\/wp-json\/wp\/v2\/pages\/21628\/revisions"}],"predecessor-version":[{"id":96238,"href":"https:\/\/icac.cat\/en\/wp-json\/wp\/v2\/pages\/21628\/revisions\/96238"}],"up":[{"embeddable":true,"href":"https:\/\/icac.cat\/en\/wp-json\/wp\/v2\/pages\/21348"}],"wp:attachment":[{"href":"https:\/\/icac.cat\/en\/wp-json\/wp\/v2\/media?parent=21628"}],"curies":[{"name":"wp","href":"https:\/\/api.w.org\/{rel}","templated":true}]}}