{"id":21661,"date":"2015-06-17T16:51:44","date_gmt":"2015-06-17T14:51:44","guid":{"rendered":"http:\/\/www.icac.cat\/en\/dissemination\/arxiu-de-blogs\/"},"modified":"2016-08-19T18:22:14","modified_gmt":"2016-08-19T16:22:14","slug":"blog-archive","status":"publish","type":"page","link":"https:\/\/icac.cat\/en\/dissemination\/blog-archive\/","title":{"rendered":"Blog archive"},"content":{"rendered":"<p>L\u2019ICAC ha tingut un parell de blogs, que continuen consultables: un sobre divulgaci\u00f3 de l\u2019arqueologia i l\u2019antiguitat cl\u00e0ssica, <strong>Picant pedra<\/strong> (2011-2013), i l\u2019altre sobre les excavacions a la Catedral de Tarragona (2010-2011),<strong> A la recerca del temple d\u2019August<\/strong>. Tots dos blogs s\u00f3n a la plataforma de la revista de divulgaci\u00f3 hist\u00f2rica <em>S\u00e0piens.<\/em><\/p>\n<p><a href=\"http:\/\/blogs.sapiens.cat\/picantpedra\/\"><img loading=\"lazy\" class=\"alignleft wp-image-11307 size-thumbnail\" src=\"https:\/\/icac.cat\/wp-content\/uploads\/2015\/06\/picantpedra-120x120.jpg\" alt=\"picantpedra\" width=\"120\" height=\"120\" \/><\/a><strong>Picant pedra<\/strong><br \/>\n<a href=\"http:\/\/blogs.sapiens.cat\/picantpedra\/\" target=\"_blank\">http:\/\/blogs.sapiens.cat\/picantpedra\/<\/a><\/p>\n<p>&nbsp;<\/p>\n<p>&nbsp;<\/p>\n<p><strong><a href=\"http:\/\/blogs.sapiens.cat\/recercatempleaugust\/\"><img loading=\"lazy\" class=\"alignleft wp-image-11309 size-thumbnail\" src=\"https:\/\/icac.cat\/wp-content\/uploads\/2015\/06\/alarecerca-120x120.jpg\" alt=\"alarecerca\" width=\"120\" height=\"120\" \/><\/a>A la recerca del temple d\u2019August<\/strong><br \/>\n<a href=\"http:\/\/blogs.sapiens.cat\/recercatempleaugust\/\" target=\"_blank\">http:\/\/blogs.sapiens.cat\/recercatempleaugust\/<\/a><\/p>\n","protected":false},"excerpt":{"rendered":"<p>L\u2019ICAC ha tingut un parell de blogs, que continuen consultables: un sobre divulgaci\u00f3 de l\u2019arqueologia i l\u2019antiguitat cl\u00e0ssica, Picant pedra (2011-2013), i l\u2019altre sobre les excavacions a la Catedral de Tarragona (2010-2011), A la recerca del temple d\u2019August. Tots dos blogs s\u00f3n a la plataforma de la revista de divulgaci\u00f3 hist\u00f2rica S\u00e0piens. Picant pedra http:\/\/blogs.sapiens.cat\/picantpedra\/ [&hellip;]<\/p>\n","protected":false},"author":1,"featured_media":0,"parent":21350,"menu_order":52,"comment_status":"closed","ping_status":"closed","template":"","meta":{"_genesis_hide_title":false,"_genesis_hide_breadcrumbs":false,"_genesis_hide_singular_image":false,"_genesis_hide_footer_widgets":false,"_genesis_custom_body_class":"","_genesis_custom_post_class":"","_genesis_layout":""},"_links":{"self":[{"href":"https:\/\/icac.cat\/en\/wp-json\/wp\/v2\/pages\/21661"}],"collection":[{"href":"https:\/\/icac.cat\/en\/wp-json\/wp\/v2\/pages"}],"about":[{"href":"https:\/\/icac.cat\/en\/wp-json\/wp\/v2\/types\/page"}],"author":[{"embeddable":true,"href":"https:\/\/icac.cat\/en\/wp-json\/wp\/v2\/users\/1"}],"replies":[{"embeddable":true,"href":"https:\/\/icac.cat\/en\/wp-json\/wp\/v2\/comments?post=21661"}],"version-history":[{"count":1,"href":"https:\/\/icac.cat\/en\/wp-json\/wp\/v2\/pages\/21661\/revisions"}],"predecessor-version":[{"id":21701,"href":"https:\/\/icac.cat\/en\/wp-json\/wp\/v2\/pages\/21661\/revisions\/21701"}],"up":[{"embeddable":true,"href":"https:\/\/icac.cat\/en\/wp-json\/wp\/v2\/pages\/21350"}],"wp:attachment":[{"href":"https:\/\/icac.cat\/en\/wp-json\/wp\/v2\/media?parent=21661"}],"curies":[{"name":"wp","href":"https:\/\/api.w.org\/{rel}","templated":true}]}}