{"id":21665,"date":"2015-06-17T16:51:09","date_gmt":"2015-06-17T14:51:09","guid":{"rendered":"http:\/\/www.icac.cat\/en\/dissemination\/programa-de-radio\/"},"modified":"2023-06-15T08:13:58","modified_gmt":"2023-06-15T06:13:58","slug":"toquem-pedra","status":"publish","type":"page","link":"https:\/\/icac.cat\/en\/dissemination\/toquem-pedra\/","title":{"rendered":"Radio show &#8216;Toquem pedra&#8217;"},"content":{"rendered":"<p>The radio show <em><strong>Toquem pedra!<\/strong><\/em> (\u201chands-on with stones\u201d in Catalan) on Classical Archaeology starts a new season on the <a href=\"https:\/\/www.tarragonaradio.cat\/tag\/toquem-pedra\/\" target=\"_blank\" rel=\"noopener\">Tarragona Radio<\/a> grid. The program is conceived as<strong> a space for scientific dissemination<\/strong> on classical archeology based on the knowledge and research that we develop at the ICAC, with a special focus on the historical and cultural heritage of Tarragona.<\/p>\n<p>Since 2020, this is <strong>a new edition of the radio program<\/strong>, which was run on the same radio on several occasions between 2013 and 2017. In season 2023, the radio show is in the morning magazine <a href=\"https:\/\/www.tarragonaradio.cat\/la-veu-de-tarragona\/\" target=\"_blank\" rel=\"noopener\"><em>La veu de Tarragona<\/em><\/a>, led by journalist Pep Suny\u00e9 and is broadcast daily from 9 to 11 a.m.<\/p>\n<p><img loading=\"lazy\" class=\"aligncenter size-large wp-image-84904\" src=\"https:\/\/icac.cat\/wp-content\/uploads\/2023\/04\/ToquemPedra_logo-Tarragona-Radio-2-1024x1024.png\" alt=\"\" width=\"790\" height=\"790\" srcset=\"https:\/\/icac.cat\/wp-content\/uploads\/2023\/04\/ToquemPedra_logo-Tarragona-Radio-2-1024x1024.png 1024w, https:\/\/icac.cat\/wp-content\/uploads\/2023\/04\/ToquemPedra_logo-Tarragona-Radio-2-400x400.png 400w, https:\/\/icac.cat\/wp-content\/uploads\/2023\/04\/ToquemPedra_logo-Tarragona-Radio-2-120x120.png 120w, https:\/\/icac.cat\/wp-content\/uploads\/2023\/04\/ToquemPedra_logo-Tarragona-Radio-2-768x768.png 768w, https:\/\/icac.cat\/wp-content\/uploads\/2023\/04\/ToquemPedra_logo-Tarragona-Radio-2.png 1500w\" sizes=\"(max-width: 790px) 100vw, 790px\" \/><\/p>\n<p>&nbsp;<\/p>\n<div class=\"highlight-block\">\n<p>The radio show will be broadcast monthly on <strong>the third Monday at 10 a.m.<\/strong>\u00a0and can be followed through 96.7 fm, on the Tarragona Radio website, in the APPs, and through DTT. It can also be heard in deferred on the <a href=\"http:\/\/www.tarragonaradio.cat\" target=\"_blank\" rel=\"noopener\">Tarragona Radio website<\/a>. You can also retrieve the audio of the program in the <a href=\"https:\/\/alacarta.tarragonaradio.cat\/programs\/toquem-pedra\" target=\"_blank\" rel=\"noopener\">Podcast Zone of Tarragona R\u00e0dio<\/a>, and on <a href=\"https:\/\/icac.cat\/en\/dissemination\/toquem-pedra\/\" target=\"_blank\" rel=\"noopener\">our website<\/a> (most of the programs are broadcast in Catalan or in Spanish).<\/p>\n<\/div>\n<p>&nbsp;<\/p>\n<hr \/>\n<h6>Latest programs:<\/h6>\n<ul>\n<li>N\u00fam. 101 (06\/12\/2023). <a href=\"https:\/\/icac.cat\/difusio\/activitats-de-licac\/agenda\/toquem-pedra-6\/\">The invisible ingredients of architecture in Late Prehistory<\/a>. With <a href=\"https:\/\/icac.cat\/qui-som\/personal\/mpastor\/\">Mar\u00eda Pastor<\/a> (UA-ICAC) and <a href=\"https:\/\/icac.cat\/qui-som\/personal\/mmateu\/\">Marta Mateu<\/a>, researcher Beatriu de Pin\u00f3s at the MIRMED research group in the ICAC.<\/li>\n<\/ul>\n<p style=\"padding-left: 40px;\">Listen to the podcast at Radio Tarragona! <a href=\"https:\/\/open.spotify.com\/episode\/7zJtSnhQO37pDP2lZYHypo\" target=\"_blank\" rel=\"noopener\"><strong>L&#8217;arquitectura en els \u00faltims anys de la prehist\u00f2ria i principis de la protohist\u00f2ria<\/strong><\/a>.<\/p>\n<p>&nbsp;<\/p>\n<hr \/>\n<ul>\n<li>Num. 100 (05\/15\/2023). <a href=\"https:\/\/icac.cat\/difusio\/activitats-de-licac\/agenda\/toquem-pedra-les-biografies-ocultes-a-les-parets-de-tarragona\/\" target=\"_blank\" rel=\"noopener\">Las biograf\u00edas ocultas en las paredes de Tarragona<\/a>. With <a href=\"https:\/\/icac.cat\/qui-som\/personal\/dgorostidi\/\">Diana Gorostidi<\/a> (URV-ICAC), faculty at the URV and researcher at ArPA research group in the ICAC.<\/li>\n<\/ul>\n<p style=\"padding-left: 40px;\">Listen to the podcast at Radio Tarragona! <strong><a href=\"https:\/\/open.spotify.com\/episode\/20Y2DvmUQMAaKKjgERT0r6\" target=\"_blank\" rel=\"noopener\">Diana Gorostidi: &#8220;T\u00e0rraco t\u00e9 el patrimoni epigr\u00e0fic m\u00e9s gran de la pen\u00ednsula Ib\u00e8rica&#8221;<\/a><\/strong>.<\/p>\n<p>&nbsp;<\/p>\n<hr \/>\n<ul>\n<li>N\u00fam. 99 (04\/17\/2023). <a href=\"https:\/\/alacarta.tarragonaradio.cat\/programs\/toquem-pedra\">Investigar en tiempos de pandemia: la experiencia de un investigador internacional a caballo entre Grecia y Tarragona<\/a>. With <a href=\"https:\/\/icac.cat\/qui-som\/personal\/iapostolou\/\">Giannis Apostolou<\/a>, PhD reseracher at GIAP research group.<\/li>\n<\/ul>\n<!--[if lt IE 9]><script>document.createElement('audio');<\/script><![endif]-->\n<audio class=\"wp-audio-shortcode\" id=\"audio-21665-1\" preload=\"none\" style=\"width: 100%;\" controls=\"controls\"><source type=\"audio\/mpeg\" src=\"https:\/\/icac.cat\/wp-content\/uploads\/2023\/04\/Toquem_pedra-98_2023_04_17.mp3?_=1\" \/><a href=\"https:\/\/icac.cat\/wp-content\/uploads\/2023\/04\/Toquem_pedra-98_2023_04_17.mp3\">https:\/\/icac.cat\/wp-content\/uploads\/2023\/04\/Toquem_pedra-98_2023_04_17.mp3<\/a><\/audio>\n<p>&nbsp;<\/p>\n<hr \/>\n<h6>Season 2021-2022:<\/h6>\n<ul>\n<li>N\u00fam. 97 (25\/05\/2022). <a href=\"https:\/\/www.tarragonaradio.cat\/arqueobotanica-el-que-expliquen-les-llavors-antigues\/\" target=\"_blank\" rel=\"noopener\"><strong>Archaeobotany: looking for evidence in Ancient seeds<\/strong><\/a>. With Alexandra Livarda, Ram\u00f3n y Cajal researcher at the GIAP group (ICAC).<\/li>\n<\/ul>\n<ul>\n<li>Num. 96 (April 19, 2022).\u00a0<a href=\"https:\/\/www.tarragonaradio.cat\/andreu-munoz-recull-la-historia-de-sant-fructuos\/\" target=\"_blank\" rel=\"noopener\"><strong>Andreu Mu\u00f1oz recull la hist\u00f2ria de Sant Fructu\u00f3s<\/strong><\/a>. With ICAC associate researcher <a href=\"http:\/\/icac.cat\/en\/who-are-we\/staff\/amunoz\/\" target=\"_blank\" rel=\"noopener\">Andreu Mu\u00f1oz Melgar<\/a> (Biblical Tarraconense Museum).<\/li>\n<\/ul>\n<p><iframe loading=\"lazy\" title=\"YouTube video player\" src=\"https:\/\/www.youtube.com\/embed\/pZrGgZJryDA\" width=\"560\" height=\"315\" frameborder=\"0\" allowfullscreen=\"allowfullscreen\"><\/iframe><\/p>\n<ul>\n<li>Num. 95 (March 16, 2022). <a href=\"https:\/\/alacarta.tarragonaradio.cat\/embed\/podcast?id=tarragonaradio_podcast_29927&amp;mid=tarragonaradio_podcast_29927_podcastmarker_3\" target=\"_blank\" rel=\"noopener\"><strong>Answering bestial questions, with animal remains<\/strong><\/a>. With <a href=\"https:\/\/icac.cat\/en\/research\/research-teams\/landscape-archaeology-giap\/\" target=\"_blank\" rel=\"noopener\">GIAP<\/a> PhD researcher <a href=\"http:\/\/icac.cat\/en\/who-are-we\/staff\/abelgallego\/\" target=\"_blank\" rel=\"noopener\">Abel Gallego<\/a>, who is about to defend his <a href=\"https:\/\/icac.cat\/es\/difusio\/activitats-de-licac\/agenda\/lectura-de-tesi-doctoral-en-arqueozoologia-a-licac\/\" target=\"_blank\" rel=\"noopener\">doctoral thesis at the ICAC<\/a>, on archaeozoology and the study of livestock practices in the <em>tarraconensis<\/em> Roman province based on novel dental microwear analysis on ovicaprine molar remains.<\/li>\n<\/ul>\n<ul>\n<li>Num. 94 (February 16, 2022). <a href=\"https:\/\/alacarta.tarragonaradio.cat\/embed\/podcast?id=tarragonaradio_podcast_29683&amp;mid=tarragonaradio_podcast_29683_podcastmarker_3\" target=\"_blank\" rel=\"noopener\"><strong>Commemoration of 11F with knowledge transfer and dissemination actions<\/strong><\/a>. With postdoctoral associate researcher <a href=\"https:\/\/icac.cat\/qui-som\/personal\/mflorez_giap\/\" target=\"_blank\" rel=\"noopener\">Marta Fl\u00f3rez<\/a>\u00a0(<a href=\"https:\/\/icac.cat\/en\/research\/research-teams\/landscape-archaeology-giap\/\" target=\"_blank\" rel=\"noopener\">GIAP<\/a>) specialized in knowledge transfer of research, mediation projects for historical-archaeological and cultural heritage protection, and scientific education programs.<\/li>\n<\/ul>\n<ul>\n<li>Num. 93 (January 19, 2022). <a href=\"https:\/\/www.tarragonaradio.cat\/treure-de-la-foscor-el-paper-de-la-dona-en-lantiguitat\/\" target=\"_blank\" rel=\"noopener\"><strong>Sacar de la oscuridad el papel de la mujer en la antig\u00fcedad<\/strong><\/a>. With postdoctoral researcher <a href=\"https:\/\/icac.cat\/qui-som\/personal\/educe\/\" target=\"_blank\" rel=\"noopener\">Elena Duce<\/a>, expert on Ancient Culture study with a gender approach.<\/li>\n<\/ul>\n<ul>\n<li>Num. 92 (December 15, 2021). <a href=\"http:\/\/icac.cat\/difusio\/activitats-de-licac\/agenda\/toquem-pedra-3\/\"><strong>What was the tomb of the Egyptian priest Imephor like? <\/strong><\/a> <a href=\"https:\/\/icac.cat\/qui-som\/personal\/jpuche\/\" target=\"_blank\" rel=\"noopener\">Josep Maria Puche<\/a> talks about his participation in a rescue archaeological expedition (to prevent looting) in the small pharaonic necropolis of Kom el-Khamasin (Egypt). The expedition was led by a team from the Autonomous University of Barcelona (UAB) and the Antiquities Service of the Government of Egypt.<\/li>\n<\/ul>\n<ul>\n<li>Num. 91 (Nov, 17, 2021). <a href=\"https:\/\/www.tarragonaradio.cat\/toquem-pedra-descobert-laqueducte-primitiu-que-portava-aigua-a-tarraco\/\" target=\"_blank\" rel=\"noopener\"><strong>Els aq\u00fceductes romans de T\u00e0rraco<\/strong><\/a>. With Jordi L\u00f3pez, who exposes the latest advances in the research project he is leading on the Roman aqueducts of Tarraco, awarded the <a href=\"https:\/\/icac.cat\/es\/actualitat\/noticies\/2021\/el-proyecto-icac-sobre-los-acueductos-romanos-de-tarraco-recibe-el-xi-premio-tarraco\/\" target=\"_blank\" rel=\"noopener\">XI Tarraco Prize<\/a>.<\/li>\n<\/ul>\n<ul>\n<li>Num. 90 (Oct. 20, 2021). <a href=\"https:\/\/alacarta.tarragonaradio.cat\/embed\/podcast?id=tarragonaradio_podcast_28717&amp;mid=tarragonaradio_podcast_28717_podcastmarker_4\" target=\"_blank\" rel=\"noopener\"><strong>Los mensajes ocultos en los m\u00e1rmoles romanos<\/strong><\/a>. With <a href=\"https:\/\/icac.cat\/es\/quienes-somos\/personal\/dgorostidi\/\" target=\"_blank\" rel=\"noopener\">Diana Gorostidi<\/a> (URV-ICAC) and <a href=\"https:\/\/icac.cat\/es\/quienes-somos\/personal\/lgalan\/\" target=\"_blank\" rel=\"noopener\">Laura Gal\u00e1n<\/a>.<\/li>\n<\/ul>\n<p>&nbsp;<\/p>\n<hr \/>\n<h6>Season 2020-2021:<\/h6>\n<ul>\n<li>Num. 89 (July 27, 2021). <a href=\"https:\/\/www.tarragonaradio.cat\/toquem-pedra-programa-especial-desde-mas-dels-frares\/\" target=\"_blank\" rel=\"noopener\"><strong>Programa especial des de Mas dels Frares<\/strong><\/a>. With<a href=\"https:\/\/icac.cat\/qui-som\/personal\/jmmacias\/\"> Josep Maria Macias<\/a>, <a href=\"https:\/\/icac.cat\/qui-som\/personal\/kfortuny\/\">Karen Fortuny<\/a> y\u00a0<a href=\"https:\/\/icac.cat\/qui-som\/personal\/frodriguez\/\">Francesc Rodr\u00edguez<\/a>, ICAC researchers. And the participation of Fernando Zamora (Celler de Mas dels Frares de la URV); \u00d2scar S\u00e0nchez, mayor of Constant\u00ed City Council; and Clara Dalmau, sumiller at the Consell Regulador de la Denominaci\u00f3 d&#8217;Origen Catalunya.<\/li>\n<\/ul>\n<ul>\n<li>Num. 88 (June 22, 2021). <a href=\"https:\/\/alacarta.tarragonaradio.cat\/embed\/podcast?id=tarragonaradio_podcast_28112&amp;mid=tarragonaradio_podcast_28112_podcastmarker_1\" target=\"_blank\" rel=\"noopener\"><strong>Acc\u00e9s obert al coneixement de l&#8217;ICAC<\/strong><\/a>. With <a href=\"https:\/\/icac.cat\/qui-som\/personal\/lgil\/\">Lydia Gil<\/a>, officer at the Library of the ICAC.<\/li>\n<\/ul>\n<ul>\n<li>Num. 87 (May 22, 2021). <a href=\"https:\/\/www.tarragonaradio.cat\/amfores-icac-economia-passat\/\" target=\"_blank\" rel=\"noopener\"><strong>Les \u00e0mfores ens expliquen com treballaven els artesans fa milers d&#8217;anys<\/strong><\/a>. With <a href=\"https:\/\/icac.cat\/qui-som\/personal\/obourgeon\/\">Oriane Bourgeon<\/a>, postdoctoral researcher at ArPA research team.<\/li>\n<\/ul>\n<ul>\n<li>Num. 86 (April 13, 2021). <a href=\"https:\/\/www.tarragonaradio.cat\/toquem_pedra_maria_pastor_quiles_estudi_de_laarquitectura_antiga_en_arqueologia\/\" target=\"_blank\" rel=\"noopener\"><strong>L&#8217;estudi de l&#8217;arquitectura antiga en arqueologia<\/strong><\/a>. With Mar\u00eda Pastor, postdoctoral researcher at\u00a0 Protohistoric research team.<\/li>\n<\/ul>\n<ul>\n<li>Num. 85 (March 16, 2021). <a href=\"https:\/\/www.tarragonaradio.cat\/toquem_pedra_zooarqueologia_amb_lidia_colominas\/\" target=\"_blank\" rel=\"noopener\"><strong>La zooarqueologia<\/strong><\/a>. With <a href=\"https:\/\/icac.cat\/qui-som\/personal\/lcolominas\/\">L\u00eddia Colominas<\/a>, Ram\u00f3n y Cajal researcher at GIAP.<\/li>\n<\/ul>\n<ul>\n<li>Num. 84 (February 16, 2021). <a href=\"https:\/\/www.tarragonaradio.cat\/toquem_pedra_arqueologia_subaquatica\/\" target=\"_blank\" rel=\"noopener\"><strong>Arqueologia subaqu\u00e0tica<\/strong><\/a>. With <a href=\"https:\/\/icac.cat\/qui-som\/personal\/ecolom\/\">Enric Colom<\/a>, PhD researcher at Aecma research team.<\/li>\n<\/ul>\n<ul>\n<li>Num. 83 (January 20, 2021). <a href=\"https:\/\/www.tarragonaradio.cat\/toquem_pedra_laqueducte_del_gaia\/\" target=\"_blank\" rel=\"noopener\"><strong>L&#8217;aq\u00fceducte del Gai\u00e0<\/strong><\/a>. With <a href=\"https:\/\/icac.cat\/qui-som\/personal\/jlopez\/\">Jordi L\u00f3pez<\/a>, senior researcher at the ICAC.<\/li>\n<\/ul>\n<ul>\n<li>Num. 82 (December 23, 2020). <a href=\"https:\/\/www.tarragonaradio.cat\/toquem_pedra_concurs_odissea\/\" target=\"_blank\" rel=\"noopener\"><strong>Deu anys del concurs Odissea!<\/strong><\/a>. With Txell Blay, president of the<a href=\"http:\/\/aplec.cat\/\"> Associaci\u00f3 APLEC<\/a>, and <a href=\"https:\/\/icac.cat\/qui-som\/personal\/mlerga\/\">Maura Lerga<\/a>, Head of Communication and Publications at the ICAC.<\/li>\n<\/ul>\n<ul>\n<li>Num. 81 (November 25, 2020). <a href=\"https:\/\/www.tarragonaradio.cat\/toquem_pedra_especial_del_25n_des_de_la_placa_de_la_font_amb_licac\/\" target=\"_blank\" rel=\"noopener\"><strong>Especial 25N des de la pla\u00e7a de la Font de Tarragona<\/strong><\/a>. With <a href=\"https:\/\/icac.cat\/qui-som\/personal\/lgil\/\">Lydia Gil<\/a> and <a href=\"https:\/\/icac.cat\/qui-som\/personal\/mlerga\/\">Maura Lerga<\/a>, members of the <a href=\"http:\/\/comiteigualtat.icac.cat\/\">Equality Committee<\/a> of the ICAC. In the second part of the program, researchers <a href=\"https:\/\/icac.cat\/qui-som\/personal\/jmmacias\/\">Josep Maria Macias<\/a> and <a href=\"https:\/\/icac.cat\/qui-som\/personal\/kfortuny\/\">Karen Fortuny<\/a> talked about the archaeological site Ancient Valencia (Val\u00e8ncia \u201cla vella\u201d) and the book <a href=\"https:\/\/icac.cat\/serveis\/publicacions\/llibre\/recintos-fortificados-en-epoca-visigoda-historia-arquitectura-y-tecnica-constructiva\/\" target=\"_blank\" rel=\"noopener\">Recintos fortificados en \u00e9poca visigoda (Trama, 8)<\/a>.<\/li>\n<\/ul>\n<ul>\n<li>Num. 80 (October 28, 2020). <a href=\"https:\/\/www.tarragonaradio.cat\/toquem_pedra_nit_europea_del_patrimoni\/\" target=\"_blank\" rel=\"noopener\"><strong>Especial Nit Europea de la Recerca<\/strong><\/a>. With Ana Gallego, Montse Carta\u00f1\u00e0<strong>,<\/strong> Laia Pellej\u00e0 and Maria Jos\u00e9 Guilera.<\/li>\n<\/ul>\n<ul>\n<li>Num. 79 (September 30, 2020). <a href=\"https:\/\/www.tarragonaradio.cat\/toquem_pedra_parlem_amb_investigadores_de_diferents_generacions_disciplines_i_procedencies\/\" target=\"_blank\" rel=\"noopener\"><strong>Investigadores de diferents generacions, disciplines i proced\u00e8ncies, treballen plegades a l&#8217;equip ArPa de l&#8217;ICAC<\/strong><\/a>. With <a href=\"https:\/\/icac.cat\/qui-som\/personal\/agutierrez\/\">Anna Guti\u00e9rrez Garcia-Moreno<\/a>, <span lang=\"CA\" style=\"font-size: revert; color: initial;\">codirector of the Archaeometril Studies Unit; <\/span><a href=\"https:\/\/www.researchgate.net\/profile\/Isabelle-Pianet-2\">Isabelle Pianet<\/a><span style=\"font-size: revert; color: initial;\">, University of Bordeaux &#8211; CNRS; <\/span><span lang=\"CA\"><a href=\"https:\/\/icac.cat\/qui-som\/personal\/sperna\/\">Simona Perna<\/a>, MSC researcher at ArPA; and <\/span><span lang=\"CA\"><a href=\"https:\/\/icac.cat\/qui-som\/personal\/lgalan\/\">Laura Gal\u00e1n<\/a>, PhD researcher at ArPA.<\/span><\/li>\n<\/ul>\n<ul>\n<li>Num. 78 (August 26, 2020). <a href=\"https:\/\/www.tarragonaradio.cat\/toquem_pedra_els_aqueductes_romans_de_tarraco\/\" target=\"_blank\" rel=\"noopener\"><strong>Els aq\u00fceductes romans de T\u00e0rraco<\/strong><\/a>. With <a href=\"https:\/\/icac.cat\/qui-som\/personal\/jlopez\/\">Jordi L\u00f3pez<\/a>\u00a0and <a href=\"https:\/\/icac.cat\/qui-som\/personal\/jpuche\/\">Josep Maria Puche<\/a>.<\/li>\n<\/ul>\n<ul>\n<li>Num. 77 (July 29, 2020). <a href=\"https:\/\/www.tarragonaradio.cat\/toquem_pedra_la_villa_romana_del_mas_dels_frares\/\" target=\"_blank\" rel=\"noopener\"><strong>La vil\u00b7la romana de Mas dels Frares (Constant\u00ed, Tarragona)<\/strong><\/a>. With <a href=\"https:\/\/icac.cat\/qui-som\/personal\/jmmacias\/\">Josep Maria Macias<\/a>, <a href=\"https:\/\/icac.cat\/qui-som\/personal\/kfortuny\/\">Karen Fortuny<\/a>, <a href=\"https:\/\/icac.cat\/qui-som\/personal\/frodriguez\/\">Francesc Rodr\u00edguez<\/a> and <a href=\"https:\/\/icac.cat\/qui-som\/personal\/alasheras\/\">Ada Lasheras<\/a>.<\/li>\n<\/ul>\n<ul>\n<li>Num. 76 (June 26, 2020). <a href=\"https:\/\/www.tarragonaradio.cat\/toquem_pedra_el_programa_amb_licac_sobre_arqueologia_classica_torna_a_tarragona_radio\/\" target=\"_blank\" rel=\"noopener\"><strong>El programa Toquem Pedra torna a la graella de Tarragona R\u00e0dio!<\/strong><\/a>. With Josep Maria Palet, Alexandra Livarda and L\u00eddia Colominas, GIAP researchers.<\/li>\n<\/ul>\n<p><em>Related news:<\/em>\u00a0<a href=\"https:\/\/icac.cat\/es\/actualitat\/noticies\/2020\/tocando-piedra-vuelve-el-programa-de-divulgacion-sobre-arqueologia-clasica-en-tarragona-radio\/\" target=\"_blank\" rel=\"noopener\">\u201cTocando Piedra\u201d: vuelve el programa de divulgaci\u00f3n sobre arqueolog\u00eda cl\u00e1sica en Tarragona Radio<\/a>.<\/p>\n<p>&nbsp;<\/p>\n<p>&nbsp;<\/p>\n<p>&nbsp;<\/p>\n<p>&nbsp;<\/p>\n","protected":false},"excerpt":{"rendered":"<p>The radio show Toquem pedra! (\u201chands-on with stones\u201d in Catalan) on Classical Archaeology starts a new season on the Tarragona Radio grid. The program is conceived as a space for scientific dissemination on classical archeology based on the knowledge and research that we develop at the ICAC, with a special focus on the historical and [&hellip;]<\/p>\n","protected":false},"author":1,"featured_media":0,"parent":21350,"menu_order":44,"comment_status":"closed","ping_status":"closed","template":"","meta":{"_genesis_hide_title":false,"_genesis_hide_breadcrumbs":false,"_genesis_hide_singular_image":false,"_genesis_hide_footer_widgets":false,"_genesis_custom_body_class":"","_genesis_custom_post_class":"","_genesis_layout":""},"_links":{"self":[{"href":"https:\/\/icac.cat\/en\/wp-json\/wp\/v2\/pages\/21665"}],"collection":[{"href":"https:\/\/icac.cat\/en\/wp-json\/wp\/v2\/pages"}],"about":[{"href":"https:\/\/icac.cat\/en\/wp-json\/wp\/v2\/types\/page"}],"author":[{"embeddable":true,"href":"https:\/\/icac.cat\/en\/wp-json\/wp\/v2\/users\/1"}],"replies":[{"embeddable":true,"href":"https:\/\/icac.cat\/en\/wp-json\/wp\/v2\/comments?post=21665"}],"version-history":[{"count":5,"href":"https:\/\/icac.cat\/en\/wp-json\/wp\/v2\/pages\/21665\/revisions"}],"predecessor-version":[{"id":86185,"href":"https:\/\/icac.cat\/en\/wp-json\/wp\/v2\/pages\/21665\/revisions\/86185"}],"up":[{"embeddable":true,"href":"https:\/\/icac.cat\/en\/wp-json\/wp\/v2\/pages\/21350"}],"wp:attachment":[{"href":"https:\/\/icac.cat\/en\/wp-json\/wp\/v2\/media?parent=21665"}],"curies":[{"name":"wp","href":"https:\/\/api.w.org\/{rel}","templated":true}]}}