{"id":21793,"date":"2015-06-25T08:21:26","date_gmt":"2015-06-25T06:21:26","guid":{"rendered":"http:\/\/www.icac.cat\/en\/services\/archaeometric-studies-unit\/equip-i-contacte\/"},"modified":"2025-10-30T12:27:24","modified_gmt":"2025-10-30T11:27:24","slug":"team-and-contact","status":"publish","type":"page","link":"https:\/\/icac.cat\/en\/services\/archaeometric-studies-unit\/team-and-contact\/","title":{"rendered":"Team and contact"},"content":{"rendered":"<div class=\"highlight-block\">\n<p>Contact info:\u00a0<a href=\"mailto:uea@icac.cat\">uea@icac.cat<\/a><\/p>\n<\/div>\n<p>&nbsp;<\/p>\n<p><strong><a href=\"https:\/\/icac.cat\/en\/who-are-we\/staff\/agutierrez\/\">Anna Guti\u00e9rrez Garcia-Moreno<\/a><\/strong><br \/>\nArchaeologist. Director of the Archaeometric Studies Unit<br \/>\n<a href=\"mailto:agutierrez@icac.cat\">agutierrez@icac.cat<\/a><\/p>\n<p><strong><a href=\"http:\/\/icac.cat\/en\/who-are-we\/staff\/msavin\/\">Marie-Claire Savin<\/a><\/strong><br \/>\nArchaeologist and geologist. Senior Specialized Research Assistant and Head of the scientific platforms Lithic Materials and Microscopy<br \/>\n<a href=\"mailto:msavin@icac.cat\" target=\"_blank\" rel=\"noopener\">msavin@icac.cat<\/a><\/p>\n<p><strong><a href=\"http:\/\/icac.cat\/en\/who-are-we\/staff\/lgalan\/\" target=\"_blank\" rel=\"noopener\">Laura Gal\u00e1n Palomares<\/a><\/strong><br \/>\nArchaeologist. Post-doctoral researcher<br \/>\n<a href=\"mailto:lgalan@icac.cat\" target=\"_blank\" rel=\"noopener\">lgalan@icac.cat<\/a><\/p>\n<p><strong><a href=\"https:\/\/icac.cat\/en\/who-are-we\/staff\/iroda\/\">Isabel Rod\u00e0 de Llanza<\/a><\/strong><br \/>\nArchaeologist. Joint scientific director<\/p>\n<p><strong><a href=\"https:\/\/icac.cat\/en\/who-are-we\/staff\/aalvarez\/\">Aureli \u00c0lvarez P\u00e9rez<\/a><\/strong><br \/>\nGeologist. Joint scientific director<\/p>\n<p><strong><a href=\"http:\/\/icac.cat\/en\/who-are-we\/staff\/plapuente\/\" target=\"_blank\" rel=\"noopener\">Pilar Lapuente Mercadal<\/a><\/strong><br \/>\nGeologist. Scientific collaborator associate<\/p>\n<p>&nbsp;<\/p>\n","protected":false},"excerpt":{"rendered":"<p>Contact info:\u00a0uea@icac.cat &nbsp; Anna Guti\u00e9rrez Garcia-Moreno Archaeologist. Director of the Archaeometric Studies Unit agutierrez@icac.cat Marie-Claire Savin Archaeologist and geologist. Senior Specialized Research Assistant and Head of the scientific platforms Lithic Materials and Microscopy msavin@icac.cat Laura Gal\u00e1n Palomares Archaeologist. Post-doctoral researcher lgalan@icac.cat Isabel Rod\u00e0 de Llanza Archaeologist. Joint scientific director Aureli \u00c0lvarez P\u00e9rez Geologist. Joint scientific [&hellip;]<\/p>\n","protected":false},"author":1,"featured_media":0,"parent":21677,"menu_order":5,"comment_status":"closed","ping_status":"closed","template":"","meta":{"_genesis_hide_title":false,"_genesis_hide_breadcrumbs":false,"_genesis_hide_singular_image":false,"_genesis_hide_footer_widgets":false,"_genesis_custom_body_class":"","_genesis_custom_post_class":"","_genesis_layout":""},"_links":{"self":[{"href":"https:\/\/icac.cat\/en\/wp-json\/wp\/v2\/pages\/21793"}],"collection":[{"href":"https:\/\/icac.cat\/en\/wp-json\/wp\/v2\/pages"}],"about":[{"href":"https:\/\/icac.cat\/en\/wp-json\/wp\/v2\/types\/page"}],"author":[{"embeddable":true,"href":"https:\/\/icac.cat\/en\/wp-json\/wp\/v2\/users\/1"}],"replies":[{"embeddable":true,"href":"https:\/\/icac.cat\/en\/wp-json\/wp\/v2\/comments?post=21793"}],"version-history":[{"count":7,"href":"https:\/\/icac.cat\/en\/wp-json\/wp\/v2\/pages\/21793\/revisions"}],"predecessor-version":[{"id":103067,"href":"https:\/\/icac.cat\/en\/wp-json\/wp\/v2\/pages\/21793\/revisions\/103067"}],"up":[{"embeddable":true,"href":"https:\/\/icac.cat\/en\/wp-json\/wp\/v2\/pages\/21677"}],"wp:attachment":[{"href":"https:\/\/icac.cat\/en\/wp-json\/wp\/v2\/media?parent=21793"}],"curies":[{"name":"wp","href":"https:\/\/api.w.org\/{rel}","templated":true}]}}