{"id":21800,"date":"2015-06-25T08:20:16","date_gmt":"2015-06-25T06:20:16","guid":{"rendered":"http:\/\/www.icac.cat\/en\/services\/archaeometric-studies-unit\/treballs\/"},"modified":"2025-10-30T12:42:22","modified_gmt":"2025-10-30T11:42:22","slug":"projects","status":"publish","type":"page","link":"https:\/\/icac.cat\/en\/services\/archaeometric-studies-unit\/projects\/","title":{"rendered":"Projects"},"content":{"rendered":"<p>The Archaeometric Studies Unit (UEA) develops <strong>characterisation projects of marbles and other rocks<\/strong>.<\/p>\n<p style=\"padding-left: 40px\"><a class=\"icona-pdf\" href=\"https:\/\/icac.cat\/wp-content\/uploads\/2022\/04\/UEA_ICAC_2022_resum-treballs-rellevants.pdf\" target=\"_blank\" rel=\"noopener\">List of UEA most recent projects<\/a><\/p>\n<hr \/>\n<p>UEA projects follow an <strong>analytical protocol for the archaeometry study of marbles<\/strong>, set up with the Department of Earth Sciences of the University of Zaragoza, together with a reference bibliography.<\/p>\n<p style=\"padding-left: 40px\"><a class=\"icona-pdf\" href=\"https:\/\/icac.cat\/wp-content\/uploads\/2022\/04\/Protocolo-UEA_ICAC_UNIZAR_2022.pdf\" target=\"_blank\" rel=\"noopener\">Estudio arqueom\u00e9trico de m\u00e1rmoles. Protocolo anal\u00edtico empleado, ICAC-UNIZAR, 2022<\/a><\/p>\n<hr \/>\n<h6>UEA abroad!<\/h6>\n<p>You can check on this map the locations where the UEA has carried out a project:<br \/>\n<img loading=\"lazy\" src=\"https:\/\/icac.cat\/wp-content\/uploads\/2025\/10\/imatge-Treballs-UEA-1024x602.jpg\" alt=\"\" width=\"790\" height=\"464\" class=\"aligncenter size-large wp-image-103077\" srcset=\"https:\/\/icac.cat\/wp-content\/uploads\/2025\/10\/imatge-Treballs-UEA-1024x602.jpg 1024w, https:\/\/icac.cat\/wp-content\/uploads\/2025\/10\/imatge-Treballs-UEA-400x235.jpg 400w, https:\/\/icac.cat\/wp-content\/uploads\/2025\/10\/imatge-Treballs-UEA-768x451.jpg 768w, https:\/\/icac.cat\/wp-content\/uploads\/2025\/10\/imatge-Treballs-UEA-1536x902.jpg 1536w, https:\/\/icac.cat\/wp-content\/uploads\/2025\/10\/imatge-Treballs-UEA.jpg 1600w\" sizes=\"(max-width: 790px) 100vw, 790px\" \/><br \/>\n<a href=\"https:\/\/www.instamaps.cat\/instavisor\/83afe1b1c345d50e78abcc8adc26a331\/Treballs_UEA.html\">link to map<\/a><\/p>\n<p>&nbsp;<\/p>\n","protected":false},"excerpt":{"rendered":"<p>The Archaeometric Studies Unit (UEA) develops characterisation projects of marbles and other rocks. List of UEA most recent projects UEA projects follow an analytical protocol for the archaeometry study of marbles, set up with the Department of Earth Sciences of the University of Zaragoza, together with a reference bibliography. Estudio arqueom\u00e9trico de m\u00e1rmoles. Protocolo anal\u00edtico [&hellip;]<\/p>\n","protected":false},"author":1,"featured_media":0,"parent":21677,"menu_order":3,"comment_status":"closed","ping_status":"closed","template":"","meta":{"_genesis_hide_title":false,"_genesis_hide_breadcrumbs":false,"_genesis_hide_singular_image":false,"_genesis_hide_footer_widgets":false,"_genesis_custom_body_class":"","_genesis_custom_post_class":"","_genesis_layout":""},"_links":{"self":[{"href":"https:\/\/icac.cat\/en\/wp-json\/wp\/v2\/pages\/21800"}],"collection":[{"href":"https:\/\/icac.cat\/en\/wp-json\/wp\/v2\/pages"}],"about":[{"href":"https:\/\/icac.cat\/en\/wp-json\/wp\/v2\/types\/page"}],"author":[{"embeddable":true,"href":"https:\/\/icac.cat\/en\/wp-json\/wp\/v2\/users\/1"}],"replies":[{"embeddable":true,"href":"https:\/\/icac.cat\/en\/wp-json\/wp\/v2\/comments?post=21800"}],"version-history":[{"count":6,"href":"https:\/\/icac.cat\/en\/wp-json\/wp\/v2\/pages\/21800\/revisions"}],"predecessor-version":[{"id":103086,"href":"https:\/\/icac.cat\/en\/wp-json\/wp\/v2\/pages\/21800\/revisions\/103086"}],"up":[{"embeddable":true,"href":"https:\/\/icac.cat\/en\/wp-json\/wp\/v2\/pages\/21677"}],"wp:attachment":[{"href":"https:\/\/icac.cat\/en\/wp-json\/wp\/v2\/media?parent=21800"}],"curies":[{"name":"wp","href":"https:\/\/api.w.org\/{rel}","templated":true}]}}