{"id":21805,"date":"2015-06-25T08:19:23","date_gmt":"2015-06-25T06:19:23","guid":{"rendered":"http:\/\/www.icac.cat\/en\/services\/archaeometric-studies-unit\/presentacio\/"},"modified":"2022-04-21T07:50:32","modified_gmt":"2022-04-21T05:50:32","slug":"presentation","status":"publish","type":"page","link":"https:\/\/icac.cat\/en\/services\/archaeometric-studies-unit\/presentation\/","title":{"rendered":"Presentation"},"content":{"rendered":"<p>The Archaeometric Studies Unit\u2019s work is divided into three main areas:<\/p>\n<p><strong>a. Research support<\/strong><\/p>\n<p>This is the main objective and it is designed to support archaeologists and offer its services to public institutions, both nationally and abroad, and to private companies related to heritage management, archaeology, and restoration.<\/p>\n<p><strong>b. Research\u00a0 and innovation<\/strong><\/p>\n<p>The Archaeometric Studies Unit (UEA, for its acronym in Catalan: &#8220;<strong>U<\/strong>nitat d&#8217;<strong>E<\/strong>studis <strong>A<\/strong>rqueom\u00e8trics&#8221;) also undertakes research projects related to its area of competence in order to provide a better knowledge of the inorganic materials from antiquity or to complete its reference collections. Unit&#8217;s research is specialised in the study of stone materials.<\/p>\n<p>The UEA also works on the optimisation of analytical techniques in their application to archaeological finds and the testing of new techniques to assess their archaeometry usefulness and performance.<\/p>\n<p><strong>c. Training<\/strong><\/p>\n<p>The UEA habitually participates in advanced training through a series of specialised courses related to archaeometry techniques.<\/p>\n<div data-carousel-extra='{\"blog_id\":1,\"permalink\":\"https:\\\/\\\/icac.cat\\\/en\\\/services\\\/archaeometric-studies-unit\\\/presentation\\\/\"}' class=\"tiled-gallery type-circle\" data-original-width=\"790\"><div class=\"tiled-gallery-item\"><a border=\"0\" href=\"https:\/\/icac.cat\/en\/services\/archaeometric-studies-unit\/presentation\/uea-2022_foto-galeria-1_anna-3-2\/\"><img data-attachment-id=\"76867\" data-orig-file=\"https:\/\/icac.cat\/wp-content\/uploads\/2022\/03\/UEA-2022_foto-galeria-1_Anna-3-scaled.jpg\" data-orig-size=\"2560,1707\" data-comments-opened=\"0\" data-image-meta=\"{&quot;aperture&quot;:&quot;0&quot;,&quot;credit&quot;:&quot;&quot;,&quot;camera&quot;:&quot;&quot;,&quot;caption&quot;:&quot;&quot;,&quot;created_timestamp&quot;:&quot;0&quot;,&quot;copyright&quot;:&quot;&quot;,&quot;focal_length&quot;:&quot;0&quot;,&quot;iso&quot;:&quot;0&quot;,&quot;shutter_speed&quot;:&quot;0&quot;,&quot;title&quot;:&quot;&quot;,&quot;orientation&quot;:&quot;0&quot;}\" data-image-title=\"UEA 2022_foto galeria 1_Anna 3\" data-image-description=\"\" data-medium-file=\"https:\/\/icac.cat\/wp-content\/uploads\/2022\/03\/UEA-2022_foto-galeria-1_Anna-3-400x267.jpg\" data-large-file=\"https:\/\/icac.cat\/wp-content\/uploads\/2022\/03\/UEA-2022_foto-galeria-1_Anna-3-1024x683.jpg\" style=\"margin: 2px\" src=\"https:\/\/icac.cat\/wp-content\/uploads\/2022\/03\/UEA-2022_foto-galeria-1_Anna-3-scaled-784x784.jpg\" width=784 height=784 title=\"UEA 2022_foto galeria 1_Anna 3\" \/><\/a><\/div><div class=\"tiled-gallery-item\"><a border=\"0\" href=\"https:\/\/icac.cat\/en\/services\/archaeometric-studies-unit\/presentation\/uea-2022_foto-galeria-1_isabel-2\/\"><img data-attachment-id=\"76870\" data-orig-file=\"https:\/\/icac.cat\/wp-content\/uploads\/2022\/03\/UEA-2022_foto-galeria-1_Isabel.jpg\" data-orig-size=\"576,384\" data-comments-opened=\"0\" data-image-meta=\"{&quot;aperture&quot;:&quot;0&quot;,&quot;credit&quot;:&quot;&quot;,&quot;camera&quot;:&quot;&quot;,&quot;caption&quot;:&quot;&quot;,&quot;created_timestamp&quot;:&quot;0&quot;,&quot;copyright&quot;:&quot;&quot;,&quot;focal_length&quot;:&quot;0&quot;,&quot;iso&quot;:&quot;0&quot;,&quot;shutter_speed&quot;:&quot;0&quot;,&quot;title&quot;:&quot;&quot;,&quot;orientation&quot;:&quot;0&quot;}\" data-image-title=\"UEA 2022_foto galeria 1_Isabel\" data-image-description=\"\" data-medium-file=\"https:\/\/icac.cat\/wp-content\/uploads\/2022\/03\/UEA-2022_foto-galeria-1_Isabel-400x267.jpg\" data-large-file=\"https:\/\/icac.cat\/wp-content\/uploads\/2022\/03\/UEA-2022_foto-galeria-1_Isabel.jpg\" style=\"margin: 2px\" src=\"https:\/\/icac.cat\/wp-content\/uploads\/2022\/03\/UEA-2022_foto-galeria-1_Isabel-259x259.jpg\" width=259 height=259 title=\"UEA 2022_foto galeria 1_Isabel\" \/><\/a><\/div><div class=\"tiled-gallery-item\"><a border=\"0\" href=\"https:\/\/icac.cat\/en\/services\/archaeometric-studies-unit\/presentation\/uea-2022_foto-galeria-2_pilar-2\/\"><img data-attachment-id=\"76873\" data-orig-file=\"https:\/\/icac.cat\/wp-content\/uploads\/2022\/03\/UEA-2022_foto-galeria-2_Pilar.jpg\" data-orig-size=\"400,300\" data-comments-opened=\"0\" data-image-meta=\"{&quot;aperture&quot;:&quot;0&quot;,&quot;credit&quot;:&quot;&quot;,&quot;camera&quot;:&quot;&quot;,&quot;caption&quot;:&quot;&quot;,&quot;created_timestamp&quot;:&quot;0&quot;,&quot;copyright&quot;:&quot;&quot;,&quot;focal_length&quot;:&quot;0&quot;,&quot;iso&quot;:&quot;0&quot;,&quot;shutter_speed&quot;:&quot;0&quot;,&quot;title&quot;:&quot;&quot;,&quot;orientation&quot;:&quot;0&quot;}\" data-image-title=\"UEA 2022_foto galeria 2_Pilar\" data-image-description=\"\" data-medium-file=\"https:\/\/icac.cat\/wp-content\/uploads\/2022\/03\/UEA-2022_foto-galeria-2_Pilar.jpg\" data-large-file=\"https:\/\/icac.cat\/wp-content\/uploads\/2022\/03\/UEA-2022_foto-galeria-2_Pilar.jpg\" style=\"margin: 2px\" src=\"https:\/\/icac.cat\/wp-content\/uploads\/2022\/03\/UEA-2022_foto-galeria-2_Pilar-259x259.jpg\" width=259 height=259 title=\"UEA 2022_foto galeria 2_Pilar\" \/><\/a><\/div><div class=\"tiled-gallery-item\"><a border=\"0\" href=\"https:\/\/icac.cat\/en\/services\/archaeometric-studies-unit\/presentation\/uea-2022_foto-galeria-1_aureli-2\/\"><img data-attachment-id=\"76876\" data-orig-file=\"https:\/\/icac.cat\/wp-content\/uploads\/2022\/03\/UEA-2022_foto-galeria-1_Aureli.jpg\" data-orig-size=\"390,390\" data-comments-opened=\"0\" data-image-meta=\"{&quot;aperture&quot;:&quot;0&quot;,&quot;credit&quot;:&quot;&quot;,&quot;camera&quot;:&quot;&quot;,&quot;caption&quot;:&quot;&quot;,&quot;created_timestamp&quot;:&quot;0&quot;,&quot;copyright&quot;:&quot;&quot;,&quot;focal_length&quot;:&quot;0&quot;,&quot;iso&quot;:&quot;0&quot;,&quot;shutter_speed&quot;:&quot;0&quot;,&quot;title&quot;:&quot;&quot;,&quot;orientation&quot;:&quot;0&quot;}\" data-image-title=\"UEA 2022_foto galeria 1_Aureli\" data-image-description=\"\" data-medium-file=\"https:\/\/icac.cat\/wp-content\/uploads\/2022\/03\/UEA-2022_foto-galeria-1_Aureli.jpg\" data-large-file=\"https:\/\/icac.cat\/wp-content\/uploads\/2022\/03\/UEA-2022_foto-galeria-1_Aureli.jpg\" style=\"margin: 2px\" src=\"https:\/\/icac.cat\/wp-content\/uploads\/2022\/03\/UEA-2022_foto-galeria-1_Aureli-259x259.jpg\" width=259 height=259 title=\"UEA 2022_foto galeria 1_Aureli\" \/><\/a><\/div><\/div>\n<h5>The history of the Unit<\/h5>\n<p><strong>The Archaeometric Studies Unit was born in 2005 with the objective to apply analytical techniques in inorganic archaeological materials<\/strong> (mainly ornamental rocks, but also including studies of construction materials, ceramics and metals) and to provide an archaeological interpretation of the results.<\/p>\n<p>Previous to the creation of the Archaeometric Studies Unit, in the late 70s Drs. Aureli \u00c0lvarez and Isabel Rod\u00e0 began a collaboration between geology and archaeology. Then, in the 90s the <strong>Laboratory for the Study of Stone Materials in Antiquity (LEMLA)<\/strong> was created, located in the Faculty of Philosophy and Arts at the Autonomous University of Barcelona (UAB).<\/p>\n<p>In 2002 the Catalan Institute of Classical Archaeology (ICAC) was founded in Tarragona. At this institution, the Archaeometric Studies Unit was created in 2005. It was in 2006 when was made an agreement between UAB and ICAC. This agreement boosted the joined archaeometric studies between teams from several institutions.<\/p>\n<p><img loading=\"lazy\" class=\"aligncenter size-full wp-image-77203\" src=\"https:\/\/icac.cat\/wp-content\/uploads\/2022\/04\/UEA_actualitzacio-2022_cronograma-EN.png\" alt=\"\" width=\"800\" height=\"251\" srcset=\"https:\/\/icac.cat\/wp-content\/uploads\/2022\/04\/UEA_actualitzacio-2022_cronograma-EN.png 800w, https:\/\/icac.cat\/wp-content\/uploads\/2022\/04\/UEA_actualitzacio-2022_cronograma-EN-400x126.png 400w, https:\/\/icac.cat\/wp-content\/uploads\/2022\/04\/UEA_actualitzacio-2022_cronograma-EN-768x241.png 768w\" sizes=\"(max-width: 800px) 100vw, 800px\" \/><\/p>\n<p>In 2009, the ICAC hosted the <strong>ASMOSIA IX International Conference<\/strong>, which allowed the Unit to show the large number of studies that have been developed in the Iberian Peninsula and to consolidate its lines of research. This meeting was indeed a turning point in ancient stone research in Spain.<\/p>\n<p>&nbsp;<\/p>\n<div data-carousel-extra='{\"blog_id\":1,\"permalink\":\"https:\\\/\\\/icac.cat\\\/en\\\/services\\\/archaeometric-studies-unit\\\/presentation\\\/\"}' class=\"tiled-gallery type-square\" data-original-width=\"790\"><div class=\"tiled-gallery-item\"><a border=\"0\" href=\"https:\/\/icac.cat\/en\/services\/archaeometric-studies-unit\/presentation\/uea-2022_galeria-2_asmosia-1-2\/\"><img data-attachment-id=\"76879\" data-orig-file=\"https:\/\/icac.cat\/wp-content\/uploads\/2022\/03\/UEA-2022_galeria-2_Asmosia-1-scaled.jpg\" data-orig-size=\"2560,1920\" data-comments-opened=\"0\" data-image-meta=\"{&quot;aperture&quot;:&quot;0&quot;,&quot;credit&quot;:&quot;&quot;,&quot;camera&quot;:&quot;&quot;,&quot;caption&quot;:&quot;&quot;,&quot;created_timestamp&quot;:&quot;0&quot;,&quot;copyright&quot;:&quot;&quot;,&quot;focal_length&quot;:&quot;0&quot;,&quot;iso&quot;:&quot;0&quot;,&quot;shutter_speed&quot;:&quot;0&quot;,&quot;title&quot;:&quot;&quot;,&quot;orientation&quot;:&quot;0&quot;}\" data-image-title=\"UEA 2022_galeria 2_Asmosia 1\" data-image-description=\"\" data-medium-file=\"https:\/\/icac.cat\/wp-content\/uploads\/2022\/03\/UEA-2022_galeria-2_Asmosia-1-400x300.jpg\" data-large-file=\"https:\/\/icac.cat\/wp-content\/uploads\/2022\/03\/UEA-2022_galeria-2_Asmosia-1-1024x768.jpg\" style=\"margin: 2px\" src=\"https:\/\/icac.cat\/wp-content\/uploads\/2022\/03\/UEA-2022_galeria-2_Asmosia-1-scaled-259x259.jpg\" width=259 height=259 title=\"UEA 2022_galeria 2_Asmosia 1\" \/><\/a><\/div><div class=\"tiled-gallery-item\"><a border=\"0\" href=\"https:\/\/icac.cat\/en\/services\/archaeometric-studies-unit\/presentation\/uea-2022_galeria-2_asmosia-2-2\/\"><img data-attachment-id=\"76882\" data-orig-file=\"https:\/\/icac.cat\/wp-content\/uploads\/2022\/03\/UEA-2022_galeria-2_Asmosia-2-scaled.jpg\" data-orig-size=\"2560,1920\" data-comments-opened=\"0\" data-image-meta=\"{&quot;aperture&quot;:&quot;0&quot;,&quot;credit&quot;:&quot;&quot;,&quot;camera&quot;:&quot;&quot;,&quot;caption&quot;:&quot;&quot;,&quot;created_timestamp&quot;:&quot;0&quot;,&quot;copyright&quot;:&quot;&quot;,&quot;focal_length&quot;:&quot;0&quot;,&quot;iso&quot;:&quot;0&quot;,&quot;shutter_speed&quot;:&quot;0&quot;,&quot;title&quot;:&quot;&quot;,&quot;orientation&quot;:&quot;0&quot;}\" data-image-title=\"UEA 2022_galeria 2_Asmosia 2\" data-image-description=\"\" data-medium-file=\"https:\/\/icac.cat\/wp-content\/uploads\/2022\/03\/UEA-2022_galeria-2_Asmosia-2-400x300.jpg\" data-large-file=\"https:\/\/icac.cat\/wp-content\/uploads\/2022\/03\/UEA-2022_galeria-2_Asmosia-2-1024x768.jpg\" style=\"margin: 2px\" src=\"https:\/\/icac.cat\/wp-content\/uploads\/2022\/03\/UEA-2022_galeria-2_Asmosia-2-scaled-259x259.jpg\" width=259 height=259 title=\"UEA 2022_galeria 2_Asmosia 2\" \/><\/a><\/div><div class=\"tiled-gallery-item\"><a border=\"0\" href=\"https:\/\/icac.cat\/en\/services\/archaeometric-studies-unit\/presentation\/uea-2022_galeria-2_asmosia-3-2\/\"><img data-attachment-id=\"76885\" data-orig-file=\"https:\/\/icac.cat\/wp-content\/uploads\/2022\/03\/UEA-2022_galeria-2_Asmosia-3-scaled.jpg\" data-orig-size=\"2560,1920\" data-comments-opened=\"0\" data-image-meta=\"{&quot;aperture&quot;:&quot;0&quot;,&quot;credit&quot;:&quot;&quot;,&quot;camera&quot;:&quot;&quot;,&quot;caption&quot;:&quot;&quot;,&quot;created_timestamp&quot;:&quot;0&quot;,&quot;copyright&quot;:&quot;&quot;,&quot;focal_length&quot;:&quot;0&quot;,&quot;iso&quot;:&quot;0&quot;,&quot;shutter_speed&quot;:&quot;0&quot;,&quot;title&quot;:&quot;&quot;,&quot;orientation&quot;:&quot;0&quot;}\" data-image-title=\"UEA 2022_galeria 2_Asmosia 3\" data-image-description=\"\" data-medium-file=\"https:\/\/icac.cat\/wp-content\/uploads\/2022\/03\/UEA-2022_galeria-2_Asmosia-3-400x300.jpg\" data-large-file=\"https:\/\/icac.cat\/wp-content\/uploads\/2022\/03\/UEA-2022_galeria-2_Asmosia-3-1024x768.jpg\" style=\"margin: 2px\" src=\"https:\/\/icac.cat\/wp-content\/uploads\/2022\/03\/UEA-2022_galeria-2_Asmosia-3-scaled-259x259.jpg\" width=259 height=259 title=\"UEA 2022_galeria 2_Asmosia 3\" \/><\/a><\/div><\/div>\n<p>Besides the publication of several papers in academic journals, the efforts have allowed the UEA to publish some books:<\/p>\n<ul>\n<li><a href=\"https:\/\/icac.cat\/serveis\/publicacions\/llibre\/lapidum-natura-restat\/\" target=\"_blank\" rel=\"noopener\"><em>Lapidum natura restat. Canteras antiguas de la pen\u00ednsula ib\u00e9rica en su contexto (cronolog\u00eda, t\u00e9cnicas y organizaci\u00f3n de la explotaci\u00f3n)<\/em><\/a>, Anna Guti\u00e9rrez Garcia-Moreno &amp; Pierre Rouillard (editors), ICAC, Documenta 31, 2019.<\/li>\n<li><em><a href=\"https:\/\/icac.cat\/serveis\/publicacions\/llibre\/interdisciplinary-studies-on-ancient-stone-proceedings-of-the-ix-asmosia-conference-tarragona-2009\/\" target=\"_blank\" rel=\"noopener\">Interdisciplinary Studies on Ancient Stone.<\/a> Proceedings of the IX ASMOSIA Conference (Tarragona 2009)<\/em>; Anna Guti\u00e9rrez Garcia-Moreno, Pilar Lapuente &amp; Isabel Rod\u00e0 (editors), ICAC, Documenta 23, 2012.<\/li>\n<li><a href=\"https:\/\/icac.cat\/serveis\/publicacions\/llibre\/roman-quarries-in-the-northeast-of-hispania-modern-catalonia\/\" target=\"_blank\" rel=\"noopener\"><em>Roman Quarries in the Northeast of Hispania (Modern Catalonia)<\/em><\/a>, Anna Guti\u00e9rrez Garc\u00eda-Moreno, ICAC, Documenta 10, 2010.<\/li>\n<li><a href=\"https:\/\/icac.cat\/serveis\/publicacions\/llibre\/el-marmor-de-tarraco-explotacio-utilizacio-i-comercialitzacio-de-la-pedra-de-santa-tecla-en-epoca-romana-the-quarrying-use-and-trade-of-santa-tecla-stone-in-roman-times\/\" target=\"_blank\" rel=\"noopener\"><em>El marmor de Tarraco. Explotaci\u00f3, utilizaci\u00f3 i comercialitzaci\u00f3 de la pedra de Santa Tecla en \u00e8poca romana \/ \/ Tarraco Marmor. The Quarrying, Use and Trade of Santa Tecla Stone in Roman Times<\/em><\/a>; Aureli \u00c0lv\u00e0rez, Virginia Garc\u00eda-Entero, Anna Guti\u00e9rrez Garcia-Moreno &amp; Isabel Rod\u00e0; ICAC, Hic et Nunc 6, 2009.<\/li>\n<\/ul>\n<div data-carousel-extra='{\"blog_id\":1,\"permalink\":\"https:\\\/\\\/icac.cat\\\/en\\\/services\\\/archaeometric-studies-unit\\\/presentation\\\/\"}' class=\"tiled-gallery type-rectangular\" data-original-width=\"790\"><div class=\"gallery-row\" style=\"width: 785px; height: 270px;\"><div class=\"gallery-group images-1\" style=\"width: 195px; height: 274px;\"><div class=\"tiled-gallery-item tiled-gallery-item-small\"><a href=\"https:\/\/icac.cat\/en\/archeonea\/archeonea-086-cat\/lapidum-natura-restat_coberta-2\/\"><img data-attachment-id=\"68459\" data-orig-file=\"https:\/\/icac.cat\/wp-content\/uploads\/2018\/12\/Lapidum-Natura-Restat_coberta.jpg\" data-orig-size=\"2480,3507\" data-comments-opened=\"0\" data-image-meta=\"{&quot;aperture&quot;:&quot;0&quot;,&quot;credit&quot;:&quot;&quot;,&quot;camera&quot;:&quot;&quot;,&quot;caption&quot;:&quot;&quot;,&quot;created_timestamp&quot;:&quot;0&quot;,&quot;copyright&quot;:&quot;&quot;,&quot;focal_length&quot;:&quot;0&quot;,&quot;iso&quot;:&quot;0&quot;,&quot;shutter_speed&quot;:&quot;0&quot;,&quot;title&quot;:&quot;&quot;,&quot;orientation&quot;:&quot;0&quot;}\" data-image-title=\"Lapidum Natura Restat_coberta\" data-image-description=\"\" data-medium-file=\"https:\/\/icac.cat\/wp-content\/uploads\/2018\/12\/Lapidum-Natura-Restat_coberta-400x566.jpg\" data-large-file=\"https:\/\/icac.cat\/wp-content\/uploads\/2018\/12\/Lapidum-Natura-Restat_coberta-724x1024.jpg\" src=\"https:\/\/icac.cat\/wp-content\/uploads\/2018\/12\/Lapidum-Natura-Restat_coberta-191x270.jpg\" width=\"191\" height=\"270\" align=\"left\" title=\"Lapidum Natura Restat_coberta\" \/><\/a><div class=\"tiled-gallery-caption\">Lapidum natura restat (2018)<\/div><\/div><\/div><div class=\"gallery-group images-1\" style=\"width: 199px; height: 274px;\"><div class=\"tiled-gallery-item tiled-gallery-item-small\"><a href=\"https:\/\/icac.cat\/en\/serveis\/publicacions\/llibre\/interdisciplinary-studies-on-ancient-stone-proceedings-of-the-ix-asmosia-conference-tarragona-2009\/53-65-jpg-2\/\"><img data-attachment-id=\"63293\" data-orig-file=\"https:\/\/icac.cat\/wp-content\/uploads\/2015\/07\/53.65.jpg\" data-orig-size=\"350,485\" data-comments-opened=\"0\" data-image-meta=\"{&quot;aperture&quot;:&quot;0&quot;,&quot;credit&quot;:&quot;&quot;,&quot;camera&quot;:&quot;&quot;,&quot;caption&quot;:&quot;&quot;,&quot;created_timestamp&quot;:&quot;0&quot;,&quot;copyright&quot;:&quot;&quot;,&quot;focal_length&quot;:&quot;0&quot;,&quot;iso&quot;:&quot;0&quot;,&quot;shutter_speed&quot;:&quot;0&quot;,&quot;title&quot;:&quot;&quot;,&quot;orientation&quot;:&quot;0&quot;}\" data-image-title=\"53.65.jpg\" data-image-description=\"\" data-medium-file=\"https:\/\/icac.cat\/wp-content\/uploads\/2015\/07\/53.65-216x300.jpg\" data-large-file=\"https:\/\/icac.cat\/wp-content\/uploads\/2015\/07\/53.65.jpg\" src=\"https:\/\/icac.cat\/wp-content\/uploads\/2015\/07\/53.65-195x270.jpg\" width=\"195\" height=\"270\" align=\"left\" title=\"53.65.jpg\" \/><\/a><div class=\"tiled-gallery-caption\">Interdisciplinary Studies on Ancient Stone\nProceedings of the IX ASMOSIA Conference (Tarragona 2009)<\/div><\/div><\/div><div class=\"gallery-group images-1\" style=\"width: 196px; height: 274px;\"><div class=\"tiled-gallery-item tiled-gallery-item-small\"><a href=\"https:\/\/icac.cat\/en\/serveis\/publicacions\/llibre\/roman-quarries-in-the-northeast-of-hispania-modern-catalonia\/53-34-jpg-2\/\"><img data-attachment-id=\"63369\" data-orig-file=\"https:\/\/icac.cat\/wp-content\/uploads\/2015\/07\/53.34.jpg\" data-orig-size=\"566,800\" data-comments-opened=\"0\" data-image-meta=\"{&quot;aperture&quot;:&quot;0&quot;,&quot;credit&quot;:&quot;&quot;,&quot;camera&quot;:&quot;&quot;,&quot;caption&quot;:&quot;&quot;,&quot;created_timestamp&quot;:&quot;0&quot;,&quot;copyright&quot;:&quot;&quot;,&quot;focal_length&quot;:&quot;0&quot;,&quot;iso&quot;:&quot;0&quot;,&quot;shutter_speed&quot;:&quot;0&quot;,&quot;title&quot;:&quot;&quot;,&quot;orientation&quot;:&quot;0&quot;}\" data-image-title=\"53.34.jpg\" data-image-description=\"\" data-medium-file=\"https:\/\/icac.cat\/wp-content\/uploads\/2015\/07\/53.34-212x300.jpg\" data-large-file=\"https:\/\/icac.cat\/wp-content\/uploads\/2015\/07\/53.34.jpg\" src=\"https:\/\/icac.cat\/wp-content\/uploads\/2015\/07\/53.34-192x270.jpg\" width=\"192\" height=\"270\" align=\"left\" title=\"53.34.jpg\" \/><\/a><div class=\"tiled-gallery-caption\">Roman Quarries in the Northeast of Hispania (Modern Catalonia), 2009<\/div><\/div><\/div><div class=\"gallery-group images-1\" style=\"width: 195px; height: 274px;\"><div class=\"tiled-gallery-item tiled-gallery-item-small\"><a href=\"https:\/\/icac.cat\/en\/serveis\/publicacions\/llibre\/el-marmor-de-tarraco-explotacio-utilizacio-i-comercialitzacio-de-la-pedra-de-santa-tecla-en-epoca-romana-the-quarrying-use-and-trade-of-santa-tecla-stone-in-roman-times\/53-40-jpg-2\/\"><img data-attachment-id=\"63357\" data-orig-file=\"https:\/\/icac.cat\/wp-content\/uploads\/2015\/07\/53.40.jpg\" data-orig-size=\"566,800\" data-comments-opened=\"0\" data-image-meta=\"{&quot;aperture&quot;:&quot;0&quot;,&quot;credit&quot;:&quot;&quot;,&quot;camera&quot;:&quot;&quot;,&quot;caption&quot;:&quot;&quot;,&quot;created_timestamp&quot;:&quot;0&quot;,&quot;copyright&quot;:&quot;&quot;,&quot;focal_length&quot;:&quot;0&quot;,&quot;iso&quot;:&quot;0&quot;,&quot;shutter_speed&quot;:&quot;0&quot;,&quot;title&quot;:&quot;&quot;,&quot;orientation&quot;:&quot;0&quot;}\" data-image-title=\"53.40.jpg\" data-image-description=\"\" data-medium-file=\"https:\/\/icac.cat\/wp-content\/uploads\/2015\/07\/53.40-212x300.jpg\" data-large-file=\"https:\/\/icac.cat\/wp-content\/uploads\/2015\/07\/53.40.jpg\" src=\"https:\/\/icac.cat\/wp-content\/uploads\/2015\/07\/53.40-191x270.jpg\" width=\"191\" height=\"270\" align=\"left\" title=\"53.40.jpg\" \/><\/a><div class=\"tiled-gallery-caption\">El marmor de Tarraco \/ Tarraco Marmor (2009)<\/div><\/div><\/div><\/div><\/div>\n","protected":false},"excerpt":{"rendered":"<p>The Archaeometric Studies Unit\u2019s work is divided into three main areas: a. Research support This is the main objective and it is designed to support archaeologists and offer its services to public institutions, both nationally and abroad, and to private companies related to heritage management, archaeology, and restoration. b. Research\u00a0 and innovation The Archaeometric Studies [&hellip;]<\/p>\n","protected":false},"author":1,"featured_media":0,"parent":21677,"menu_order":0,"comment_status":"closed","ping_status":"closed","template":"","meta":{"_genesis_hide_title":false,"_genesis_hide_breadcrumbs":false,"_genesis_hide_singular_image":false,"_genesis_hide_footer_widgets":false,"_genesis_custom_body_class":"","_genesis_custom_post_class":"","_genesis_layout":""},"_links":{"self":[{"href":"https:\/\/icac.cat\/en\/wp-json\/wp\/v2\/pages\/21805"}],"collection":[{"href":"https:\/\/icac.cat\/en\/wp-json\/wp\/v2\/pages"}],"about":[{"href":"https:\/\/icac.cat\/en\/wp-json\/wp\/v2\/types\/page"}],"author":[{"embeddable":true,"href":"https:\/\/icac.cat\/en\/wp-json\/wp\/v2\/users\/1"}],"replies":[{"embeddable":true,"href":"https:\/\/icac.cat\/en\/wp-json\/wp\/v2\/comments?post=21805"}],"version-history":[{"count":6,"href":"https:\/\/icac.cat\/en\/wp-json\/wp\/v2\/pages\/21805\/revisions"}],"predecessor-version":[{"id":77379,"href":"https:\/\/icac.cat\/en\/wp-json\/wp\/v2\/pages\/21805\/revisions\/77379"}],"up":[{"embeddable":true,"href":"https:\/\/icac.cat\/en\/wp-json\/wp\/v2\/pages\/21677"}],"wp:attachment":[{"href":"https:\/\/icac.cat\/en\/wp-json\/wp\/v2\/media?parent=21805"}],"curies":[{"name":"wp","href":"https:\/\/api.w.org\/{rel}","templated":true}]}}