{"id":34534,"date":"2018-05-21T08:39:36","date_gmt":"2018-05-21T06:39:36","guid":{"rendered":"http:\/\/www.icac.cat\/en\/?page_id=34534"},"modified":"2018-05-30T10:20:18","modified_gmt":"2018-05-30T08:20:18","slug":"data-protection-subscribers","status":"publish","type":"page","link":"https:\/\/icac.cat\/en\/data-protection-subscribers\/","title":{"rendered":"Data Protection. Subscribers"},"content":{"rendered":"<h5>About Data Protection (text provisionally in Spanish)<\/h5>\n<p>En cumplimento con el Reglamento general de protecci\u00f3n de datos (Reglamento UE 2016\/679), le proporcionamos informaci\u00f3n que tiene que conocer en relaci\u00f3n con el uso de\u00a0 los datos personales.<\/p>\n<p><strong>1. \u00bfQui\u00e9n es el responsable del tratamiento de sus datos?<\/strong><br \/>\nEl responsable del tratamiento de sus datos personales es el Instituto Catal\u00e1n de Arqueolog\u00eda Cl\u00e1sica (ICAC), con direcci\u00f3n postal en plaza d\u2019en Rovellat s\/n, 43003 Tarragona, CIF S4300033J, tel\u00e9fono 977249133, y direcci\u00f3n de correo electr\u00f3nico <a href=\"mailto:info@icac.cat\">info@icac.cat<\/a>.<\/p>\n<p><strong>2. \u00bfCu\u00e1les son los datos de contacto del delegado de protecci\u00f3n de datos?<\/strong><br \/>\nLos datos de contacto del delegado de protecci\u00f3n de datos (DPD) los puede consultar en <a href=\"https:\/\/icac.cat\/es\/quienes-somos\/proteccion-de-datos\/\">https:\/\/icac.cat\/es\/quienes-somos\/proteccion-de-datos\/<\/a>.<\/p>\n<p><strong>3. \u00bfCon qu\u00e9 finalidad trataremos sus datos personales?<\/strong><br \/>\nTratamos sus datos personales con la finalidad de realizar todos los procedimientos necesarios para gestionar la subscripci\u00f3n a las comunicaciones\u00a0 de actividades y noticias del Instituto.<\/p>\n<p><strong>4. \u00bfDurante cu\u00e1nto tiempo conservaremos sus datos personales?<\/strong><br \/>\nLos datos proporcionados se conservar\u00e1n mientras no solicite su supresi\u00f3n. En el caso de que revoque su consentimiento, sus datos ser\u00e1n suprimidos.<\/p>\n<p><strong>5. \u00bfCu\u00e1l es la legitimaci\u00f3n para el tratamiento de sus datos?<\/strong><br \/>\nPara poder llevar a cabo los tratamientos indicados, precisamos recoger sus datos personales teniendo como base legal su consentimiento previo e informado, que puede revocar en cualquier momento.<\/p>\n<p><strong>6. \u00bfA qu\u00e9 destinatarios se facilitar\u00e1n sus datos?<\/strong><br \/>\nSus datos ser\u00e1n tratados por el ICAC y no se facilitar\u00e1n a terceras personas.<\/p>\n<p><strong>7. \u00bfCu\u00e1les son sus derechos?<\/strong><br \/>\nTen\u00e9is derecho a obtener confirmaci\u00f3n sobre si el ICAC est\u00e1 tratando o no datos de car\u00e1cter personal sobre su persona. En este sentido, tiene derecho a acceder a sus datos personales, as\u00ed como a solicitar la rectificaci\u00f3n de los datos inexactos o, si corresponde, solicitar su supresi\u00f3n o portabilidad.<br \/>\nEn determinadas circunstancias puede solicitar la limitaci\u00f3n u oposici\u00f3n del tratamiento de sus datos. En el caso de que corresponda ser estimado este derecho, \u00fanicamente conservaremos los datos para el ejercicio del derecho de defensa o para formular reclamaciones.<br \/>\nPuede retirar su consentimiento en cualquier momento.<\/p>\n<p><strong>8. \u00bfC\u00f3mo puede ejercer sus\u00a0 derechos?<\/strong><br \/>\nMediante un escrito dirigido al ICAC (plaza d\u2019en Rovellat s\/n, 43003 Tarragona), o un mensaje de correo electr\u00f3nico a la direcci\u00f3n <a href=\"mailto:info@icac.cat\">info@icac.cat<\/a>.<\/p>\n<p><strong>9. \u00bfQu\u00e9 v\u00edas de reclamaci\u00f3n tiene a su disposici\u00f3n?<\/strong><br \/>\nSi considera que sus datos no se han atendido adecuadamente puede comunicarlo al DPD del ICAC. As\u00ed mismo, tiene derecho a presentar una reclamaci\u00f3n ante la Autoridad Catalana de Protecci\u00f3n de Datos (ACPD).<\/p>\n","protected":false},"excerpt":{"rendered":"<p>About Data Protection (text provisionally in Spanish) En cumplimento con el Reglamento general de protecci\u00f3n de datos (Reglamento UE 2016\/679), le proporcionamos informaci\u00f3n que tiene que conocer en relaci\u00f3n con el uso de\u00a0 los datos personales. 1. \u00bfQui\u00e9n es el responsable del tratamiento de sus datos? El responsable del tratamiento de sus datos personales es [&hellip;]<\/p>\n","protected":false},"author":49,"featured_media":0,"parent":0,"menu_order":0,"comment_status":"closed","ping_status":"closed","template":"","meta":{"_genesis_hide_title":false,"_genesis_hide_breadcrumbs":false,"_genesis_hide_singular_image":false,"_genesis_hide_footer_widgets":false,"_genesis_custom_body_class":"","_genesis_custom_post_class":"","_genesis_layout":""},"_links":{"self":[{"href":"https:\/\/icac.cat\/en\/wp-json\/wp\/v2\/pages\/34534"}],"collection":[{"href":"https:\/\/icac.cat\/en\/wp-json\/wp\/v2\/pages"}],"about":[{"href":"https:\/\/icac.cat\/en\/wp-json\/wp\/v2\/types\/page"}],"author":[{"embeddable":true,"href":"https:\/\/icac.cat\/en\/wp-json\/wp\/v2\/users\/49"}],"replies":[{"embeddable":true,"href":"https:\/\/icac.cat\/en\/wp-json\/wp\/v2\/comments?post=34534"}],"version-history":[{"count":5,"href":"https:\/\/icac.cat\/en\/wp-json\/wp\/v2\/pages\/34534\/revisions"}],"predecessor-version":[{"id":34669,"href":"https:\/\/icac.cat\/en\/wp-json\/wp\/v2\/pages\/34534\/revisions\/34669"}],"wp:attachment":[{"href":"https:\/\/icac.cat\/en\/wp-json\/wp\/v2\/media?parent=34534"}],"curies":[{"name":"wp","href":"https:\/\/api.w.org\/{rel}","templated":true}]}}