{"id":38731,"date":"2019-02-08T11:48:39","date_gmt":"2019-02-08T10:48:39","guid":{"rendered":"http:\/\/www.icac.cat\/en\/?page_id=38731"},"modified":"2020-02-14T13:02:04","modified_gmt":"2020-02-14T12:02:04","slug":"research-training-program-pir-2018","status":"publish","type":"page","link":"https:\/\/icac.cat\/en\/research-training-program-pir-2018\/","title":{"rendered":"Research Training Program (PIR) 2018"},"content":{"rendered":"<p>Here you can check the information related to the <strong>2018 call<\/strong> for the Research Training Program (PIR, in Catalan), addressed to the students of the Master in Classical Archaeology (URV-UAB-ICAC).<\/p>\n<p><strong>Applications deadline:<\/strong>\u00a021\/02\/2018<\/p>\n<p><strong>Documents (in Catalan)<\/strong><\/p>\n<p><a class=\"icona-pdf\" href=\"https:\/\/icac.cat\/wp-content\/uploads\/2018\/02\/pir18_resolucio.pdf\" target=\"_blank\">Resoluci\u00f3 del director de l&#8217;ICAC<\/a><\/p>\n<p><a class=\"icona-pdf\" href=\"https:\/\/icac.cat\/wp-content\/uploads\/2018\/02\/pir18_bases.pdf\" target=\"_blank\">Bases de la convocat\u00f2ria<\/a><\/p>\n<p><a class=\"icona-word\" href=\"https:\/\/icac.cat\/wp-content\/uploads\/2018\/02\/pir18_annex2.docx\" target=\"_blank\">Annex 2<\/a><\/p>\n<p><a class=\"icona-word\" href=\"https:\/\/icac.cat\/wp-content\/uploads\/2018\/02\/pir18_annex3.docx\" target=\"_blank\">Annex 3<\/a><\/p>\n<p><strong>Resolutions (in Catalan)<\/strong><\/p>\n<p><a class=\"icona-pdf\" href=\"https:\/\/icac.cat\/wp-content\/uploads\/2018\/02\/pir18_reldef.pdf\" target=\"_blank\">Relaci\u00f3 definitiva d&#8217;admesos i exclosos<\/a>\u00a0(21\/2\/2018)<\/p>\n<p><a class=\"icona-pdf\" href=\"https:\/\/icac.cat\/wp-content\/uploads\/2018\/02\/pir18_propprov.pdf\" target=\"_blank\">Proposta provisional d&#8217;inscripci\u00f3 al programa<\/a>\u00a0(22\/2\/2018)<\/p>\n<p><a class=\"icona-pdf\" href=\"https:\/\/icac.cat\/wp-content\/uploads\/2018\/02\/pir18_resdir.pdf\" target=\"_blank\">Resoluci\u00f3 del director<\/a>\u00a0(28\/2\/2018)<\/p>\n","protected":false},"excerpt":{"rendered":"<p>Here you can check the information related to the 2018 call for the Research Training Program (PIR, in Catalan), addressed to the students of the Master in Classical Archaeology (URV-UAB-ICAC). Applications deadline:\u00a021\/02\/2018 Documents (in Catalan) Resoluci\u00f3 del director de l&#8217;ICAC Bases de la convocat\u00f2ria Annex 2 Annex 3 Resolutions (in Catalan) Relaci\u00f3 definitiva d&#8217;admesos i [&hellip;]<\/p>\n","protected":false},"author":160,"featured_media":0,"parent":0,"menu_order":0,"comment_status":"closed","ping_status":"closed","template":"","meta":{"_genesis_hide_title":false,"_genesis_hide_breadcrumbs":false,"_genesis_hide_singular_image":false,"_genesis_hide_footer_widgets":false,"_genesis_custom_body_class":"","_genesis_custom_post_class":"","_genesis_layout":""},"_links":{"self":[{"href":"https:\/\/icac.cat\/en\/wp-json\/wp\/v2\/pages\/38731"}],"collection":[{"href":"https:\/\/icac.cat\/en\/wp-json\/wp\/v2\/pages"}],"about":[{"href":"https:\/\/icac.cat\/en\/wp-json\/wp\/v2\/types\/page"}],"author":[{"embeddable":true,"href":"https:\/\/icac.cat\/en\/wp-json\/wp\/v2\/users\/160"}],"replies":[{"embeddable":true,"href":"https:\/\/icac.cat\/en\/wp-json\/wp\/v2\/comments?post=38731"}],"version-history":[{"count":4,"href":"https:\/\/icac.cat\/en\/wp-json\/wp\/v2\/pages\/38731\/revisions"}],"predecessor-version":[{"id":38735,"href":"https:\/\/icac.cat\/en\/wp-json\/wp\/v2\/pages\/38731\/revisions\/38735"}],"wp:attachment":[{"href":"https:\/\/icac.cat\/en\/wp-json\/wp\/v2\/media?parent=38731"}],"curies":[{"name":"wp","href":"https:\/\/api.w.org\/{rel}","templated":true}]}}