{"id":105416,"date":"2026-02-06T11:10:02","date_gmt":"2026-02-06T10:10:02","guid":{"rendered":"https:\/\/icac.cat\/?page_id=105416"},"modified":"2026-02-06T11:31:53","modified_gmt":"2026-02-06T10:31:53","slug":"pir-2025","status":"publish","type":"page","link":"https:\/\/icac.cat\/es\/pir-2025\/","title":{"rendered":"Programa de iniciaci\u00f3n a la investigaci\u00f3n (PIR) 2025"},"content":{"rendered":"<p>Aqu\u00ed puede consultar la informaci\u00f3n relativa a la <strong>convocatoria 2025<\/strong> del Programa de Iniciaci\u00f3n a la Investigaci\u00f3n (PIR), en sus siglas en catal\u00e1n), dirigido a los estudiantes del <a href=\"https:\/\/icac.cat\/es\/formacion\/master-arqueologia-clasica-aplicada\/\"><strong>M\u00e1ster universitario en Arqueolog\u00eda Cl\u00e1sica Aplicada. Investigaci\u00f3n y Transferencia (URV-ICAC-UAB)<\/strong><\/a>.<\/p>\n<p>&nbsp;<\/p>\n<p><strong>Documentaci\u00f3n relacionada (en catal\u00e1n):<\/strong><\/p>\n<p><a class=\"icona-pdf\" href=\"https:\/\/icac.cat\/wp-content\/uploads\/2025\/02\/03.-G014.4.7-Bases-PIR25-def.pdf\" target=\"_blank\" rel=\"noopener\">Bases de la convocatoria PIR 2025<\/a>\u00a0(firma digital 27\/01\/2025)<\/p>\n<p><a class=\"icona-word\" href=\"https:\/\/icac.cat\/wp-content\/uploads\/2025\/02\/PIR25_ANNEX-1.docx\" target=\"_blank\" rel=\"noopener\">Anexo 1<\/a>\u00a0(solicitud)<\/p>\n<p><a class=\"icona-word\" href=\"https:\/\/icac.cat\/wp-content\/uploads\/2025\/02\/PIR25_-ANNEX-2.docx\" target=\"_blank\" rel=\"noopener\">Anexo 2<\/a>\u00a0(aceptaci\u00f3n de la inscripci\u00f3n al programa)<\/p>\n<p>&nbsp;<\/p>\n<p><strong>Resoluciones (en catal\u00e1n):<\/strong><\/p>\n<p><a class=\"icona-pdf\" href=\"https:\/\/icac.cat\/wp-content\/uploads\/2025\/03\/04.-Adjudicacio_definitiva2025.pdf\">Resoluci\u00f3n definitiva de inscripci\u00f3n a la convocatoria PIR2025<\/a>\u00a0(firmadigital 11\/03\/2025)<\/p>\n<p><a class=\"icona-pdf\" href=\"https:\/\/icac.cat\/wp-content\/uploads\/2025\/03\/03.-Adjudicacio_provisional2025.pdf\">Propuesta provisional de inscripci\u00f3n en la convocatoria PIR2025<\/a>\u00a0(firma digital 06\/03\/2025)<\/p>\n<p><a class=\"icona-pdf\" href=\"https:\/\/icac.cat\/wp-content\/uploads\/2025\/03\/02.-Relacio_definitiva_2025.pdf\">Relaci\u00f3n definitiva de personas admitidas y excluidas PIR2025<\/a>\u00a0(firma digital 05\/03\/2025)<\/p>\n<p><a class=\"icona-pdf\" href=\"https:\/\/icac.cat\/wp-content\/uploads\/2025\/02\/Relacio_privisional_2025_notsigned.pdf\">Relaci\u00f3n provisional de personas admitidas y excluidas PIR2025<\/a>\u00a0(firma digital 27\/02\/2025)<\/p>\n<p><a class=\"icona-pdf\" href=\"https:\/\/icac.cat\/wp-content\/uploads\/2025\/02\/02.-G014.4.7-Res.-PIR25_notsigned.pdf\" target=\"_blank\" rel=\"noopener\">Resoluci\u00f3n del director del Instituto Catal\u00e1n de Arqueolog\u00eda Cl\u00e1sica (ICAC-CERCA) por la cual se aprueban las bases del Programa de iniciaci\u00f3n a la investigaci\u00f3n en el campo de la arqueolog\u00eda cl\u00e1sica del ICAC-CERCA para el 2025 (PIR25) (c\u00f3digo 014.4.7)<\/a>\u00a0(firma digital 27\/01\/2025)<\/p>\n<p>&nbsp;<\/p>\n","protected":false},"excerpt":{"rendered":"<p>Aqu\u00ed puede consultar la informaci\u00f3n relativa a la convocatoria 2025 del Programa de Iniciaci\u00f3n a la Investigaci\u00f3n (PIR), en sus siglas en catal\u00e1n), dirigido a los estudiantes del M\u00e1ster universitario en Arqueolog\u00eda Cl\u00e1sica Aplicada. Investigaci\u00f3n y Transferencia (URV-ICAC-UAB). &nbsp; Documentaci\u00f3n relacionada (en catal\u00e1n): Bases de la convocatoria PIR 2025\u00a0(firma digital 27\/01\/2025) Anexo 1\u00a0(solicitud) Anexo 2\u00a0(aceptaci\u00f3n [&hellip;]<\/p>\n","protected":false},"author":231,"featured_media":0,"parent":0,"menu_order":0,"comment_status":"closed","ping_status":"closed","template":"","meta":{"_genesis_hide_title":false,"_genesis_hide_breadcrumbs":false,"_genesis_hide_singular_image":false,"_genesis_hide_footer_widgets":false,"_genesis_custom_body_class":"","_genesis_custom_post_class":"","_genesis_layout":""},"_links":{"self":[{"href":"https:\/\/icac.cat\/es\/wp-json\/wp\/v2\/pages\/105416"}],"collection":[{"href":"https:\/\/icac.cat\/es\/wp-json\/wp\/v2\/pages"}],"about":[{"href":"https:\/\/icac.cat\/es\/wp-json\/wp\/v2\/types\/page"}],"author":[{"embeddable":true,"href":"https:\/\/icac.cat\/es\/wp-json\/wp\/v2\/users\/231"}],"replies":[{"embeddable":true,"href":"https:\/\/icac.cat\/es\/wp-json\/wp\/v2\/comments?post=105416"}],"version-history":[{"count":1,"href":"https:\/\/icac.cat\/es\/wp-json\/wp\/v2\/pages\/105416\/revisions"}],"predecessor-version":[{"id":105417,"href":"https:\/\/icac.cat\/es\/wp-json\/wp\/v2\/pages\/105416\/revisions\/105417"}],"wp:attachment":[{"href":"https:\/\/icac.cat\/es\/wp-json\/wp\/v2\/media?parent=105416"}],"curies":[{"name":"wp","href":"https:\/\/api.w.org\/{rel}","templated":true}]}}