{"id":21332,"date":"2015-06-15T13:45:07","date_gmt":"2015-06-15T11:45:07","guid":{"rendered":"http:\/\/www.icac.cat\/es\/qui-som\/"},"modified":"2020-01-24T12:43:13","modified_gmt":"2020-01-24T11:43:13","slug":"quienes-somos","status":"publish","type":"page","link":"https:\/\/icac.cat\/es\/quienes-somos\/","title":{"rendered":"Qui\u00e9nes somos"},"content":{"rendered":"<p>El ICAC es un centro p\u00fablico creado por la Generalitat de Catalunya y la Universidad Rovira i Virgili, con la participaci\u00f3n del Consejo Interuniversitario de Catalunya. Tiene como finalidad la investigaci\u00f3n, la formaci\u00f3n avanzada y la difusi\u00f3n de la civilizaci\u00f3n y la cultura en la Mediterr\u00e1nea, desde la protohistoria hasta la antig\u00fcedad tard\u00eda, en todas sus expresiones materiales e inmateriales. Es el centro de referencia catal\u00e1n en este \u00e1mbito.<\/p>\n","protected":false},"excerpt":{"rendered":"<p>El ICAC es un centro p\u00fablico creado por la Generalitat de Catalunya y la Universidad Rovira i Virgili, con la participaci\u00f3n del Consejo Interuniversitario de Catalunya. Tiene como finalidad la investigaci\u00f3n, la formaci\u00f3n avanzada y la difusi\u00f3n de la civilizaci\u00f3n y la cultura en la Mediterr\u00e1nea, desde la protohistoria hasta la antig\u00fcedad tard\u00eda, en todas [&hellip;]<\/p>\n","protected":false},"author":1,"featured_media":10811,"parent":0,"menu_order":0,"comment_status":"closed","ping_status":"closed","template":"template-subhome.php","meta":{"_genesis_hide_title":false,"_genesis_hide_breadcrumbs":false,"_genesis_hide_singular_image":false,"_genesis_hide_footer_widgets":false,"_genesis_custom_body_class":"","_genesis_custom_post_class":"","_genesis_layout":""},"_links":{"self":[{"href":"https:\/\/icac.cat\/es\/wp-json\/wp\/v2\/pages\/21332"}],"collection":[{"href":"https:\/\/icac.cat\/es\/wp-json\/wp\/v2\/pages"}],"about":[{"href":"https:\/\/icac.cat\/es\/wp-json\/wp\/v2\/types\/page"}],"author":[{"embeddable":true,"href":"https:\/\/icac.cat\/es\/wp-json\/wp\/v2\/users\/1"}],"replies":[{"embeddable":true,"href":"https:\/\/icac.cat\/es\/wp-json\/wp\/v2\/comments?post=21332"}],"version-history":[{"count":3,"href":"https:\/\/icac.cat\/es\/wp-json\/wp\/v2\/pages\/21332\/revisions"}],"predecessor-version":[{"id":45094,"href":"https:\/\/icac.cat\/es\/wp-json\/wp\/v2\/pages\/21332\/revisions\/45094"}],"wp:featuredmedia":[{"embeddable":true,"href":"https:\/\/icac.cat\/es\/wp-json\/wp\/v2\/media\/10811"}],"wp:attachment":[{"href":"https:\/\/icac.cat\/es\/wp-json\/wp\/v2\/media?parent=21332"}],"curies":[{"name":"wp","href":"https:\/\/api.w.org\/{rel}","templated":true}]}}