{"id":21335,"date":"2015-06-15T13:45:16","date_gmt":"2015-06-15T11:45:16","guid":{"rendered":"http:\/\/www.icac.cat\/es\/recerca\/"},"modified":"2020-02-28T09:49:42","modified_gmt":"2020-02-28T08:49:42","slug":"investigacion","status":"publish","type":"page","link":"https:\/\/icac.cat\/es\/investigacion\/","title":{"rendered":"Investigaci\u00f3n"},"content":{"rendered":"<p>La investigaci\u00f3n del ICAC cubre distintos campos de conocimiento de la ciencia arqueol\u00f3gica: la arqueolog\u00eda del paisaje, la arqueolog\u00eda de la ciudad antigua, las producciones art\u00edsticas y la ceramolog\u00eda, entre otros. Tambi\u00e9n abarca otros campos de las ciencias de la antig\u00fcedad.<\/p>\n<p>Los objetivos cient\u00edficos y de investigaci\u00f3n se desarrollan a trav\u00e9s de las\u00a0<strong>l\u00edneas de investigaci\u00f3n<\/strong>,\u00a0<strong>programas espec\u00edficos y programas transversales<\/strong>, de los cuales surgen los diferentes\u00a0<strong>proyectos<\/strong>. Algunos proyectos, por su conexi\u00f3n tem\u00e1tica, se pueden agrupar a la vez en programas de investigaci\u00f3n, bajo un mismo liderazgo.<\/p>\n<h6><a href=\"\/?page_id=7276\">L\u00edneas de investigaci\u00f3n<\/a><\/h6>\n<h6><a href=\"\/?page_id=7278\">Programas espec\u00edficos<\/a><\/h6>\n<h6><a href=\"\/?page_id=7280\">Programas transversales<\/a><\/h6>\n","protected":false},"excerpt":{"rendered":"<p>La investigaci\u00f3n del ICAC cubre distintos campos de conocimiento de la ciencia arqueol\u00f3gica: la arqueolog\u00eda del paisaje, la arqueolog\u00eda de la ciudad antigua, las producciones art\u00edsticas y la ceramolog\u00eda, entre otros. Tambi\u00e9n abarca otros campos de las ciencias de la antig\u00fcedad. Los objetivos cient\u00edficos y de investigaci\u00f3n se desarrollan a trav\u00e9s de las\u00a0l\u00edneas de investigaci\u00f3n,\u00a0programas [&hellip;]<\/p>\n","protected":false},"author":1,"featured_media":10814,"parent":0,"menu_order":0,"comment_status":"closed","ping_status":"closed","template":"template-subhome.php","meta":{"_genesis_hide_title":false,"_genesis_hide_breadcrumbs":false,"_genesis_hide_singular_image":false,"_genesis_hide_footer_widgets":false,"_genesis_custom_body_class":"","_genesis_custom_post_class":"","_genesis_layout":""},"_links":{"self":[{"href":"https:\/\/icac.cat\/es\/wp-json\/wp\/v2\/pages\/21335"}],"collection":[{"href":"https:\/\/icac.cat\/es\/wp-json\/wp\/v2\/pages"}],"about":[{"href":"https:\/\/icac.cat\/es\/wp-json\/wp\/v2\/types\/page"}],"author":[{"embeddable":true,"href":"https:\/\/icac.cat\/es\/wp-json\/wp\/v2\/users\/1"}],"replies":[{"embeddable":true,"href":"https:\/\/icac.cat\/es\/wp-json\/wp\/v2\/comments?post=21335"}],"version-history":[{"count":5,"href":"https:\/\/icac.cat\/es\/wp-json\/wp\/v2\/pages\/21335\/revisions"}],"predecessor-version":[{"id":46253,"href":"https:\/\/icac.cat\/es\/wp-json\/wp\/v2\/pages\/21335\/revisions\/46253"}],"wp:featuredmedia":[{"embeddable":true,"href":"https:\/\/icac.cat\/es\/wp-json\/wp\/v2\/media\/10814"}],"wp:attachment":[{"href":"https:\/\/icac.cat\/es\/wp-json\/wp\/v2\/media?parent=21335"}],"curies":[{"name":"wp","href":"https:\/\/api.w.org\/{rel}","templated":true}]}}