{"id":21339,"date":"2015-06-15T13:45:41","date_gmt":"2015-06-15T11:45:41","guid":{"rendered":"http:\/\/www.icac.cat\/es\/serveis\/"},"modified":"2022-10-24T11:13:53","modified_gmt":"2022-10-24T09:13:53","slug":"servicios","status":"publish","type":"page","link":"https:\/\/icac.cat\/es\/servicios\/","title":{"rendered":"Servicios"},"content":{"rendered":"<p>El Instituto cuenta con una biblioteca y un centro de documentaci\u00f3n abiertos a personal investigador y al p\u00fablico general. Tambi\u00e9n tiene dos servicios cietnificot\u00e9cnicos: Tecnolog\u00edas de Documentaci\u00f3n Gr\u00e1fica y la Unidad de Estudios Arqueom\u00e9tricos. Asimismo, el Servicio de Publicaciones del ICAC publica libros en tres colecciones propias y en coedici\u00f3n con otras entidades.<\/p>\n","protected":false},"excerpt":{"rendered":"<p>El Instituto cuenta con una biblioteca y un centro de documentaci\u00f3n abiertos a personal investigador y al p\u00fablico general. Tambi\u00e9n tiene dos servicios cietnificot\u00e9cnicos: Tecnolog\u00edas de Documentaci\u00f3n Gr\u00e1fica y la Unidad de Estudios Arqueom\u00e9tricos. Asimismo, el Servicio de Publicaciones del ICAC publica libros en tres colecciones propias y en coedici\u00f3n con otras entidades.<\/p>\n","protected":false},"author":1,"featured_media":63686,"parent":0,"menu_order":0,"comment_status":"closed","ping_status":"closed","template":"template-subhome.php","meta":{"_genesis_hide_title":false,"_genesis_hide_breadcrumbs":false,"_genesis_hide_singular_image":false,"_genesis_hide_footer_widgets":false,"_genesis_custom_body_class":"","_genesis_custom_post_class":"","_genesis_layout":""},"_links":{"self":[{"href":"https:\/\/icac.cat\/es\/wp-json\/wp\/v2\/pages\/21339"}],"collection":[{"href":"https:\/\/icac.cat\/es\/wp-json\/wp\/v2\/pages"}],"about":[{"href":"https:\/\/icac.cat\/es\/wp-json\/wp\/v2\/types\/page"}],"author":[{"embeddable":true,"href":"https:\/\/icac.cat\/es\/wp-json\/wp\/v2\/users\/1"}],"replies":[{"embeddable":true,"href":"https:\/\/icac.cat\/es\/wp-json\/wp\/v2\/comments?post=21339"}],"version-history":[{"count":5,"href":"https:\/\/icac.cat\/es\/wp-json\/wp\/v2\/pages\/21339\/revisions"}],"predecessor-version":[{"id":80205,"href":"https:\/\/icac.cat\/es\/wp-json\/wp\/v2\/pages\/21339\/revisions\/80205"}],"wp:featuredmedia":[{"embeddable":true,"href":"https:\/\/icac.cat\/es\/wp-json\/wp\/v2\/media\/63686"}],"wp:attachment":[{"href":"https:\/\/icac.cat\/es\/wp-json\/wp\/v2\/media?parent=21339"}],"curies":[{"name":"wp","href":"https:\/\/api.w.org\/{rel}","templated":true}]}}