{"id":21349,"date":"2015-06-15T13:45:23","date_gmt":"2015-06-15T11:45:23","guid":{"rendered":"http:\/\/www.icac.cat\/es\/formacio\/"},"modified":"2022-10-24T12:17:27","modified_gmt":"2022-10-24T10:17:27","slug":"formacion","status":"publish","type":"page","link":"https:\/\/icac.cat\/es\/formacion\/","title":{"rendered":"Formaci\u00f3n"},"content":{"rendered":"<p>El ICAC vela para formar los futuros profesionales de la arqueolog\u00eda cl\u00e1sica, con la posibilidad de cursar un <a href=\"https:\/\/icac.cat\/es\/formacion\/master-arqueologia-clasica-aplicada\/\" target=\"_blank\" rel=\"noopener\">m\u00e1ster<\/a> y un programa de <a href=\"https:\/\/icac.cat\/es\/formacion\/doctorado-interuniversitario-en-arqueologia-clasica\/\" target=\"_blank\" rel=\"noopener\">doctorado<\/a>, ambos interuniversitarios. Adem\u00e1s de la formaci\u00f3n avanzada, el Instituto participa en la oferta de formaci\u00f3n continuada a profesorado y en actividades formativas a j\u00f3venes con vocaci\u00f3n por la antig\u00fcedad.<\/p>\n<p>El ICAC tiene un programa propio de pr\u00e1cticas para estudiantes del <a href=\"https:\/\/icac.cat\/es\/formacion\/master-arqueologia-clasica-aplicada\/\" target=\"_blank\" rel=\"noopener\">M\u00e1ster universitario en Arqueolog\u00eda Cl\u00e1sica Aplicada. Investigaci\u00f3n y Transferencia<\/a>. Y dispone tambi\u00e9n de un programa propio de contratos para llevar a cabo parte de la tesis doctoral en proyectos activos de los grupos de investigaci\u00f3n del Instituto. Adem\u00e1s, participa en las convocatorias nacionales e internacionales para doctorandos\/as.<\/p>\n","protected":false},"excerpt":{"rendered":"<p>El ICAC vela para formar los futuros profesionales de la arqueolog\u00eda cl\u00e1sica, con la posibilidad de cursar un m\u00e1ster y un programa de doctorado, ambos interuniversitarios. Adem\u00e1s de la formaci\u00f3n avanzada, el Instituto participa en la oferta de formaci\u00f3n continuada a profesorado y en actividades formativas a j\u00f3venes con vocaci\u00f3n por la antig\u00fcedad. El ICAC [&hellip;]<\/p>\n","protected":false},"author":1,"featured_media":68629,"parent":0,"menu_order":0,"comment_status":"closed","ping_status":"closed","template":"template-subhome.php","meta":{"_genesis_hide_title":false,"_genesis_hide_breadcrumbs":false,"_genesis_hide_singular_image":false,"_genesis_hide_footer_widgets":false,"_genesis_custom_body_class":"","_genesis_custom_post_class":"","_genesis_layout":""},"_links":{"self":[{"href":"https:\/\/icac.cat\/es\/wp-json\/wp\/v2\/pages\/21349"}],"collection":[{"href":"https:\/\/icac.cat\/es\/wp-json\/wp\/v2\/pages"}],"about":[{"href":"https:\/\/icac.cat\/es\/wp-json\/wp\/v2\/types\/page"}],"author":[{"embeddable":true,"href":"https:\/\/icac.cat\/es\/wp-json\/wp\/v2\/users\/1"}],"replies":[{"embeddable":true,"href":"https:\/\/icac.cat\/es\/wp-json\/wp\/v2\/comments?post=21349"}],"version-history":[{"count":5,"href":"https:\/\/icac.cat\/es\/wp-json\/wp\/v2\/pages\/21349\/revisions"}],"predecessor-version":[{"id":80212,"href":"https:\/\/icac.cat\/es\/wp-json\/wp\/v2\/pages\/21349\/revisions\/80212"}],"wp:featuredmedia":[{"embeddable":true,"href":"https:\/\/icac.cat\/es\/wp-json\/wp\/v2\/media\/68629"}],"wp:attachment":[{"href":"https:\/\/icac.cat\/es\/wp-json\/wp\/v2\/media?parent=21349"}],"curies":[{"name":"wp","href":"https:\/\/api.w.org\/{rel}","templated":true}]}}