{"id":21351,"date":"2015-06-15T13:45:32","date_gmt":"2015-06-15T11:45:32","guid":{"rendered":"http:\/\/www.icac.cat\/es\/difusio\/"},"modified":"2017-02-17T11:24:00","modified_gmt":"2017-02-17T10:24:00","slug":"difusion","status":"publish","type":"page","link":"https:\/\/icac.cat\/es\/difusion\/","title":{"rendered":"Difusi\u00f3n"},"content":{"rendered":"<p>Son muchas las actividades que realiza el ICAC para difundir la civilizaci\u00f3n y cultura cl\u00e1sicas: desde reuniones cient\u00edficas, seminarios y conferencias, hasta un programa de radio. La transferencia del conocimiento a la sociedad es otro de los ejes de actuaci\u00f3n clave del Instituto.<\/p>\n","protected":false},"excerpt":{"rendered":"<p>Son muchas las actividades que realiza el ICAC para difundir la civilizaci\u00f3n y cultura cl\u00e1sicas: desde reuniones cient\u00edficas, seminarios y conferencias, hasta un programa de radio. La transferencia del conocimiento a la sociedad es otro de los ejes de actuaci\u00f3n clave del Instituto.<\/p>\n","protected":false},"author":1,"featured_media":10810,"parent":0,"menu_order":0,"comment_status":"closed","ping_status":"closed","template":"template-subhome.php","meta":{"_genesis_hide_title":false,"_genesis_hide_breadcrumbs":false,"_genesis_hide_singular_image":false,"_genesis_hide_footer_widgets":false,"_genesis_custom_body_class":"","_genesis_custom_post_class":"","_genesis_layout":""},"_links":{"self":[{"href":"https:\/\/icac.cat\/es\/wp-json\/wp\/v2\/pages\/21351"}],"collection":[{"href":"https:\/\/icac.cat\/es\/wp-json\/wp\/v2\/pages"}],"about":[{"href":"https:\/\/icac.cat\/es\/wp-json\/wp\/v2\/types\/page"}],"author":[{"embeddable":true,"href":"https:\/\/icac.cat\/es\/wp-json\/wp\/v2\/users\/1"}],"replies":[{"embeddable":true,"href":"https:\/\/icac.cat\/es\/wp-json\/wp\/v2\/comments?post=21351"}],"version-history":[{"count":3,"href":"https:\/\/icac.cat\/es\/wp-json\/wp\/v2\/pages\/21351\/revisions"}],"predecessor-version":[{"id":25196,"href":"https:\/\/icac.cat\/es\/wp-json\/wp\/v2\/pages\/21351\/revisions\/25196"}],"wp:featuredmedia":[{"embeddable":true,"href":"https:\/\/icac.cat\/es\/wp-json\/wp\/v2\/media\/10810"}],"wp:attachment":[{"href":"https:\/\/icac.cat\/es\/wp-json\/wp\/v2\/media?parent=21351"}],"curies":[{"name":"wp","href":"https:\/\/api.w.org\/{rel}","templated":true}]}}