{"id":21353,"date":"2015-06-15T13:45:50","date_gmt":"2015-06-15T11:45:50","guid":{"rendered":"http:\/\/www.icac.cat\/es\/actualitat\/"},"modified":"2018-02-16T10:01:05","modified_gmt":"2018-02-16T09:01:05","slug":"actualidad","status":"publish","type":"page","link":"https:\/\/icac.cat\/es\/actualidad\/","title":{"rendered":"Actualidad"},"content":{"rendered":"<p>Aparte de noticias, entrevistas y la agenda de actos del Instituto, aqu\u00ed encontrar\u00e1 nuestro bolet\u00edn, una gu\u00eda de nuestros expertos y material de prensa.<\/p>\n<div style=\"background-color: #faece5; padding: 15px;\">Para suscribirte a las comunicaciones del ICAC env\u00edanos tu <style id='mailster-form-default' type='text\/css'>.mailster-embeded-form body{background:0;padding:0;margin:0}.mailster-embeded-form .mailster-form-body{padding:5px !important;margin:auto !important}.mailster-form-wrap{max-width:100%;max-height:95%;min-width:100px;-webkit-overflow-scrolling:touch}.mailster-form{margin-bottom:20px;position:relative}.mailster-form:before{content:'';position:absolute;display:block;height:100%;width:100%;z-index:1;background-repeat:no-repeat;background-position:center center;background-size:20px 20px;background-image:url('https:\/\/icac.cat\/wp-content\/plugins\/mailster\/assets\/css\/..\/img\/loading.gif');visibility:hidden;opacity:0;transition:opacity .15s ease-in-out}.mailster-form.loading:before{opacity:1;visibility:visible}@media only screen and (-webkit-min-device-pixel-ratio:2),only screen and (min-resolution:192dpi){.mailster-form:before{background-image:url('https:\/\/icac.cat\/wp-content\/plugins\/mailster\/assets\/css\/..\/img\/loading_2x.gif')}}.mailster-form:after,.mailster-form-fields:after{content:'.';visibility:hidden;display:block;height:0;clear:both}.mailster-form .mailster-form-fields{transition:all .15s ease-in-out}.mailster-form.completed .mailster-form-fields{height:0;min-height:0;opacity:0;overflow:hidden}.mailster-form,.mailster-form .input,.mailster-form .mailster-form-info{width:100%;box-sizing:border-box}.mailster-embeded-form .mailster-form{margin-bottom:3px}.mailster-form .mailster-wrapper{position:relative;margin-bottom:2px;transition:opacity .15s ease-in-out}.mailster-form.loading .mailster-wrapper{opacity:.2}.mailster-form textarea.input{resize:vertical;height:150px}.mailster-form li{list-style:none !important;margin-left:0;padding-left:0}span.mailster-required{font-size:120%;font-weight:700;color:#bf4d4d}.mailster-lists-wrapper ul{list-style:none;margin-left:0;padding-left:0}.mailster-lists-wrapper ul li{margin-left:0}.mailster-list-description{color:inherit;display:block;margin-left:25px;font-size:.8em}.mailster-form-info{height:0;border-radius:2px;padding:5px;margin-bottom:4px;color:#fff;padding:9px 16px;transition:all .2s;-webkit-transform:scale(0);-moz-transform:scale(0);-ms-transform:scale(0);transform:scale(0)}.mailster-form.loading .mailster-form-info{opacity:0}.mailster-form-info a{color:#fff}.mailster-form-info.success,.mailster-form-info.error{display:block;height:100%;-webkit-transform:scale(1);-moz-transform:scale(1);-ms-transform:scale(1);transform:scale(1)}.mailster-form .error input,.mailster-form .error select,.mailster-form .error textarea{outline:2px solid #bf4d4d;outline-offset:0}.mailster-form-info.error{background:#bf4d4d}.mailster-form-info.success{background-color:#6fbf4d;text-align:center}.mailster-form-info ul,.mailster-form .mailster-form-info p{margin:0;padding:0;max-width:initial}.mailster-form-info ul li{color:inherit;margin-left:0}.mailster-submit-wrapper{margin-top:6px}.mailster-form .submit-button{cursor:pointer}.mailster-form .submit-button:focus{outline:0}<\/style><style type=\"text\/css\" media=\"screen\" class=\"mailster-custom-form-css\">\n.mailster-form-2 .mailster-consentiment-rgpd-wrapper label{font-size: 14px;}\n<\/style>\n<form action=\"https:\/\/icac.cat\/es\/mailster\/subscribe\/\" method=\"post\" class=\"mailster-form mailster-form-submit mailster-ajax-form mailster-form-2\" novalidate><input name=\"_action\" type=\"hidden\" value=\"subscribe\">\n<input name=\"_timestamp\" type=\"hidden\" value=\"1775693796\">\n<input name=\"_referer\" type=\"hidden\" value=\"https:\/\/icac.cat\/es\/wp-json\/wp\/v2\/pages\/21353\">\n<input name=\"_nonce\" type=\"hidden\" value=\"236788d469\">\n<input name=\"formid\" type=\"hidden\" value=\"2\">\n<div class=\"mailster-form-fields\">\n<div class=\"mailster-wrapper mailster-email-wrapper\"><label for=\"mailster-email-2\">Correo electr\u00f3nico <span class=\"mailster-required\">*<\/span><\/label><input id=\"mailster-email-2\" name=\"email\" type=\"email\" value=\"\" class=\"input mailster-email mailster-required\" aria-required=\"true\" aria-label=\"Correo electr\u00f3nico\" spellcheck=\"false\"><\/div>\n<div class=\"mailster-wrapper mailster-consentiment-rgpd-wrapper\"><label for=\"mailster-consentiment-rgpd-2\"><input type=\"hidden\" name=\"consentiment-rgpd\" value=\"0\"><input id=\"mailster-consentiment-rgpd-2\" name=\"consentiment-rgpd\" type=\"checkbox\" value=\"1\"  class=\"mailster-consentiment-rgpd mailster-required\" aria-required=\"true\" aria-label=\"Acepto la pol\u00edtica de privacidad.\">  Acepto la <a href=\"https:\/\/icac.cat\/es\/proteccion-datos-suscriptores\">pol\u00edtica de privacidad.<\/a> <span class=\"mailster-required\">*<\/span><\/label><\/div>\n<div class=\"mailster-wrapper mailster-submit-wrapper form-submit\"><input name=\"submit\" type=\"submit\" value=\"Suscr\u00edbete\" class=\"submit-button button\" aria-label=\"Suscr\u00edbete\"><\/div>\n<\/div>\n<\/form>\n<\/div>\n","protected":false},"excerpt":{"rendered":"<p>Aparte de noticias, entrevistas y la agenda de actos del Instituto, aqu\u00ed encontrar\u00e1 nuestro bolet\u00edn, una gu\u00eda de nuestros expertos y material de prensa. Para suscribirte a las comunicaciones del ICAC env\u00edanos tu<\/p>\n","protected":false},"author":1,"featured_media":10813,"parent":0,"menu_order":0,"comment_status":"closed","ping_status":"closed","template":"template-subhome.php","meta":{"_genesis_hide_title":false,"_genesis_hide_breadcrumbs":false,"_genesis_hide_singular_image":false,"_genesis_hide_footer_widgets":false,"_genesis_custom_body_class":"","_genesis_custom_post_class":"","_genesis_layout":""},"_links":{"self":[{"href":"https:\/\/icac.cat\/es\/wp-json\/wp\/v2\/pages\/21353"}],"collection":[{"href":"https:\/\/icac.cat\/es\/wp-json\/wp\/v2\/pages"}],"about":[{"href":"https:\/\/icac.cat\/es\/wp-json\/wp\/v2\/types\/page"}],"author":[{"embeddable":true,"href":"https:\/\/icac.cat\/es\/wp-json\/wp\/v2\/users\/1"}],"replies":[{"embeddable":true,"href":"https:\/\/icac.cat\/es\/wp-json\/wp\/v2\/comments?post=21353"}],"version-history":[{"count":5,"href":"https:\/\/icac.cat\/es\/wp-json\/wp\/v2\/pages\/21353\/revisions"}],"predecessor-version":[{"id":31163,"href":"https:\/\/icac.cat\/es\/wp-json\/wp\/v2\/pages\/21353\/revisions\/31163"}],"wp:featuredmedia":[{"embeddable":true,"href":"https:\/\/icac.cat\/es\/wp-json\/wp\/v2\/media\/10813"}],"wp:attachment":[{"href":"https:\/\/icac.cat\/es\/wp-json\/wp\/v2\/media?parent=21353"}],"curies":[{"name":"wp","href":"https:\/\/api.w.org\/{rel}","templated":true}]}}