{"id":21361,"date":"2015-08-24T07:22:41","date_gmt":"2015-08-24T05:22:41","guid":{"rendered":"http:\/\/www.icac.cat\/es\/quienes-somos\/perfil-del-contractant\/"},"modified":"2024-01-22T12:27:52","modified_gmt":"2024-01-22T11:27:52","slug":"perfil-del-contratante","status":"publish","type":"page","link":"https:\/\/icac.cat\/es\/quienes-somos\/perfil-del-contratante\/","title":{"rendered":"Perfil del contratante"},"content":{"rendered":"<p>Este espacio tiene la finalidad de asegurar la transparencia y el acceso p\u00fablico a la informaci\u00f3n relativa a la actividad contractual del consorcio Instituto Catal\u00e1n de Arqueolog\u00eda Cl\u00e1sica (ICAC-CERCA), de conformidad con lo dispuesto en el art\u00edculo 63 y 132 de la Ley 9\/2017, de 8 de noviembre, de contratos del sector p\u00fablico, por la que se transponen en el ordenamiento jur\u00eddico espa\u00f1ol las directivas del Parlamento Europeo y del Consejo 2014\/23\/UE y 2014\/24\/UE, de 26 de febrero de 2014 (en adelante, LCSP).<\/p>\n<p>El ICAC-CERCA tiene la consideraci\u00f3n de administraci\u00f3n p\u00fablica de acuerdo con lo previsto en el art\u00edculo 3.2.b de la LCSP, en el que se determinan los criterios de sujeci\u00f3n de las entidades del sector p\u00fablico en el \u00e1mbito subjetivo de la ley.<\/p>\n<p>&nbsp;<\/p>\n<ul>\n<li><a href=\"https:\/\/contractaciopublica.gencat.cat\/ecofin_pscp\/AppJava\/cap.pscp?keyword=arqueologia&amp;reqCode=viewDetail&amp;idCap=206163&amp;department=25000&amp;\" target=\"_blank\" rel=\"noopener\">Perfil del contractante ICAC-CERCA<\/a>\u00a0(PSCP, Generalitat de Catalunya)<\/li>\n<li><a href=\"https:\/\/contractaciopublica.cat\/ca\/inici\" target=\"_blank\" rel=\"noopener\">Plataforma de Servicios de Contrataci\u00f3 P\u00fablica<\/a>\u00a0(PSCP, Generalitat de Catalunya)<\/li>\n<\/ul>\n","protected":false},"excerpt":{"rendered":"<p>Este espacio tiene la finalidad de asegurar la transparencia y el acceso p\u00fablico a la informaci\u00f3n relativa a la actividad contractual del consorcio Instituto Catal\u00e1n de Arqueolog\u00eda Cl\u00e1sica (ICAC-CERCA), de conformidad con lo dispuesto en el art\u00edculo 63 y 132 de la Ley 9\/2017, de 8 de noviembre, de contratos del sector p\u00fablico, por la [&hellip;]<\/p>\n","protected":false},"author":1,"featured_media":0,"parent":21332,"menu_order":197,"comment_status":"closed","ping_status":"closed","template":"","meta":{"_genesis_hide_title":false,"_genesis_hide_breadcrumbs":false,"_genesis_hide_singular_image":false,"_genesis_hide_footer_widgets":false,"_genesis_custom_body_class":"","_genesis_custom_post_class":"","_genesis_layout":""},"_links":{"self":[{"href":"https:\/\/icac.cat\/es\/wp-json\/wp\/v2\/pages\/21361"}],"collection":[{"href":"https:\/\/icac.cat\/es\/wp-json\/wp\/v2\/pages"}],"about":[{"href":"https:\/\/icac.cat\/es\/wp-json\/wp\/v2\/types\/page"}],"author":[{"embeddable":true,"href":"https:\/\/icac.cat\/es\/wp-json\/wp\/v2\/users\/1"}],"replies":[{"embeddable":true,"href":"https:\/\/icac.cat\/es\/wp-json\/wp\/v2\/comments?post=21361"}],"version-history":[{"count":5,"href":"https:\/\/icac.cat\/es\/wp-json\/wp\/v2\/pages\/21361\/revisions"}],"predecessor-version":[{"id":90610,"href":"https:\/\/icac.cat\/es\/wp-json\/wp\/v2\/pages\/21361\/revisions\/90610"}],"up":[{"embeddable":true,"href":"https:\/\/icac.cat\/es\/wp-json\/wp\/v2\/pages\/21332"}],"wp:attachment":[{"href":"https:\/\/icac.cat\/es\/wp-json\/wp\/v2\/media?parent=21361"}],"curies":[{"name":"wp","href":"https:\/\/api.w.org\/{rel}","templated":true}]}}