{"id":21363,"date":"2015-06-16T08:22:46","date_gmt":"2015-06-16T06:22:46","guid":{"rendered":"http:\/\/www.icac.cat\/es\/quienes-somos\/portal-de-la-transparencia\/"},"modified":"2025-03-05T08:45:28","modified_gmt":"2025-03-05T07:45:28","slug":"portal-de-la-transparencia","status":"publish","type":"page","link":"https:\/\/icac.cat\/es\/quienes-somos\/portal-de-la-transparencia\/","title":{"rendered":"Portal de la transparencia"},"content":{"rendered":"<p>En cumplimiento de la Ley 19\/2013, de 9 de diciembre, de transparencia, acceso a la informaci\u00f3n p\u00fablica y buen gobierno publicada en el BOE del d\u00eda 10 de diciembre; y la Ley 19\/2014, de 29 de diciembre, de transparencia, acceso a la informaci\u00f3n p\u00fablica y buen gobierno, publicada en el DOGC del d\u00eda 31 de diciembre de 2014, publicamos en este apartado web un conjunto de informaci\u00f3n referente al Instituto Catal\u00e1n de Arqueolog\u00eda Cl\u00e1sica.<\/p>\n","protected":false},"excerpt":{"rendered":"<p>En cumplimiento de la Ley 19\/2013, de 9 de diciembre, de transparencia, acceso a la informaci\u00f3n p\u00fablica y buen gobierno publicada en el BOE del d\u00eda 10 de diciembre; y la Ley 19\/2014, de 29 de diciembre, de transparencia, acceso a la informaci\u00f3n p\u00fablica y buen gobierno, publicada en el DOGC del d\u00eda 31 de [&hellip;]<\/p>\n","protected":false},"author":1,"featured_media":0,"parent":21332,"menu_order":190,"comment_status":"closed","ping_status":"closed","template":"","meta":{"_genesis_hide_title":false,"_genesis_hide_breadcrumbs":false,"_genesis_hide_singular_image":false,"_genesis_hide_footer_widgets":false,"_genesis_custom_body_class":"","_genesis_custom_post_class":"","_genesis_layout":""},"_links":{"self":[{"href":"https:\/\/icac.cat\/es\/wp-json\/wp\/v2\/pages\/21363"}],"collection":[{"href":"https:\/\/icac.cat\/es\/wp-json\/wp\/v2\/pages"}],"about":[{"href":"https:\/\/icac.cat\/es\/wp-json\/wp\/v2\/types\/page"}],"author":[{"embeddable":true,"href":"https:\/\/icac.cat\/es\/wp-json\/wp\/v2\/users\/1"}],"replies":[{"embeddable":true,"href":"https:\/\/icac.cat\/es\/wp-json\/wp\/v2\/comments?post=21363"}],"version-history":[{"count":6,"href":"https:\/\/icac.cat\/es\/wp-json\/wp\/v2\/pages\/21363\/revisions"}],"predecessor-version":[{"id":98515,"href":"https:\/\/icac.cat\/es\/wp-json\/wp\/v2\/pages\/21363\/revisions\/98515"}],"up":[{"embeddable":true,"href":"https:\/\/icac.cat\/es\/wp-json\/wp\/v2\/pages\/21332"}],"wp:attachment":[{"href":"https:\/\/icac.cat\/es\/wp-json\/wp\/v2\/media?parent=21363"}],"curies":[{"name":"wp","href":"https:\/\/api.w.org\/{rel}","templated":true}]}}