{"id":21365,"date":"2015-06-16T08:22:16","date_gmt":"2015-06-16T06:22:16","guid":{"rendered":"http:\/\/www.icac.cat\/es\/quienes-somos\/facturacio-electronica\/"},"modified":"2017-09-19T12:29:36","modified_gmt":"2017-09-19T10:29:36","slug":"facturacion-electronica","status":"publish","type":"page","link":"https:\/\/icac.cat\/es\/quienes-somos\/facturacion-electronica\/","title":{"rendered":"Facturaci\u00f3n electr\u00f3nica"},"content":{"rendered":"<p>Para presentar una factura electr\u00f3nica al Instituto Catal\u00e1n de Arqueolog\u00eda Cl\u00e1sica (ICAC) clique el enlace siguiente:<\/p>\n<p><a href=\"https:\/\/efact.eacat.cat\/bustia\/?emisorId=7\" target=\"_blank\">https:\/\/efact.eacat.cat\/bustia\/?emisorId=7<\/a><\/p>\n<p>Los <strong>c\u00f3digos DIR3<\/strong> del ICAC son:<\/p>\n<ul>\n<li>C\u00f3digo de la oficina contable: A09019049<\/li>\n<li>C\u00f3digo del \u00f3rgano gestor: A09019049<\/li>\n<li>C\u00f3digo de la unidad de tramitaci\u00f3n: A09019049<\/li>\n<\/ul>\n<p>Para m\u00e1s informaci\u00f3n sobre este servicio, puede acceder al portal del Consorcio AOC (Consorci Administraci\u00f3 Oberta de Catalunya) a trav\u00e9s de este enlace:<\/p>\n<p><a href=\"http:\/\/www.aoc.cat\/Inici\/SERVEIS\/Relacions-amb-la-ciutadania\/e.FACT-Empreses\/Que-es\" target=\"_blank\">http:\/\/www.aoc.cat\/Inici\/SERVEIS\/Relacions-amb-la-ciutadania\/e.FACT-Empreses\/Que-es<\/a><\/p>\n","protected":false},"excerpt":{"rendered":"<p>Para presentar una factura electr\u00f3nica al Instituto Catal\u00e1n de Arqueolog\u00eda Cl\u00e1sica (ICAC) clique el enlace siguiente: https:\/\/efact.eacat.cat\/bustia\/?emisorId=7 Los c\u00f3digos DIR3 del ICAC son: C\u00f3digo de la oficina contable: A09019049 C\u00f3digo del \u00f3rgano gestor: A09019049 C\u00f3digo de la unidad de tramitaci\u00f3n: A09019049 Para m\u00e1s informaci\u00f3n sobre este servicio, puede acceder al portal del Consorcio AOC (Consorci [&hellip;]<\/p>\n","protected":false},"author":1,"featured_media":0,"parent":21332,"menu_order":198,"comment_status":"closed","ping_status":"closed","template":"","meta":{"_genesis_hide_title":false,"_genesis_hide_breadcrumbs":false,"_genesis_hide_singular_image":false,"_genesis_hide_footer_widgets":false,"_genesis_custom_body_class":"","_genesis_custom_post_class":"","_genesis_layout":""},"_links":{"self":[{"href":"https:\/\/icac.cat\/es\/wp-json\/wp\/v2\/pages\/21365"}],"collection":[{"href":"https:\/\/icac.cat\/es\/wp-json\/wp\/v2\/pages"}],"about":[{"href":"https:\/\/icac.cat\/es\/wp-json\/wp\/v2\/types\/page"}],"author":[{"embeddable":true,"href":"https:\/\/icac.cat\/es\/wp-json\/wp\/v2\/users\/1"}],"replies":[{"embeddable":true,"href":"https:\/\/icac.cat\/es\/wp-json\/wp\/v2\/comments?post=21365"}],"version-history":[{"count":5,"href":"https:\/\/icac.cat\/es\/wp-json\/wp\/v2\/pages\/21365\/revisions"}],"predecessor-version":[{"id":28503,"href":"https:\/\/icac.cat\/es\/wp-json\/wp\/v2\/pages\/21365\/revisions\/28503"}],"up":[{"embeddable":true,"href":"https:\/\/icac.cat\/es\/wp-json\/wp\/v2\/pages\/21332"}],"wp:attachment":[{"href":"https:\/\/icac.cat\/es\/wp-json\/wp\/v2\/media?parent=21365"}],"curies":[{"name":"wp","href":"https:\/\/api.w.org\/{rel}","templated":true}]}}