{"id":21368,"date":"2015-06-16T08:21:14","date_gmt":"2015-06-16T06:21:14","guid":{"rendered":"http:\/\/www.icac.cat\/es\/quienes-somos\/contacte\/"},"modified":"2024-07-24T11:35:23","modified_gmt":"2024-07-24T09:35:23","slug":"contacto","status":"publish","type":"page","link":"https:\/\/icac.cat\/es\/quienes-somos\/contacto\/","title":{"rendered":"Contacto"},"content":{"rendered":"<p><iframe loading=\"lazy\" style=\"border: 0;\" src=\"https:\/\/www.google.com\/maps\/embed?pb=!1m14!1m8!1m3!1d24046.29112795641!2d1.259253!3d41.117356!3m2!1i1024!2i768!4f13.1!3m3!1m2!1s0x0%3A0x993861a5d3e7ea19!2sICAC+-+Institut+Catal%C3%A0+d'Arqueologia+Cl%C3%A0ssica!5e0!3m2!1sca!2sus!4v1436364957159\" width=\"850\" height=\"250\" frameborder=\"0\" allowfullscreen=\"allowfullscreen\"><\/iframe><\/p>\n<p><strong>Instituto Catal\u00e1n de Arqueolog\u00eda Cl\u00e1sica (ICAC)<\/strong><br \/>\nPlaza d&#8217;en Rovellat, s\/n<br \/>\n43003 Tarragona<br \/>\nTel\u00e9fono: 977 24 91 33<br \/>\nCorreo electr\u00f3nico: <a href=\"mailto:info@icac.cat\">info@icac.cat<\/a><\/p>\n<p><strong>Horario de atenci\u00f3n al p\u00fablico<\/strong>: de lunes a viernes, de 10 a 14 horas (excepto d\u00edas festivos o de horario especial).<\/p>\n","protected":false},"excerpt":{"rendered":"<p>Instituto Catal\u00e1n de Arqueolog\u00eda Cl\u00e1sica (ICAC) Plaza d&#8217;en Rovellat, s\/n 43003 Tarragona Tel\u00e9fono: 977 24 91 33 Correo electr\u00f3nico: info@icac.cat Horario de atenci\u00f3n al p\u00fablico: de lunes a viernes, de 10 a 14 horas (excepto d\u00edas festivos o de horario especial).<\/p>\n","protected":false},"author":1,"featured_media":0,"parent":21332,"menu_order":199,"comment_status":"closed","ping_status":"closed","template":"","meta":{"_genesis_hide_title":false,"_genesis_hide_breadcrumbs":false,"_genesis_hide_singular_image":false,"_genesis_hide_footer_widgets":false,"_genesis_custom_body_class":"","_genesis_custom_post_class":"","_genesis_layout":""},"_links":{"self":[{"href":"https:\/\/icac.cat\/es\/wp-json\/wp\/v2\/pages\/21368"}],"collection":[{"href":"https:\/\/icac.cat\/es\/wp-json\/wp\/v2\/pages"}],"about":[{"href":"https:\/\/icac.cat\/es\/wp-json\/wp\/v2\/types\/page"}],"author":[{"embeddable":true,"href":"https:\/\/icac.cat\/es\/wp-json\/wp\/v2\/users\/1"}],"replies":[{"embeddable":true,"href":"https:\/\/icac.cat\/es\/wp-json\/wp\/v2\/comments?post=21368"}],"version-history":[{"count":6,"href":"https:\/\/icac.cat\/es\/wp-json\/wp\/v2\/pages\/21368\/revisions"}],"predecessor-version":[{"id":94618,"href":"https:\/\/icac.cat\/es\/wp-json\/wp\/v2\/pages\/21368\/revisions\/94618"}],"up":[{"embeddable":true,"href":"https:\/\/icac.cat\/es\/wp-json\/wp\/v2\/pages\/21332"}],"wp:attachment":[{"href":"https:\/\/icac.cat\/es\/wp-json\/wp\/v2\/media?parent=21368"}],"curies":[{"name":"wp","href":"https:\/\/api.w.org\/{rel}","templated":true}]}}