{"id":21370,"date":"2015-06-16T08:20:46","date_gmt":"2015-06-16T06:20:46","guid":{"rendered":"http:\/\/www.icac.cat\/es\/quienes-somos\/treballar-a-licac\/"},"modified":"2026-03-10T10:30:13","modified_gmt":"2026-03-10T09:30:13","slug":"trabajar-en-el-icac","status":"publish","type":"page","link":"https:\/\/icac.cat\/es\/quienes-somos\/trabajar-en-el-icac\/","title":{"rendered":"Trabajar en el ICAC"},"content":{"rendered":"<p>El Instituto Catal\u00e1n de Arqueolog\u00eda Cl\u00e1sica abre convocatorias de trabajo propias en las diferentes \u00e1reas que lo integran (ver <a href=\"https:\/\/icac.cat\/es\/quienes-somos\/personal\/\">Personal<\/a>) y es centro receptor de investigadores y t\u00e9cnicos financiados externamente (ver <a href=\"https:\/\/icac.cat\/es\/investigacion\/investigar-en-el-icac\/\">Investigar en el ICAC<\/a>).<\/p>\n<ul>\n<li>Para m\u00e1s informaci\u00f3n o contacto pod\u00e9is dirigiros a <a href=\"mailto:rrhh@icac.cat\" target=\"_blank\" rel=\"noopener\">rrhh@icac.cat<\/a><\/li>\n<\/ul>\n<div class=\"highlight-block\">\n<p>El ICAC sigue los principios de contrataci\u00f3n OTM-R,\u00a0de acuerdo con la implementaci\u00f3n de la\u00a0<a href=\"https:\/\/www.euraxess.es\/spain\/services\/human-resources-strategy-researchers-hrs4r\" target=\"_blank\" rel=\"noopener\">Human Resources Strategy for Researchers<\/a>\u00a0(HRS4R) de la Comisi\u00f3n Europea (el Instituto es un centro con la acreditaci\u00f3n y la etiqueta HRS4R desde 2015.\u00a0<a href=\"https:\/\/icac.cat\/es\/quienes-somos\/excelencia-en-rh\/hr-excellence-in-research\/\" target=\"_blank\" rel=\"noopener\">M\u00e1s informaci\u00f3n aqu\u00ed<\/a>).<\/p>\n<\/div>\n<p><img loading=\"lazy\" class=\"aligncenter size-full wp-image-54115\" src=\"https:\/\/icac.cat\/wp-content\/uploads\/2015\/06\/HRS4R_logo-apaisat.png\" alt=\"HRS4R_logo apaisat\" width=\"383\" height=\"132\" \/><\/p>\n<h6><\/h6>\n<hr \/>\n<ul>\n<li><strong><a href=\"https:\/\/icac.cat\/es\/quienes-somos\/trabajar-en-el-icac\/tablon-de-anuncios\/\">Tabl\u00f3n de anuncios<\/a><\/strong><\/li>\n<\/ul>\n<hr \/>\n<h6><\/h6>\n<ul>\n<li><a href=\"https:\/\/icac.cat\/es\/quienes-somos\/trabajar-en-el-icac\/convocatorias-abiertas\/\" target=\"_blank\" rel=\"noopener\"><strong>Convocatorias abiertas<\/strong><\/a><\/li>\n<\/ul>\n<hr \/>\n<h6><\/h6>\n<ul>\n<li><a href=\"https:\/\/icac.cat\/es\/quienes-somos\/trabajar-en-el-icac\/convocatorias-cerradas\/\" target=\"_blank\" rel=\"noopener\"><strong>Convocatorias cerradas<\/strong><\/a><\/li>\n<\/ul>\n<hr \/>\n<h6><\/h6>\n<p>&nbsp;<\/p>\n","protected":false},"excerpt":{"rendered":"<p>El Instituto Catal\u00e1n de Arqueolog\u00eda Cl\u00e1sica abre convocatorias de trabajo propias en las diferentes \u00e1reas que lo integran (ver Personal) y es centro receptor de investigadores y t\u00e9cnicos financiados externamente (ver Investigar en el ICAC). Para m\u00e1s informaci\u00f3n o contacto pod\u00e9is dirigiros a rrhh@icac.cat El ICAC sigue los principios de contrataci\u00f3n OTM-R,\u00a0de acuerdo con la [&hellip;]<\/p>\n","protected":false},"author":1,"featured_media":0,"parent":21332,"menu_order":185,"comment_status":"closed","ping_status":"closed","template":"","meta":{"_genesis_hide_title":false,"_genesis_hide_breadcrumbs":false,"_genesis_hide_singular_image":false,"_genesis_hide_footer_widgets":false,"_genesis_custom_body_class":"","_genesis_custom_post_class":"","_genesis_layout":""},"_links":{"self":[{"href":"https:\/\/icac.cat\/es\/wp-json\/wp\/v2\/pages\/21370"}],"collection":[{"href":"https:\/\/icac.cat\/es\/wp-json\/wp\/v2\/pages"}],"about":[{"href":"https:\/\/icac.cat\/es\/wp-json\/wp\/v2\/types\/page"}],"author":[{"embeddable":true,"href":"https:\/\/icac.cat\/es\/wp-json\/wp\/v2\/users\/1"}],"replies":[{"embeddable":true,"href":"https:\/\/icac.cat\/es\/wp-json\/wp\/v2\/comments?post=21370"}],"version-history":[{"count":6,"href":"https:\/\/icac.cat\/es\/wp-json\/wp\/v2\/pages\/21370\/revisions"}],"predecessor-version":[{"id":106138,"href":"https:\/\/icac.cat\/es\/wp-json\/wp\/v2\/pages\/21370\/revisions\/106138"}],"up":[{"embeddable":true,"href":"https:\/\/icac.cat\/es\/wp-json\/wp\/v2\/pages\/21332"}],"wp:attachment":[{"href":"https:\/\/icac.cat\/es\/wp-json\/wp\/v2\/media?parent=21370"}],"curies":[{"name":"wp","href":"https:\/\/api.w.org\/{rel}","templated":true}]}}