{"id":21375,"date":"2015-06-16T08:20:12","date_gmt":"2015-06-16T06:20:12","guid":{"rendered":"http:\/\/www.icac.cat\/es\/quienes-somos\/presencia-institucional\/"},"modified":"2022-10-25T13:18:23","modified_gmt":"2022-10-25T11:18:23","slug":"presencia-institucional","status":"publish","type":"page","link":"https:\/\/icac.cat\/es\/quienes-somos\/presencia-institucional\/","title":{"rendered":"Presencia institucional"},"content":{"rendered":"<p><img loading=\"lazy\" class=\"alignleft wp-image-80302 \" src=\"https:\/\/icac.cat\/wp-content\/uploads\/2022\/10\/CERCA-MARCA-A-ENG-400x157.jpg\" alt=\"\" width=\"211\" height=\"83\" srcset=\"https:\/\/icac.cat\/wp-content\/uploads\/2022\/10\/CERCA-MARCA-A-ENG-400x157.jpg 400w, https:\/\/icac.cat\/wp-content\/uploads\/2022\/10\/CERCA-MARCA-A-ENG-1024x401.jpg 1024w, https:\/\/icac.cat\/wp-content\/uploads\/2022\/10\/CERCA-MARCA-A-ENG-768x301.jpg 768w, https:\/\/icac.cat\/wp-content\/uploads\/2022\/10\/CERCA-MARCA-A-ENG-1536x602.jpg 1536w, https:\/\/icac.cat\/wp-content\/uploads\/2022\/10\/CERCA-MARCA-A-ENG.jpg 1830w\" sizes=\"(max-width: 211px) 100vw, 211px\" \/><\/p>\n<p>El Instituto Catal\u00e1n de Arqueolog\u00eda Cl\u00e1sica (ICAC) es un <a href=\"https:\/\/cerca.cat\/centres-cerca\/\" target=\"_blank\" rel=\"noopener\"><strong>centro CERCA<\/strong><\/a>.<\/p>\n<p>&nbsp;<\/p>\n<div class=\"clearfix border-margin-padding-bottom\"><\/div>\n<div class=\"one-third first\"><strong>El ICAC es presente en las siguientes instituciones:<\/strong><\/div>\n<div class=\"two-thirds small-text\">\n<p><img loading=\"lazy\" class=\" wp-image-10902 alignleft\" src=\"https:\/\/icac.cat\/wp-content\/uploads\/2015\/06\/icrea-lt.jpg\" alt=\"icrea-lt\" width=\"100\" height=\"42\" \/><\/p>\n<p><a href=\"https:\/\/www.google.es\/url?sa=t&amp;rct=j&amp;q=&amp;esrc=s&amp;frm=1&amp;source=web&amp;cd=1&amp;sqi=2&amp;ved=0CB8QFjAA&amp;url=https%3A%2F%2Fwww.icrea.cat%2F&amp;ei=I95uVe7lJMeqU_H5gYAD&amp;usg=AFQjCNEYLdz3H2E5GemAesL_4usJN-hNCg&amp;bvm=bv.94911696,d.ZGU\" target=\"_blank\" rel=\"noopener\">Instituci\u00f3 Catalana de Recerca i Estudis Avan\u00e7ats<\/a> (ICREA)<\/p>\n<p>&nbsp;<\/p>\n<p><img loading=\"lazy\" class=\"alignleft wp-image-10904\" src=\"https:\/\/icac.cat\/wp-content\/uploads\/2015\/06\/Acer-lt.jpg\" alt=\"Acer-lt\" width=\"100\" height=\"56\" \/>\u00a0<a href=\"http:\/\/www.acer-catalunya.org\/\" target=\"_blank\" rel=\"noopener\">Associaci\u00f3 Catalana d\u2019Entitats de Recerca<\/a> (ACER)<\/p>\n<p>&nbsp;<\/p>\n<p><img loading=\"lazy\" class=\"alignleft wp-image-10905\" src=\"https:\/\/icac.cat\/wp-content\/uploads\/2015\/06\/logo-ceics-cat-lt.jpg\" alt=\"logo-ceics-cat-lt\" width=\"100\" height=\"37\" \/><\/p>\n<p><a href=\"http:\/\/www.ceics.eu\" target=\"_blank\" rel=\"noopener\">Associaci\u00f3 Pol de Coneixement Catalunya Sud<\/a> (APCC)<\/p>\n<p>&nbsp;<\/p>\n<ul>\n<li><a href=\"http:\/\/sac.gencat.cat\/sacgencat\/AppJava\/organisme_fitxa.jsp?codi=20102\" target=\"_blank\" rel=\"noopener\">Consell Nacional d\u2019Arqueologia i Paleontologia<\/a>\u00a0(\u00f3rgano colegiado de la Generalitat de Catalunya).<\/li>\n<li><a href=\"http:\/\/sac.gencat.cat\/sacgencat\/AppJava\/organisme_fitxa.jsp?codi=20085\" target=\"_blank\" rel=\"noopener\">Comissi\u00f3 de Recerca d\u2019Arqueologia i Paleontologia<\/a>\u00a0(\u00f3rgano colegiado de la Generalitat de Catalunya).<\/li>\n<li><a href=\"https:\/\/www.tarragona.cat\/lajuntament\/govern\/ple\/conselleres-i-consellers\/elvira-vidal-sensi\/agenda\/consell-assessor-en-materia-de-patrimoni-historico-artistic-de-tarragona\" target=\"_blank\" rel=\"noopener\">Consell Assessor del Patrimoni Historicoart\u00edstic de Tarragona<\/a>\u00a0(Ajuntament de Tarragona).<\/li>\n<li><a href=\"https:\/\/www.tarragona.cat\/patrimoni\/tarragona-es-arqueologia\/pla-director-de-la-muralla\" target=\"_blank\" rel=\"noopener\">Comissi\u00f3 de Seguiment del Pla Director de la Muralla<\/a> (Ajuntament de Tarragona).<\/li>\n<li><a href=\"https:\/\/www.tarracobiennal.com\/ca\/pagina\/organitzacio\" target=\"_blank\" rel=\"noopener\">Comit\u00e9 Cient\u00edfico de la Tarraco Biennal<\/a><\/li>\n<\/ul>\n<\/div>\n<div class=\"clearfix border-margin-padding-bottom\"><\/div>\n<div class=\"clearfix border-margin-padding-bottom\"><\/div>\n<div class=\"one-third first\"><strong>El ICAC pertenece a estas sociedades:<\/strong><\/div>\n<div class=\"two-thirds small-text\">\n<ul>\n<li><a href=\"http:\/\/www.icom-ce.org\/\" target=\"_blank\" rel=\"noopener\">Consejo Internacional de Museos<\/a> (ICOM Espa\u00f1a)<\/li>\n<li><a href=\"http:\/\/www.amigos-dai.org\/\" target=\"_blank\" rel=\"noopener\">Amigos del Instituto Arqueol\u00f3gico Alem\u00e1n de Madrid<\/a> (DAI Madrid)<\/li>\n<li><a href=\"http:\/\/www.estudiosclasicos.org\/\" target=\"_blank\" rel=\"noopener\">Sociedad Espa\u00f1ola de Estudios Cl\u00e1sicos<\/a> (SEEC)<\/li>\n<li><a href=\"http:\/\/www.scarqueologia.com\/\" target=\"_blank\" rel=\"noopener\">Societat Catalana d\u2019Arqueologia<\/a> (SCA)<\/li>\n<\/ul>\n<\/div>\n<div class=\"clearfix border-margin-padding-bottom\"><\/div>\n<div class=\"one-third first\"><strong>El ICAC tiene los reconocimientos y distinciones siguientes:<\/strong><\/div>\n<div class=\"two-thirds small-text\">\n<ul>\n<li>Centro de excelencia en recursos humanos <a href=\"https:\/\/icac.cat\/es\/quienes-somos\/excel%c2%b7lencia-en-rh\/\" target=\"_blank\" rel=\"noopener\">HR Excellence in Research<\/a> seg\u00fan la Human Resources Strategy for Researchers (HRS4R) de la Comisi\u00f3n Europea. <a href=\"\/?p=6372\" target=\"_blank\" rel=\"noopener\">Desde el mes de marzo de 2015<\/a><\/li>\n<li>Premio a la Promoci\u00f3n y Defensa de los Estudios Cl\u00e1sicos de la Sociedad Espa\u00f1ola de Estudios Cl\u00e1sicos (<a href=\"http:\/\/www.estudiosclasicos.org\/\" target=\"_blank\" rel=\"noopener\">SEEC<\/a>). <a href=\"\/?p=4601\" target=\"_blank\" rel=\"noopener\">3 de junio de 2011<\/a><\/li>\n<li>Centro de reconocimiento p\u00fablico para organizar actividades de formaci\u00f3n permanente dirigidas al profesorado de ense\u00f1anza no universitaria. <a href=\"\/?p=5521\" target=\"_blank\" rel=\"noopener\">Desde el mes de setembre de 2013<\/a><\/li>\n<li><a href=\"https:\/\/icac.cat\/actualitat\/noticies\/2017\/solcant-la-historia-rep-la-distincio-carles-miralles-en-els-xxiv-premis-auriga\/\" target=\"_blank\" rel=\"noopener\">Premio Carles Miralles 2016<\/a>\u00a0 de experiencias docentes relacionadas con el mundo cl\u00e1sico, por el proyecto Surcando el pasado.<\/li>\n<\/ul>\n<\/div>\n<div class=\"clearfix border-margin-padding-bottom\"><\/div>\n<div class=\"one-third first\"><strong>El ICAC colabora con:<\/strong><\/div>\n<div class=\"two-thirds small-text\">\n<ul>\n<li><a href=\"http:\/\/www.uab.cat\/web\/investigar\/campus-d-arqueologia-i-paleontologia-uab-1345697647924.html\" target=\"_blank\" rel=\"noopener\">Campus de Arqueolog\u00eda y Paleontolog\u00eda de la UAB<\/a>, dentro de la red de patrimonio cultural de la Esfera UAB-CEI<\/li>\n<\/ul>\n<\/div>\n","protected":false},"excerpt":{"rendered":"<p>El Instituto Catal\u00e1n de Arqueolog\u00eda Cl\u00e1sica (ICAC) es un centro CERCA. &nbsp; El ICAC es presente en las siguientes instituciones: Instituci\u00f3 Catalana de Recerca i Estudis Avan\u00e7ats (ICREA) &nbsp; \u00a0Associaci\u00f3 Catalana d\u2019Entitats de Recerca (ACER) &nbsp; Associaci\u00f3 Pol de Coneixement Catalunya Sud (APCC) &nbsp; Consell Nacional d\u2019Arqueologia i Paleontologia\u00a0(\u00f3rgano colegiado de la Generalitat de Catalunya). [&hellip;]<\/p>\n","protected":false},"author":1,"featured_media":0,"parent":21332,"menu_order":170,"comment_status":"closed","ping_status":"closed","template":"","meta":{"_genesis_hide_title":false,"_genesis_hide_breadcrumbs":false,"_genesis_hide_singular_image":false,"_genesis_hide_footer_widgets":false,"_genesis_custom_body_class":"","_genesis_custom_post_class":"","_genesis_layout":""},"_links":{"self":[{"href":"https:\/\/icac.cat\/es\/wp-json\/wp\/v2\/pages\/21375"}],"collection":[{"href":"https:\/\/icac.cat\/es\/wp-json\/wp\/v2\/pages"}],"about":[{"href":"https:\/\/icac.cat\/es\/wp-json\/wp\/v2\/types\/page"}],"author":[{"embeddable":true,"href":"https:\/\/icac.cat\/es\/wp-json\/wp\/v2\/users\/1"}],"replies":[{"embeddable":true,"href":"https:\/\/icac.cat\/es\/wp-json\/wp\/v2\/comments?post=21375"}],"version-history":[{"count":6,"href":"https:\/\/icac.cat\/es\/wp-json\/wp\/v2\/pages\/21375\/revisions"}],"predecessor-version":[{"id":80349,"href":"https:\/\/icac.cat\/es\/wp-json\/wp\/v2\/pages\/21375\/revisions\/80349"}],"up":[{"embeddable":true,"href":"https:\/\/icac.cat\/es\/wp-json\/wp\/v2\/pages\/21332"}],"wp:attachment":[{"href":"https:\/\/icac.cat\/es\/wp-json\/wp\/v2\/media?parent=21375"}],"curies":[{"name":"wp","href":"https:\/\/api.w.org\/{rel}","templated":true}]}}