{"id":21385,"date":"2015-06-16T08:19:07","date_gmt":"2015-06-16T06:19:07","guid":{"rendered":"http:\/\/www.icac.cat\/es\/quienes-somos\/organitzacio\/"},"modified":"2024-02-15T10:30:07","modified_gmt":"2024-02-15T09:30:07","slug":"organizacion","status":"publish","type":"page","link":"https:\/\/icac.cat\/es\/quienes-somos\/organizacion\/","title":{"rendered":"Organizaci\u00f3n"},"content":{"rendered":"<h3>\u00d3rganos del ICAC<\/h3>\n<h5>\u00d3rganos colegiados<\/h5>\n<p><a href=\"https:\/\/icac.cat\/es\/quienes-somos\/institucion\/consejo-de-direccion\/\">Consejo de Direcci\u00f3n<\/a><br \/>\n<a href=\"https:\/\/icac.cat\/es\/quienes-somos\/institucion\/consejo-cientifico-asesor\/\">Consejo Cient\u00edfico Asesor<\/a><\/p>\n<h5>\u00d3rganos individuales<\/h5>\n<p><strong>Director<\/strong><br \/>\nM\u00e1ximo responsable ordinario del ICAC, dirige la ejecuci\u00f3n de los acuerdos del Consejo de Direcci\u00f3n.<\/p>\n<p><strong>Subdirector<\/strong><br \/>\nCoordina la actividad cient\u00edfica y de formaci\u00f3n avanzada.<\/p>\n<p><strong>Administrador<\/strong><br \/>\nResponsable de la gesti\u00f3n administrativa y econ\u00f3mica y de las actividades no cient\u00edficas del Instituto.<\/p>\n<h3>Organigrama<\/h3>\n<p><a href=\"https:\/\/icac.cat\/wp-content\/uploads\/2024\/02\/ICAC-organigrama-2024.jpg\"><img loading=\"lazy\" class=\"aligncenter size-full wp-image-91368\" src=\"https:\/\/icac.cat\/wp-content\/uploads\/2024\/02\/ICAC-organigrama-2024.jpg\" alt=\"\" width=\"2000\" height=\"1125\" srcset=\"https:\/\/icac.cat\/wp-content\/uploads\/2024\/02\/ICAC-organigrama-2024.jpg 2000w, https:\/\/icac.cat\/wp-content\/uploads\/2024\/02\/ICAC-organigrama-2024-400x225.jpg 400w, https:\/\/icac.cat\/wp-content\/uploads\/2024\/02\/ICAC-organigrama-2024-1024x576.jpg 1024w, https:\/\/icac.cat\/wp-content\/uploads\/2024\/02\/ICAC-organigrama-2024-768x432.jpg 768w, https:\/\/icac.cat\/wp-content\/uploads\/2024\/02\/ICAC-organigrama-2024-1536x864.jpg 1536w\" sizes=\"(max-width: 2000px) 100vw, 2000px\" \/><\/a><\/p>\n<p>&nbsp;<\/p>\n<p>&nbsp;<\/p>\n<div class=\"highlight-block\">\n<p>El personal del Instituto Catal\u00e1n de Arqueolog\u00eda Cl\u00e1sica est\u00e1 formado por personal investigador, personal de servicios cientifico-t\u00e9cnicos y personal de gesti\u00f3n y apoyo a la investigaci\u00f3n.<\/p>\n<\/div>\n<p>En relaci\u00f3n al personal investigador, el ICAC cuenta con cuatro tipos de investigadores\/as:<\/p>\n<h5>Personal investigador contractado<\/h5>\n<p>Es el personal investigador contratado a trav\u00e9s de ofertas de trabajo convocadas por el Instituto o convocatorias p\u00fablicas de investigaci\u00f3n. Este personal se responsabiliza y colabora en los proyectos de investigaci\u00f3n aprobados, pertenece a un equipo de investigaci\u00f3n y puede participar en los cursos de formaci\u00f3n avanzada que organice el Instituto. En el conjunto de investigadores contratados hay que incluir tambi\u00e9n los profesores de la Universitat Rovira i Virgili que tienen vinculada su investigaci\u00f3n en el ICAC.<\/p>\n<h5>Personal investigador adscrito<\/h5>\n<p>Es el personal investigador pertenecen a otros centros de investigaci\u00f3n (profesorado universitario, conservadores\/as de museos&#8230;) y que se adscribe voluntariamente en un equipo de investigaci\u00f3n del ICAC, ya sea para participar activamente en la programaci\u00f3n de las actividades del ICAC como para desarrollar proyectos, programas o l\u00edneas de investigaci\u00f3n en el que participa el Instituto con apoyo econ\u00f3mico externo o propio.<\/p>\n<p>Con esta figura, el ICAC puede disfrutar de la colaboraci\u00f3n de investigadores de otras instituciones mediante la firma de los convenios de colaboraci\u00f3n con las instituciones respectivas para regular los t\u00e9rminos de esta colaboraci\u00f3n.<\/p>\n<p>El ICAC cuenta tambi\u00e9n con investigadores\/as individuales que quieren participar activamente de la investigaci\u00f3n del Instituto como personal investigador adscrito.<\/p>\n<h5>Personal investigador colaborador y visitante<\/h5>\n<p>Es el personal investigador de otros centros de investigaci\u00f3n (profesorado universitario , conservadores de museos , etc.) que manifiesta inter\u00e9s por las tareas del ICAC y su voluntad de colaborar puntualmente o de hacer un seguimiento general. A medida que este tipo de investigador\/a se implica en las tareas del ICAC, puede pasar a ser personal investigador adscrito. As\u00ed mismo, el Instituto puede contar con especialistas de reconocido prestigio que, en calidad de investigadores visitantes, participan en las actividades espec\u00edficas de investigaci\u00f3n o en los cursos de formaci\u00f3n avanzada.<\/p>\n<h5>Personal investigador en formaci\u00f3n<\/h5>\n<p>Es el personal que consigue estar vinculado con el ICAC a trav\u00e9s de convocatorias p\u00fablicas de investigaci\u00f3n (del Ministerio, de la Generalitat de Catalunya o de otros) o bien directamente por el ICAC mediante convocatorias propias.<\/p>\n<ul>\n<li>Con la figura del <strong>personal investigador predoctoral<\/strong>, el Instituto pretende fomentar la formaci\u00f3n de personal investigador. Este personal desarrollar\u00e1 la investigaci\u00f3n b\u00e1sicamente en el marco de uno o m\u00e1s proyectos aprobados por el Instituto.<\/li>\n<li><strong>Programa de Iniciaci\u00f3n a la Investigaci\u00f3n (PIR)<\/strong>:\u00a0<span class=\"TextRun BCX0 SCXW146086040\" lang=\"CA-ES\" xml:lang=\"CA-ES\" data-contrast=\"auto\"><span class=\"NormalTextRun BCX0 SCXW146086040\">El Programa de Iniciaci\u00f3n a la Investigaci\u00f3n (PIR, de las siglas en catal\u00e1n) en el campo de la arqueolog\u00eda cl\u00e1sica del ICAC tiene por objeto completar la formaci\u00f3n de los y las estudiantes del m\u00e1ster en Arqueolog\u00eda Cl\u00e1sica organizado por la Universidad Aut\u00f3noma de Barcelona, la Universidad Rovira i Virgili y el ICAC. Los participantes del programa colaboran en los equipos de investigaci\u00f3n del ICAC y se inician as\u00ed en el campo de la investigaci\u00f3n.<\/span><\/span><\/li>\n<\/ul>\n<p>&nbsp;<\/p>\n","protected":false},"excerpt":{"rendered":"<p>\u00d3rganos del ICAC \u00d3rganos colegiados Consejo de Direcci\u00f3n Consejo Cient\u00edfico Asesor \u00d3rganos individuales Director M\u00e1ximo responsable ordinario del ICAC, dirige la ejecuci\u00f3n de los acuerdos del Consejo de Direcci\u00f3n. Subdirector Coordina la actividad cient\u00edfica y de formaci\u00f3n avanzada. Administrador Responsable de la gesti\u00f3n administrativa y econ\u00f3mica y de las actividades no cient\u00edficas del Instituto. Organigrama [&hellip;]<\/p>\n","protected":false},"author":1,"featured_media":0,"parent":21332,"menu_order":130,"comment_status":"closed","ping_status":"closed","template":"","meta":{"_genesis_hide_title":false,"_genesis_hide_breadcrumbs":false,"_genesis_hide_singular_image":false,"_genesis_hide_footer_widgets":false,"_genesis_custom_body_class":"","_genesis_custom_post_class":"","_genesis_layout":""},"_links":{"self":[{"href":"https:\/\/icac.cat\/es\/wp-json\/wp\/v2\/pages\/21385"}],"collection":[{"href":"https:\/\/icac.cat\/es\/wp-json\/wp\/v2\/pages"}],"about":[{"href":"https:\/\/icac.cat\/es\/wp-json\/wp\/v2\/types\/page"}],"author":[{"embeddable":true,"href":"https:\/\/icac.cat\/es\/wp-json\/wp\/v2\/users\/1"}],"replies":[{"embeddable":true,"href":"https:\/\/icac.cat\/es\/wp-json\/wp\/v2\/comments?post=21385"}],"version-history":[{"count":6,"href":"https:\/\/icac.cat\/es\/wp-json\/wp\/v2\/pages\/21385\/revisions"}],"predecessor-version":[{"id":91370,"href":"https:\/\/icac.cat\/es\/wp-json\/wp\/v2\/pages\/21385\/revisions\/91370"}],"up":[{"embeddable":true,"href":"https:\/\/icac.cat\/es\/wp-json\/wp\/v2\/pages\/21332"}],"wp:attachment":[{"href":"https:\/\/icac.cat\/es\/wp-json\/wp\/v2\/media?parent=21385"}],"curies":[{"name":"wp","href":"https:\/\/api.w.org\/{rel}","templated":true}]}}