{"id":21389,"date":"2015-06-16T08:16:49","date_gmt":"2015-06-16T06:16:49","guid":{"rendered":"http:\/\/www.icac.cat\/es\/quienes-somos\/salutacio-del-director\/"},"modified":"2020-01-22T14:00:54","modified_gmt":"2020-01-22T13:00:54","slug":"saludo-del-director","status":"publish","type":"page","link":"https:\/\/icac.cat\/es\/quienes-somos\/saludo-del-director\/","title":{"rendered":"Saludo del director"},"content":{"rendered":"<div class=\"one-third first\">\n<figure id=\"attachment_35573\" aria-describedby=\"caption-attachment-35573\" style=\"width: 400px\" class=\"wp-caption alignnone\"><img loading=\"lazy\" class=\"wp-image-35573 size-medium\" src=\"https:\/\/icac.cat\/wp-content\/uploads\/2015\/06\/Palet_JM-400x533.jpg\" alt=\"Josep Maria Palet.\" width=\"400\" height=\"533\" srcset=\"https:\/\/icac.cat\/wp-content\/uploads\/2015\/06\/Palet_JM-400x533.jpg 400w, https:\/\/icac.cat\/wp-content\/uploads\/2015\/06\/Palet_JM.jpg 480w\" sizes=\"(max-width: 400px) 100vw, 400px\" \/><figcaption id=\"caption-attachment-35573\" class=\"wp-caption-text\">Josep Maria Palet<\/figcaption><\/figure>\n<\/div>\n<p class=\"two-thirds\">Me complace daros la bienvenida al Instituto Catal\u00e1n de Arqueolog\u00eda Cl\u00e1sica (ICAC) a trav\u00e9s de la p\u00e1gina web.<\/p>\n<p class=\"two-thirds\">Vivimos tiempos fren\u00e9ticos, intensos, inquietantes y a la vez apasionantes. La arqueolog\u00eda cl\u00e1sica, el estudio del pasado en general, nos libera de las angustias diarias y es a la vez para todos nosotros maestro de vida. Las sociedades y culturas mediterr\u00e1neas y europeas han vivido cambios y vicisitudes hist\u00f3ricas muy diversas a lo largo de su historia.<\/p>\n<h6 class=\"two-thirds\">El estudio del mundo antiguo nos proporciona el placer, la tranquilidad de saber que estamos aqu\u00ed gracias al largo camino recorrido durante tantos siglos. Nada es eterno. Vivimos en un mundo en transformaci\u00f3n.<\/h6>\n<p>El ICAC, lo ver\u00e9is en estas p\u00e1ginas, es un centro de investigaci\u00f3n din\u00e1mico, muy activo, que centra la mirada en la antig\u00fcedad, tanto geogr\u00e1fica como temporalmente, comprendiendo las sociedades y culturas cl\u00e1sicas y precl\u00e1sicas de la cuenca mediterr\u00e1nea, perimediterr\u00e1nea y del continente europeo en general. Somos <strong>un centro de investigaci\u00f3n situado en Tarragona con vocaci\u00f3n internacional<\/strong>.<\/p>\n<p>La arqueolog\u00eda, la antig\u00fcedad, poseen la magia de acercarnos a problemas globales desde la cotidianidad, desde la cultura material entendida en un sentido bien amplio. La emergencia clim\u00e1tica, la resiliencia a los cambios, los conflictos sociales y econ\u00f3micos, son problemas de hoy que ya sufrieron las sociedades del pasado. Pero la arqueolog\u00eda es tambi\u00e9n <strong>patrimonio y cultura<\/strong>, en la medida que nuestra actividad genera unos restos materiales que en manos de la sociedad se convierten patrimonio arqueol\u00f3gico y cultural. La <strong>socializaci\u00f3n<\/strong>, la <strong>transferencia<\/strong>, el <strong>impacto<\/strong> <strong>en la sociedad<\/strong>\u00a0de los resultados de la investigaci\u00f3n es esencial.<\/p>\n<p>Por ello, contribuir a la gesti\u00f3n de este rico patrimonio arqueol\u00f3gico, muy importante justamente en Tarragona, ha sido tambi\u00e9n uno de los retos del Instituto. El centro tiene adem\u00e1s como objetivo la <strong>formaci\u00f3n avanzada<\/strong>, el m\u00e1ster, el doctorado y el fomento de la carrera investigadora de los j\u00f3venes en las diversas etapas, hasta su estabilizaci\u00f3n como investigadores y la consolidaci\u00f3n de los equipos y grupos de investigaci\u00f3n. Son \u00e9stos los ejes vertebradores del \u00e1rbol de la investigaci\u00f3n, sin los cuales nada tendr\u00eda sentido. La formaci\u00f3n de los j\u00f3venes y su inserci\u00f3n en la comunidad investigadora catalana e internacional ha sido una prioridad del Instituto desde sus inicios el a\u00f1o 2002.<\/p>\n<p>El ICAC ha ido ganando prestigio y reconocimiento. Hoy es un centro de referencia internacional en su \u00e1mbito. Reconocido y l\u00edder en innovaci\u00f3n y <strong>desarrollo de proyectos y l\u00edneas de investigaci\u00f3n<\/strong>. El retorno de investigadores formados en el centro despu\u00e9s de un complejo periplo posdoctoral, la captaci\u00f3n de nuevo talento internacional, su financiamiento con programas muy competitivos para liderar proyectos y consolidar los equipos y los nuevos grupos de investigaci\u00f3n, es ya una realidad y lo deber\u00e1 seguir siendo durante los pr\u00f3ximos a\u00f1os. El equilibrio entre la formaci\u00f3n y el fomento de la carrera investigadora y la <strong>atracci\u00f3n de talento<\/strong> es la base para la consolidaci\u00f3n de los equipos de investigaci\u00f3n que con esfuerzo y compromiso impulsan la actividad del Instituto en el marco de la arqueolog\u00eda catalana.<\/p>\n<p>El ICAC inici\u00f3 en 2018 un <strong>cambio de ciclo<\/strong> caracterizado por el crecimiento, la consolidaci\u00f3n y la internacionalizaci\u00f3n. Este momento de cambio importante en el Instituto se ve consolidado, con el inicio de 2020, con el nombramiento del director, la cuarta persona que ocupa este cargo desde la creaci\u00f3n del centro. Entramos, pues, en los a\u00f1os 20 con mucha fuerza y energ\u00eda, conscientes de las dificultades pero alegres y cargados de experiencia y conocimiento; para continuar con \u00e9xito y compromiso toda la labor hecha; para abrir nuevos proyectos internacionales que consoliden a\u00fan m\u00e1s el reconocimiento del centro, el financiamiento, la captaci\u00f3n de talento y el trabajo en equipo.<\/p>\n<p>Compa\u00f1eros\/as, amigos\/as, bienvenidos y bienvenidas al ICAC.<\/p>\n<p>Josep Maria Palet,\u00a0director.<\/p>\n<div class=\"small-text\">Tarragona, 16 de enero de 2020<\/div>\n","protected":false},"excerpt":{"rendered":"<p>Me complace daros la bienvenida al Instituto Catal\u00e1n de Arqueolog\u00eda Cl\u00e1sica (ICAC) a trav\u00e9s de la p\u00e1gina web. Vivimos tiempos fren\u00e9ticos, intensos, inquietantes y a la vez apasionantes. La arqueolog\u00eda cl\u00e1sica, el estudio del pasado en general, nos libera de las angustias diarias y es a la vez para todos nosotros maestro de vida. Las [&hellip;]<\/p>\n","protected":false},"author":1,"featured_media":0,"parent":21332,"menu_order":110,"comment_status":"closed","ping_status":"closed","template":"","meta":{"_genesis_hide_title":false,"_genesis_hide_breadcrumbs":false,"_genesis_hide_singular_image":false,"_genesis_hide_footer_widgets":false,"_genesis_custom_body_class":"","_genesis_custom_post_class":"","_genesis_layout":""},"_links":{"self":[{"href":"https:\/\/icac.cat\/es\/wp-json\/wp\/v2\/pages\/21389"}],"collection":[{"href":"https:\/\/icac.cat\/es\/wp-json\/wp\/v2\/pages"}],"about":[{"href":"https:\/\/icac.cat\/es\/wp-json\/wp\/v2\/types\/page"}],"author":[{"embeddable":true,"href":"https:\/\/icac.cat\/es\/wp-json\/wp\/v2\/users\/1"}],"replies":[{"embeddable":true,"href":"https:\/\/icac.cat\/es\/wp-json\/wp\/v2\/comments?post=21389"}],"version-history":[{"count":8,"href":"https:\/\/icac.cat\/es\/wp-json\/wp\/v2\/pages\/21389\/revisions"}],"predecessor-version":[{"id":45035,"href":"https:\/\/icac.cat\/es\/wp-json\/wp\/v2\/pages\/21389\/revisions\/45035"}],"up":[{"embeddable":true,"href":"https:\/\/icac.cat\/es\/wp-json\/wp\/v2\/pages\/21332"}],"wp:attachment":[{"href":"https:\/\/icac.cat\/es\/wp-json\/wp\/v2\/media?parent=21389"}],"curies":[{"name":"wp","href":"https:\/\/api.w.org\/{rel}","templated":true}]}}