{"id":21419,"date":"2015-06-16T08:18:43","date_gmt":"2015-06-16T06:18:43","guid":{"rendered":"http:\/\/www.icac.cat\/es\/quienes-somos\/institucion\/pla-dactuacio\/"},"modified":"2025-03-05T09:21:09","modified_gmt":"2025-03-05T08:21:09","slug":"plan-de-actuacion","status":"publish","type":"page","link":"https:\/\/icac.cat\/es\/quienes-somos\/institucion\/plan-de-actuacion\/","title":{"rendered":"Plan de actuaci\u00f3n"},"content":{"rendered":"<p>El Plan de actuaci\u00f3n es el documento estrat\u00e9gico con el que el ICAC articula su actividad y define sus l\u00edneas de investigaci\u00f3n. A partir de la <a href=\"https:\/\/icac.cat\/wp-content\/uploads\/2025\/02\/01-ICAC-evaluation-2022-final.pdf\" target=\"_blank\" rel=\"noopener\">evaluaci\u00f3n que el ICAC pas\u00f3 como centro CERCA en noviembre de 2022<\/a>, el <a href=\"https:\/\/icac.cat\/es\/quienes-somos\/institucion\/consejo-de-direccion\/\" target=\"_blank\" rel=\"noopener\">Consejo de Direcci\u00f3n<\/a> del Instituto aprov\u00f3, el pasado diciembre de 2024, las l\u00edneas de actuaci\u00f3n que han de guiar el Instituto de 2025 a 2028, y que quedan recogidas en el <strong>Plan de actuaci\u00f3n 2025-2028<\/strong>. El plan estrat\u00e9gico anterior oper\u00f3 de 2021 a 2024.<\/p>\n<p>El Plan de actuaci\u00f3n incluye una reflexi\u00f3n sobre quienes somos y de d\u00f3nde venimos, y un proyecto del trabajo de investigaci\u00f3n futuro del Instituto. Incluye tambi\u00e9n cuadros de indicadores para dar cuenta de la actividad del centro.<\/p>\n<p>&nbsp;<\/p>\n<div data-carousel-extra='{\"blog_id\":1,\"permalink\":\"https:\\\/\\\/icac.cat\\\/es\\\/quienes-somos\\\/institucion\\\/plan-de-actuacion\\\/\"}' class=\"tiled-gallery type-rectangular\" data-original-width=\"790\"><div class=\"gallery-row\" style=\"width: 785px; height: 98px;\"><div class=\"gallery-group images-1\" style=\"width: 343px; height: 102px;\"><div class=\"tiled-gallery-item tiled-gallery-item-large\"><a href=\"https:\/\/icac.cat\/es\/quienes-somos\/institucion\/estatutos\/logotip-generalitat-de-catalunya_1200px_transparent-2\/\"><img data-attachment-id=\"80326\" data-orig-file=\"https:\/\/icac.cat\/wp-content\/uploads\/2022\/10\/Logotip-Generalitat-de-Catalunya_1200px_transparent.png\" data-orig-size=\"1200,348\" data-comments-opened=\"0\" data-image-meta=\"{&quot;aperture&quot;:&quot;0&quot;,&quot;credit&quot;:&quot;&quot;,&quot;camera&quot;:&quot;&quot;,&quot;caption&quot;:&quot;&quot;,&quot;created_timestamp&quot;:&quot;0&quot;,&quot;copyright&quot;:&quot;&quot;,&quot;focal_length&quot;:&quot;0&quot;,&quot;iso&quot;:&quot;0&quot;,&quot;shutter_speed&quot;:&quot;0&quot;,&quot;title&quot;:&quot;&quot;,&quot;orientation&quot;:&quot;0&quot;}\" data-image-title=\"Logotip Generalitat de Catalunya_1200px_transparent\" data-image-description=\"\" data-medium-file=\"https:\/\/icac.cat\/wp-content\/uploads\/2022\/10\/Logotip-Generalitat-de-Catalunya_1200px_transparent-400x116.png\" data-large-file=\"https:\/\/icac.cat\/wp-content\/uploads\/2022\/10\/Logotip-Generalitat-de-Catalunya_1200px_transparent-1024x297.png\" src=\"https:\/\/icac.cat\/wp-content\/uploads\/2022\/10\/Logotip-Generalitat-de-Catalunya_1200px_transparent-339x98.png\" width=\"339\" height=\"98\" align=\"left\" title=\"Logotip Generalitat de Catalunya_1200px_transparent\" \/><\/a><\/div><\/div><div class=\"gallery-group images-1\" style=\"width: 442px; height: 102px;\"><div class=\"tiled-gallery-item tiled-gallery-item-large\"><a href=\"https:\/\/icac.cat\/es\/quienes-somos\/institucion\/presentacion\/logo-urv_bandera-color-web-urv-2\/\"><img data-attachment-id=\"71819\" data-orig-file=\"https:\/\/icac.cat\/wp-content\/uploads\/2015\/06\/Logo-URV_bandera-color-web-urv.png\" data-orig-size=\"5275,1187\" data-comments-opened=\"0\" data-image-meta=\"{&quot;aperture&quot;:&quot;0&quot;,&quot;credit&quot;:&quot;&quot;,&quot;camera&quot;:&quot;&quot;,&quot;caption&quot;:&quot;&quot;,&quot;created_timestamp&quot;:&quot;0&quot;,&quot;copyright&quot;:&quot;&quot;,&quot;focal_length&quot;:&quot;0&quot;,&quot;iso&quot;:&quot;0&quot;,&quot;shutter_speed&quot;:&quot;0&quot;,&quot;title&quot;:&quot;&quot;,&quot;orientation&quot;:&quot;0&quot;}\" data-image-title=\"Logo URV_bandera color (web urv)\" data-image-description=\"\" data-medium-file=\"https:\/\/icac.cat\/wp-content\/uploads\/2015\/06\/Logo-URV_bandera-color-web-urv-400x90.png\" data-large-file=\"https:\/\/icac.cat\/wp-content\/uploads\/2015\/06\/Logo-URV_bandera-color-web-urv-1024x230.png\" src=\"https:\/\/icac.cat\/wp-content\/uploads\/2015\/06\/Logo-URV_bandera-color-web-urv-438x98.png\" width=\"438\" height=\"98\" align=\"left\" title=\"Logo URV_bandera color (web urv)\" \/><\/a><\/div><\/div><\/div><\/div>\n<p>&nbsp;<\/p>\n<p><img loading=\"lazy\" class=\"aligncenter size-medium wp-image-80302\" src=\"https:\/\/icac.cat\/wp-content\/uploads\/2022\/10\/CERCA-MARCA-A-ENG-400x157.jpg\" alt=\"\" width=\"400\" height=\"157\" srcset=\"https:\/\/icac.cat\/wp-content\/uploads\/2022\/10\/CERCA-MARCA-A-ENG-400x157.jpg 400w, https:\/\/icac.cat\/wp-content\/uploads\/2022\/10\/CERCA-MARCA-A-ENG-1024x401.jpg 1024w, https:\/\/icac.cat\/wp-content\/uploads\/2022\/10\/CERCA-MARCA-A-ENG-768x301.jpg 768w, https:\/\/icac.cat\/wp-content\/uploads\/2022\/10\/CERCA-MARCA-A-ENG-1536x602.jpg 1536w, https:\/\/icac.cat\/wp-content\/uploads\/2022\/10\/CERCA-MARCA-A-ENG.jpg 1830w\" sizes=\"(max-width: 400px) 100vw, 400px\" \/><\/p>\n<p>&nbsp;<\/p>\n<p><img loading=\"lazy\" class=\"size-full wp-image-54115 aligncenter\" src=\"https:\/\/icac.cat\/wp-content\/uploads\/2015\/06\/HRS4R_logo-apaisat.png\" alt=\"\" width=\"383\" height=\"132\" \/><\/p>\n<p style=\"text-align: center;\">El ICAC cuenta con la acreditaci\u00f3n y la etiqueta <strong>HR Excellence in Research<\/strong> desde 2015<\/p>\n<p>&nbsp;<\/p>\n<hr \/>\n<h3>Documentaci\u00f3n<\/h3>\n<ul>\n<li><a href=\"https:\/\/icac.cat\/wp-content\/uploads\/2025\/03\/Pla-dactuacio-2025-2028-091224.pdf\">Plan de actuaci\u00f3n 2025-2028\u00a0<\/a>\u00a0<em>(en catal\u00e1n)<\/em><\/li>\n<li><a href=\"https:\/\/icac.cat\/wp-content\/uploads\/2025\/02\/01-ICAC-evaluation-2022-final.pdf\" target=\"_blank\" rel=\"noopener\">Informe de evaluaci\u00f3n<\/a> 2022 <em>(en ingl\u00e9s)<\/em><\/li>\n<li><a href=\"https:\/\/icac.cat\/wp-content\/uploads\/2015\/06\/Pla-dactuaci\u00f3-2021-2024_ICAC.pdf\" target=\"_blank\" rel=\"noopener\">Plan de actuaci\u00f3n 2021-2024<\/a>\u00a0<em>(en catal\u00e1n)<\/em><\/li>\n<li>I<a href=\"https:\/\/icac.cat\/wp-content\/uploads\/2015\/06\/ICAC_CERCA-Evaluation-2019.pdf\" target=\"_blank\" rel=\"noopener\">nforme de evaluaci\u00f3n 2019<\/a>\u00a0<em>(en ingl\u00e9s)<\/em><\/li>\n<li><a href=\"https:\/\/icac.cat\/wp-content\/uploads\/2015\/06\/pla_actuacio.pdf\">Plan de actuaci\u00f3n 2014-2020<\/a>\u00a0<em>(en catal\u00e1n)<\/em><\/li>\n<li><a href=\"https:\/\/icac.cat\/wp-content\/uploads\/2015\/06\/Informe_avaluacio.pdf\">Informe d&#8217;avaluaci\u00f3 2013<\/a>\u00a0<em>(en catal\u00e1n)<\/em><\/li>\n<\/ul>\n","protected":false},"excerpt":{"rendered":"<p>El Plan de actuaci\u00f3n es el documento estrat\u00e9gico con el que el ICAC articula su actividad y define sus l\u00edneas de investigaci\u00f3n. A partir de la evaluaci\u00f3n que el ICAC pas\u00f3 como centro CERCA en noviembre de 2022, el Consejo de Direcci\u00f3n del Instituto aprov\u00f3, el pasado diciembre de 2024, las l\u00edneas de actuaci\u00f3n que [&hellip;]<\/p>\n","protected":false},"author":1,"featured_media":0,"parent":21387,"menu_order":126,"comment_status":"closed","ping_status":"closed","template":"","meta":{"_genesis_hide_title":false,"_genesis_hide_breadcrumbs":false,"_genesis_hide_singular_image":false,"_genesis_hide_footer_widgets":false,"_genesis_custom_body_class":"","_genesis_custom_post_class":"","_genesis_layout":""},"_links":{"self":[{"href":"https:\/\/icac.cat\/es\/wp-json\/wp\/v2\/pages\/21419"}],"collection":[{"href":"https:\/\/icac.cat\/es\/wp-json\/wp\/v2\/pages"}],"about":[{"href":"https:\/\/icac.cat\/es\/wp-json\/wp\/v2\/types\/page"}],"author":[{"embeddable":true,"href":"https:\/\/icac.cat\/es\/wp-json\/wp\/v2\/users\/1"}],"replies":[{"embeddable":true,"href":"https:\/\/icac.cat\/es\/wp-json\/wp\/v2\/comments?post=21419"}],"version-history":[{"count":6,"href":"https:\/\/icac.cat\/es\/wp-json\/wp\/v2\/pages\/21419\/revisions"}],"predecessor-version":[{"id":98533,"href":"https:\/\/icac.cat\/es\/wp-json\/wp\/v2\/pages\/21419\/revisions\/98533"}],"up":[{"embeddable":true,"href":"https:\/\/icac.cat\/es\/wp-json\/wp\/v2\/pages\/21387"}],"wp:attachment":[{"href":"https:\/\/icac.cat\/es\/wp-json\/wp\/v2\/media?parent=21419"}],"curies":[{"name":"wp","href":"https:\/\/api.w.org\/{rel}","templated":true}]}}