{"id":21421,"date":"2015-06-16T08:18:26","date_gmt":"2015-06-16T06:18:26","guid":{"rendered":"http:\/\/www.icac.cat\/es\/quienes-somos\/institucion\/consell-cientific-assessor\/"},"modified":"2025-12-22T15:52:32","modified_gmt":"2025-12-22T14:52:32","slug":"consejo-cientifico-asesor","status":"publish","type":"page","link":"https:\/\/icac.cat\/es\/quienes-somos\/institucion\/consejo-cientifico-asesor\/","title":{"rendered":"Consejo Cient\u00edfico Asesor"},"content":{"rendered":"<p>El<span id=\"result_box\" class=\"\" lang=\"es\"> Consejo Cient\u00edfico Asesor es un \u00f3rgano colegiado del ICAC integrado por personalidades de reconocido prestigio internacional en el \u00e1mbito de la arqueolog\u00eda cl\u00e1sica. Tiene el objetivo de asesorar al Instituto en su actividad cient\u00edfica y participar en el impulso y la evaluaci\u00f3n del <span class=\"\">cent<\/span><\/span>ro.<\/p>\n<h5>Miembros<\/h5>\n<ul>\n<li><strong>Prof. Dr. Marc Domingo Gygax<\/strong><br \/>\nUniversidad de Princenton (EEUU)<\/li>\n<li><strong>Prof. Dr. Emilio Marin<\/strong><br \/>\nUniversidad Cat\u00f3lica de Croacia (Croacia)<\/li>\n<li><strong>Prof. Dra. Dirce Marzoli<\/strong><br \/>\nInstituto Arqueol\u00f3gico Alem\u00e1n (Espa\u00f1a)<\/li>\n<li><strong>Prof. Dra. Naomi Sykes<\/strong><br \/>\nUniversidad de Exeter (Reino Unido)<\/li>\n<li><strong>Prof. Dra. Margarita Vallejo Girv\u00e9s<\/strong><br \/>\nUniversidad de Alcal\u00e1 de Henares (Espa\u00f1a)<\/li>\n<li><strong>Prof. Dra. Mar Zarzalejos Prieto<\/strong><br \/>\nUniversidad Nacional de Educaci\u00f3n a Distancia, UNED (Espa\u00f1a)<\/li>\n<li><strong>Prof. Dr. <span data-olk-copy-source=\"MessageBody\">\u00c9ric Gailledrat<\/span><\/strong><br \/>\nDirector de Investigaci\u00f3n del CNRS-Universidad de Paul Val\u00e9ry, UMR 5140- <span data-olk-copy-source=\"MessageBody\">Arch\u00e9ologie des Soci\u00e9t\u00e9s M\u00e9diterran\u00e9ennes (ASM) de Montpellier<\/span><\/li>\n<\/ul>\n<hr \/>\n<hr \/>\n<h5>Exmiembros<\/h5>\n<p><strong>G\u00e9za Alf\u00f6ldy<\/strong> (2010-2011)<br \/>\nUniversidad Heidelberg (Alemania) [<a href=\"https:\/\/icac.cat\/wp-content\/uploads\/2015\/06\/alfoldy_ca.pdf\">dosier en homenaje<\/a>]<\/p>\n<p><strong>Vassilis L. Aravantinos <\/strong>(2010-2019)<br \/>\nUniversidad de N\u00e1poles (Italia)<\/p>\n<p><strong>Manuel Bendala Gal\u00e1n <\/strong>(2010-2013)<br \/>\nUniversidad Aut\u00f3noma de Madrid (Espa\u00f1a)<\/p>\n<p><strong>George Fabre <\/strong>(2010-2019)<br \/>\nUniversidad de Pau y los pa\u00edses del Adour (Francia)<\/p>\n<p><strong>Dominique Garcia<\/strong> (2019-2020)<br \/>\nInstitut National de Recherches Arche\u00f3logiques Pr\u00e9ventives (Francia)<\/p>\n<p><strong>Zahi Hawass<\/strong> (2010-2019)<br \/>\nAntiguo Ministro de Antig\u00fcedades del Gobierno de Egipto<\/p>\n<p><strong>Simon Keay<\/strong> (2010-2021)<br \/>\nUniversidad de Southampton (Reino Unido)<\/p>\n<p><strong>Ricardo Olmos Romera<\/strong> (2010-2019)<br \/>\nConsejo Superior de Investigaciones Cient\u00edficas, CSIC (Espa\u00f1a)<\/p>\n<p><strong>Paolo Sommella <\/strong>(2010-2019)<br \/>\nUniversit\u00e0 degli Studi di Roma \u201cLa Sapienza\u201d (Italia)<\/p>\n<p><strong>Prof. Dr. Cameron A. Petrie\u00a0<\/strong>(2022-2025)<br \/>\nUniversidad de Cambridge (Reino Unido)<\/p>\n","protected":false},"excerpt":{"rendered":"<p>El Consejo Cient\u00edfico Asesor es un \u00f3rgano colegiado del ICAC integrado por personalidades de reconocido prestigio internacional en el \u00e1mbito de la arqueolog\u00eda cl\u00e1sica. Tiene el objetivo de asesorar al Instituto en su actividad cient\u00edfica y participar en el impulso y la evaluaci\u00f3n del centro. Miembros Prof. Dr. Marc Domingo Gygax Universidad de Princenton (EEUU) [&hellip;]<\/p>\n","protected":false},"author":1,"featured_media":0,"parent":21387,"menu_order":125,"comment_status":"closed","ping_status":"closed","template":"","meta":{"_genesis_hide_title":false,"_genesis_hide_breadcrumbs":false,"_genesis_hide_singular_image":false,"_genesis_hide_footer_widgets":false,"_genesis_custom_body_class":"","_genesis_custom_post_class":"","_genesis_layout":""},"_links":{"self":[{"href":"https:\/\/icac.cat\/es\/wp-json\/wp\/v2\/pages\/21421"}],"collection":[{"href":"https:\/\/icac.cat\/es\/wp-json\/wp\/v2\/pages"}],"about":[{"href":"https:\/\/icac.cat\/es\/wp-json\/wp\/v2\/types\/page"}],"author":[{"embeddable":true,"href":"https:\/\/icac.cat\/es\/wp-json\/wp\/v2\/users\/1"}],"replies":[{"embeddable":true,"href":"https:\/\/icac.cat\/es\/wp-json\/wp\/v2\/comments?post=21421"}],"version-history":[{"count":6,"href":"https:\/\/icac.cat\/es\/wp-json\/wp\/v2\/pages\/21421\/revisions"}],"predecessor-version":[{"id":104460,"href":"https:\/\/icac.cat\/es\/wp-json\/wp\/v2\/pages\/21421\/revisions\/104460"}],"up":[{"embeddable":true,"href":"https:\/\/icac.cat\/es\/wp-json\/wp\/v2\/pages\/21387"}],"wp:attachment":[{"href":"https:\/\/icac.cat\/es\/wp-json\/wp\/v2\/media?parent=21421"}],"curies":[{"name":"wp","href":"https:\/\/api.w.org\/{rel}","templated":true}]}}