{"id":21424,"date":"2015-06-16T08:18:07","date_gmt":"2015-06-16T06:18:07","guid":{"rendered":"http:\/\/www.icac.cat\/es\/quienes-somos\/institucion\/consell-de-direccio\/"},"modified":"2025-09-03T15:14:07","modified_gmt":"2025-09-03T13:14:07","slug":"consejo-de-direccion","status":"publish","type":"page","link":"https:\/\/icac.cat\/es\/quienes-somos\/institucion\/consejo-de-direccion\/","title":{"rendered":"Consejo de Direcci\u00f3n"},"content":{"rendered":"<p>El Consejo de Direcci\u00f3n es el \u00f3rgano superior de decisi\u00f3n y administraci\u00f3n del Instituto y est\u00e1 formado por:<\/p>\n<h5>\u2014 Presidenta<\/h5>\n<p><strong>N\u00faria Montserrat Pulido<\/strong><br \/>\nConsejera de Investigaci\u00f3n y Universidades<\/p>\n<h5>\u2014 Vicepresidente<\/h5>\n<p><strong>Josep Pallar\u00e8s Marzal<\/strong><br \/>\nRector de la Universidad Rovira i Virgili<\/p>\n<h5>\u2014 Vocales representantes de la Administraci\u00f3n de la Generalitat de Catalu\u00f1a<\/h5>\n<p><strong>Teresa Sanchis Estruch\u00a0<\/strong><br \/>\nDirectora general de Investigaci\u00f3n<br \/>\nDepartamento de Investigaci\u00f3n y Universidades<\/p>\n<p><b>Joaquim Borr\u00e0s G\u00f3mez<\/b><br \/>\nDirector general del Patrimonio Cultural<br \/>\nDepartamento de Cultura<\/p>\n<h5>\u2014 Vocales representantes de la Universidad Rovira i Virgili<\/h5>\n<p><strong>Jordi Diloli Fons<\/strong><br \/>\nVicerrector de Compromiso Social y Sostenibilidad<\/p>\n<p><strong>Urbano Lorenzo Seva<\/strong><br \/>\nVicerector de Pol\u00edtica Cient\u00edfica y Proyectos Interdisciplinarios<\/p>\n<h5>\u2014 Vocales representantes del Consejo Interuniversitario de Catalunya<\/h5>\n<p><strong>Joaquim Pera Isern<\/strong><br \/>\nProfesor de la Universidad Aut\u00f3noma de Barcelona<\/p>\n<p><strong>Miguel \u00c1ngel Cau Ontiveros<\/strong><br \/>\nProfesor de Investigaci\u00f3n ICREA. Universidad de Barcelona<\/p>\n<p>&nbsp;<\/p>\n<h5>\u2014 <strong>Director<br \/>\n<\/strong><\/h5>\n<p><strong>Josep Maria Palet Mart\u00ednez<\/strong><\/p>\n<h5>\u2014 Secretario\/a<\/h5>\n<p><strong>Encarnaci\u00f3 Ricart Mart\u00ed<\/strong><br \/>\nCatedr\u00e1tica Jubilada de la Universitat Rovira i Virgili<\/p>\n","protected":false},"excerpt":{"rendered":"<p>El Consejo de Direcci\u00f3n es el \u00f3rgano superior de decisi\u00f3n y administraci\u00f3n del Instituto y est\u00e1 formado por: \u2014 Presidenta N\u00faria Montserrat Pulido Consejera de Investigaci\u00f3n y Universidades \u2014 Vicepresidente Josep Pallar\u00e8s Marzal Rector de la Universidad Rovira i Virgili \u2014 Vocales representantes de la Administraci\u00f3n de la Generalitat de Catalu\u00f1a Teresa Sanchis Estruch\u00a0 Directora [&hellip;]<\/p>\n","protected":false},"author":1,"featured_media":0,"parent":21387,"menu_order":124,"comment_status":"closed","ping_status":"closed","template":"","meta":{"_genesis_hide_title":false,"_genesis_hide_breadcrumbs":false,"_genesis_hide_singular_image":false,"_genesis_hide_footer_widgets":false,"_genesis_custom_body_class":"","_genesis_custom_post_class":"","_genesis_layout":""},"_links":{"self":[{"href":"https:\/\/icac.cat\/es\/wp-json\/wp\/v2\/pages\/21424"}],"collection":[{"href":"https:\/\/icac.cat\/es\/wp-json\/wp\/v2\/pages"}],"about":[{"href":"https:\/\/icac.cat\/es\/wp-json\/wp\/v2\/types\/page"}],"author":[{"embeddable":true,"href":"https:\/\/icac.cat\/es\/wp-json\/wp\/v2\/users\/1"}],"replies":[{"embeddable":true,"href":"https:\/\/icac.cat\/es\/wp-json\/wp\/v2\/comments?post=21424"}],"version-history":[{"count":8,"href":"https:\/\/icac.cat\/es\/wp-json\/wp\/v2\/pages\/21424\/revisions"}],"predecessor-version":[{"id":101557,"href":"https:\/\/icac.cat\/es\/wp-json\/wp\/v2\/pages\/21424\/revisions\/101557"}],"up":[{"embeddable":true,"href":"https:\/\/icac.cat\/es\/wp-json\/wp\/v2\/pages\/21387"}],"wp:attachment":[{"href":"https:\/\/icac.cat\/es\/wp-json\/wp\/v2\/media?parent=21424"}],"curies":[{"name":"wp","href":"https:\/\/api.w.org\/{rel}","templated":true}]}}