{"id":21426,"date":"2015-06-16T08:17:54","date_gmt":"2015-06-16T06:17:54","guid":{"rendered":"http:\/\/www.icac.cat\/es\/quienes-somos\/institucion\/institut-universitari\/"},"modified":"2016-09-02T12:31:15","modified_gmt":"2016-09-02T10:31:15","slug":"instituto-universitario","status":"publish","type":"page","link":"https:\/\/icac.cat\/es\/quienes-somos\/institucion\/instituto-universitario\/","title":{"rendered":"Instituto universitario"},"content":{"rendered":"<h5>Instituto universitario adscrito a la Universitat Rovira i Virgili<\/h5>\n<p>El 10 de diciembre de 2003 se public\u00f3 en el <em>Diari Oficial de la Generalitat de Catalunya<\/em>, la <a href=\"https:\/\/icac.cat\/wp-content\/uploads\/2015\/06\/adscripcion.pdf\">Orden UNI\/485\/2003<\/a>, de 21 de noviembre, por la cual se aprueba la adscripci\u00f3n del Instituto Catal\u00e1n de Arqueolog\u00eda Cl\u00e1sica como instituto universitario de investigaci\u00f3n a la Universitat Rovira i Virgili.<\/p>\n","protected":false},"excerpt":{"rendered":"<p>Instituto universitario adscrito a la Universitat Rovira i Virgili El 10 de diciembre de 2003 se public\u00f3 en el Diari Oficial de la Generalitat de Catalunya, la Orden UNI\/485\/2003, de 21 de noviembre, por la cual se aprueba la adscripci\u00f3n del Instituto Catal\u00e1n de Arqueolog\u00eda Cl\u00e1sica como instituto universitario de investigaci\u00f3n a la Universitat Rovira [&hellip;]<\/p>\n","protected":false},"author":1,"featured_media":0,"parent":21387,"menu_order":123,"comment_status":"closed","ping_status":"closed","template":"","meta":{"_genesis_hide_title":false,"_genesis_hide_breadcrumbs":false,"_genesis_hide_singular_image":false,"_genesis_hide_footer_widgets":false,"_genesis_custom_body_class":"","_genesis_custom_post_class":"","_genesis_layout":""},"_links":{"self":[{"href":"https:\/\/icac.cat\/es\/wp-json\/wp\/v2\/pages\/21426"}],"collection":[{"href":"https:\/\/icac.cat\/es\/wp-json\/wp\/v2\/pages"}],"about":[{"href":"https:\/\/icac.cat\/es\/wp-json\/wp\/v2\/types\/page"}],"author":[{"embeddable":true,"href":"https:\/\/icac.cat\/es\/wp-json\/wp\/v2\/users\/1"}],"replies":[{"embeddable":true,"href":"https:\/\/icac.cat\/es\/wp-json\/wp\/v2\/comments?post=21426"}],"version-history":[{"count":4,"href":"https:\/\/icac.cat\/es\/wp-json\/wp\/v2\/pages\/21426\/revisions"}],"predecessor-version":[{"id":22132,"href":"https:\/\/icac.cat\/es\/wp-json\/wp\/v2\/pages\/21426\/revisions\/22132"}],"up":[{"embeddable":true,"href":"https:\/\/icac.cat\/es\/wp-json\/wp\/v2\/pages\/21387"}],"wp:attachment":[{"href":"https:\/\/icac.cat\/es\/wp-json\/wp\/v2\/media?parent=21426"}],"curies":[{"name":"wp","href":"https:\/\/api.w.org\/{rel}","templated":true}]}}