{"id":21429,"date":"2015-06-16T08:17:35","date_gmt":"2015-06-16T06:17:35","guid":{"rendered":"http:\/\/www.icac.cat\/es\/quienes-somos\/institucion\/estatuts\/"},"modified":"2022-10-25T13:06:11","modified_gmt":"2022-10-25T11:06:11","slug":"estatutos","status":"publish","type":"page","link":"https:\/\/icac.cat\/es\/quienes-somos\/institucion\/estatutos\/","title":{"rendered":"Estatutos"},"content":{"rendered":"<p><span id=\"result_box\" class=\"\" lang=\"es\">El <strong>Instituto Catal\u00e1n de Arqueolog\u00eda Cl\u00e1sica (ICAC)<\/strong> es un centro p\u00fablico de investigaci\u00f3n\u00a0que tiene por finalidad la investigaci\u00f3n, la formaci\u00f3n avanzada y la difusi\u00f3n de la civilizaci\u00f3n y cultura cl\u00e1sicas.<\/span><\/p>\n<p>El ICAC\u00a0fue creado por la <strong>Generalitat de Catalu\u00f1a<\/strong> y la <strong>Universitat Rovira i Virgili<\/strong>, con la participaci\u00f3n del Consejo Interuniversitario de Catalu\u00f1a, por el Acuerdo de Gobierno de la Generalitat de Catalunya de 2 de mayo de 2000 (DOGC n\u00fam. 3143, de 19 <span class=\"\">de mayo) y ha tomado la forma de <strong>consorcio<\/strong>.<\/span><\/p>\n<p>Sus <a href=\"https:\/\/icac.cat\/wp-content\/uploads\/2015\/06\/estatuts.pdf\" target=\"_blank\" rel=\"noopener\"><strong>Estatutos<\/strong> <\/a>fueron publicados en el\u00a0<em>Diari Oficial de la Generalitat de Catalunya<\/em>, n\u00famero 3143, el 19 de mayo de 2000. El Instituto es una entidad jur\u00eddica p\u00fablica, de car\u00e1cter institucional, y tiene personalidad jur\u00eddica propia para la realizaci\u00f3n de sus objetivos.<\/p>\n<p><span title=\"L'Institut t\u00e9 la consideraci\u00f3 de centre de recerca de Catalunya, identificat com a centre CERCA, i li \u00e9s d'aplicaci\u00f3 el r\u00e8gim jur\u00eddic establert al cap\u00edtol IV del t\u00edtol II de la Llei 7\/2011, de 27 de juliol, de mesures fiscals\">El Instituto tiene la consideraci\u00f3n de centro de investigaci\u00f3n de Catalu\u00f1a, identificado como\u00a0<a href=\"https:\/\/cerca.cat\/alfabetic\/\" target=\"_blank\" rel=\"noopener\"><strong>centro CERCA<\/strong><\/a>, y le es de aplicaci\u00f3n el r\u00e9gimen jur\u00eddico establecido en el cap\u00edtulo IV del t\u00edtulo II de la Ley 7\/2011, de 27 de julio, de medidas fiscales\u00a0<\/span><span title=\"i financeres, la disposici\u00f3 addicional vuitena d'aquesta Llei, i la resta de normativa espec\u00edfica que la Generalitat de Catalunya dicti en mat\u00e8ria de recerca. \">y financieras, la disposici\u00f3n adicional octava de esta Ley, y dem\u00e1s normativa espec\u00edfica que la Generalidad de Catalu\u00f1a dicte en materia de investigaci\u00f3n.<\/span><\/p>\n<ul>\n<li><a class=\"icona-pdf\" href=\"https:\/\/icac.cat\/wp-content\/uploads\/2015\/06\/estatuts.pdf\" target=\"_blank\" rel=\"noopener\">Estatutos (actualizaci\u00f3n: octubre 2015)<\/a><\/li>\n<\/ul>\n<p>&nbsp;<\/p>\n<div data-carousel-extra='{\"blog_id\":1,\"permalink\":\"https:\\\/\\\/icac.cat\\\/es\\\/quienes-somos\\\/institucion\\\/estatutos\\\/\"}' class=\"tiled-gallery type-rectangular\" data-original-width=\"790\"><div class=\"gallery-row\" style=\"width: 785px; height: 98px;\"><div class=\"gallery-group images-1\" style=\"width: 343px; height: 102px;\"><div class=\"tiled-gallery-item tiled-gallery-item-large\"><a href=\"https:\/\/icac.cat\/es\/quienes-somos\/institucion\/estatutos\/logotip-generalitat-de-catalunya_1200px_transparent-2\/\"><img data-attachment-id=\"80326\" data-orig-file=\"https:\/\/icac.cat\/wp-content\/uploads\/2022\/10\/Logotip-Generalitat-de-Catalunya_1200px_transparent.png\" data-orig-size=\"1200,348\" data-comments-opened=\"0\" data-image-meta=\"{&quot;aperture&quot;:&quot;0&quot;,&quot;credit&quot;:&quot;&quot;,&quot;camera&quot;:&quot;&quot;,&quot;caption&quot;:&quot;&quot;,&quot;created_timestamp&quot;:&quot;0&quot;,&quot;copyright&quot;:&quot;&quot;,&quot;focal_length&quot;:&quot;0&quot;,&quot;iso&quot;:&quot;0&quot;,&quot;shutter_speed&quot;:&quot;0&quot;,&quot;title&quot;:&quot;&quot;,&quot;orientation&quot;:&quot;0&quot;}\" data-image-title=\"Logotip Generalitat de Catalunya_1200px_transparent\" data-image-description=\"\" data-medium-file=\"https:\/\/icac.cat\/wp-content\/uploads\/2022\/10\/Logotip-Generalitat-de-Catalunya_1200px_transparent-400x116.png\" data-large-file=\"https:\/\/icac.cat\/wp-content\/uploads\/2022\/10\/Logotip-Generalitat-de-Catalunya_1200px_transparent-1024x297.png\" src=\"https:\/\/icac.cat\/wp-content\/uploads\/2022\/10\/Logotip-Generalitat-de-Catalunya_1200px_transparent-339x98.png\" width=\"339\" height=\"98\" align=\"left\" title=\"Logotip Generalitat de Catalunya_1200px_transparent\" \/><\/a><\/div><\/div><div class=\"gallery-group images-1\" style=\"width: 442px; height: 102px;\"><div class=\"tiled-gallery-item tiled-gallery-item-large\"><a href=\"https:\/\/icac.cat\/es\/quienes-somos\/institucion\/presentacion\/logo-urv_bandera-color-web-urv-2\/\"><img data-attachment-id=\"71819\" data-orig-file=\"https:\/\/icac.cat\/wp-content\/uploads\/2015\/06\/Logo-URV_bandera-color-web-urv.png\" data-orig-size=\"5275,1187\" data-comments-opened=\"0\" data-image-meta=\"{&quot;aperture&quot;:&quot;0&quot;,&quot;credit&quot;:&quot;&quot;,&quot;camera&quot;:&quot;&quot;,&quot;caption&quot;:&quot;&quot;,&quot;created_timestamp&quot;:&quot;0&quot;,&quot;copyright&quot;:&quot;&quot;,&quot;focal_length&quot;:&quot;0&quot;,&quot;iso&quot;:&quot;0&quot;,&quot;shutter_speed&quot;:&quot;0&quot;,&quot;title&quot;:&quot;&quot;,&quot;orientation&quot;:&quot;0&quot;}\" data-image-title=\"Logo URV_bandera color (web urv)\" data-image-description=\"\" data-medium-file=\"https:\/\/icac.cat\/wp-content\/uploads\/2015\/06\/Logo-URV_bandera-color-web-urv-400x90.png\" data-large-file=\"https:\/\/icac.cat\/wp-content\/uploads\/2015\/06\/Logo-URV_bandera-color-web-urv-1024x230.png\" src=\"https:\/\/icac.cat\/wp-content\/uploads\/2015\/06\/Logo-URV_bandera-color-web-urv-438x98.png\" width=\"438\" height=\"98\" align=\"left\" title=\"Logo URV_bandera color (web urv)\" \/><\/a><\/div><\/div><\/div><\/div>\n<p><img loading=\"lazy\" class=\"aligncenter size-medium wp-image-80302\" src=\"https:\/\/icac.cat\/wp-content\/uploads\/2022\/10\/CERCA-MARCA-A-ENG-400x157.jpg\" alt=\"\" width=\"400\" height=\"157\" srcset=\"https:\/\/icac.cat\/wp-content\/uploads\/2022\/10\/CERCA-MARCA-A-ENG-400x157.jpg 400w, https:\/\/icac.cat\/wp-content\/uploads\/2022\/10\/CERCA-MARCA-A-ENG-1024x401.jpg 1024w, https:\/\/icac.cat\/wp-content\/uploads\/2022\/10\/CERCA-MARCA-A-ENG-768x301.jpg 768w, https:\/\/icac.cat\/wp-content\/uploads\/2022\/10\/CERCA-MARCA-A-ENG-1536x602.jpg 1536w, https:\/\/icac.cat\/wp-content\/uploads\/2022\/10\/CERCA-MARCA-A-ENG.jpg 1830w\" sizes=\"(max-width: 400px) 100vw, 400px\" \/><\/p>\n<p>&nbsp;<\/p>\n<p>&nbsp;<\/p>\n<p>&nbsp;<\/p>\n<p>&nbsp;<\/p>\n","protected":false},"excerpt":{"rendered":"<p>El Instituto Catal\u00e1n de Arqueolog\u00eda Cl\u00e1sica (ICAC) es un centro p\u00fablico de investigaci\u00f3n\u00a0que tiene por finalidad la investigaci\u00f3n, la formaci\u00f3n avanzada y la difusi\u00f3n de la civilizaci\u00f3n y cultura cl\u00e1sicas. El ICAC\u00a0fue creado por la Generalitat de Catalu\u00f1a y la Universitat Rovira i Virgili, con la participaci\u00f3n del Consejo Interuniversitario de Catalu\u00f1a, por el Acuerdo [&hellip;]<\/p>\n","protected":false},"author":1,"featured_media":0,"parent":21387,"menu_order":122,"comment_status":"closed","ping_status":"closed","template":"","meta":{"_genesis_hide_title":false,"_genesis_hide_breadcrumbs":false,"_genesis_hide_singular_image":false,"_genesis_hide_footer_widgets":false,"_genesis_custom_body_class":"","_genesis_custom_post_class":"","_genesis_layout":""},"_links":{"self":[{"href":"https:\/\/icac.cat\/es\/wp-json\/wp\/v2\/pages\/21429"}],"collection":[{"href":"https:\/\/icac.cat\/es\/wp-json\/wp\/v2\/pages"}],"about":[{"href":"https:\/\/icac.cat\/es\/wp-json\/wp\/v2\/types\/page"}],"author":[{"embeddable":true,"href":"https:\/\/icac.cat\/es\/wp-json\/wp\/v2\/users\/1"}],"replies":[{"embeddable":true,"href":"https:\/\/icac.cat\/es\/wp-json\/wp\/v2\/comments?post=21429"}],"version-history":[{"count":6,"href":"https:\/\/icac.cat\/es\/wp-json\/wp\/v2\/pages\/21429\/revisions"}],"predecessor-version":[{"id":80333,"href":"https:\/\/icac.cat\/es\/wp-json\/wp\/v2\/pages\/21429\/revisions\/80333"}],"up":[{"embeddable":true,"href":"https:\/\/icac.cat\/es\/wp-json\/wp\/v2\/pages\/21387"}],"wp:attachment":[{"href":"https:\/\/icac.cat\/es\/wp-json\/wp\/v2\/media?parent=21429"}],"curies":[{"name":"wp","href":"https:\/\/api.w.org\/{rel}","templated":true}]}}