{"id":21431,"date":"2015-06-16T08:17:20","date_gmt":"2015-06-16T06:17:20","guid":{"rendered":"http:\/\/www.icac.cat\/es\/quienes-somos\/institucion\/presentacio\/"},"modified":"2022-10-25T13:30:28","modified_gmt":"2022-10-25T11:30:28","slug":"presentacion","status":"publish","type":"page","link":"https:\/\/icac.cat\/es\/quienes-somos\/institucion\/presentacion\/","title":{"rendered":"Presentaci\u00f3n"},"content":{"rendered":"<p><span id=\"result_box\" class=\"\" lang=\"es\"><span title=\"L\u2019Institut Catal\u00e0 d\u2019Arqueologia Cl\u00e0ssica (ICAC) \u00e9s un centre de recerca p\u00fablic en arqueologia cl\u00e0ssica creat per la Generalitat de Catalunya i la Universitat Rovira i Virgili (URV), amb la participaci\u00f3 del Consell Interuniversitari de Catalunya.\">El <strong>Instituto Catal\u00e1n de Arqueolog\u00eda Cl\u00e1sica (ICAC)<\/strong> es un centro de investigaci\u00f3n p\u00fablico en arqueolog\u00eda cl\u00e1sica creado por la Generalitat de Catalu\u00f1a y la Universitat Rovira i Virgili (URV), con la participaci\u00f3n del Consejo Interuniversitario de Catalu\u00f1a. <\/span><span title=\"T\u00e9 com a finalitat la recerca, la formaci\u00f3 avan\u00e7ada i la difusi\u00f3 de la civilitzaci\u00f3 i cultura cl\u00e0ssiques. \">Tiene como finalidad la investigaci\u00f3n, la formaci\u00f3n avanzada y la difusi\u00f3n de la civilizaci\u00f3n y cultura cl\u00e1sicas.<\/span><\/span><\/p>\n<p><span title=\"L\u2019Institut desenvolupa la seva tasca a partir de la col\u00b7laboraci\u00f3 i les sinergies amb les universitats i institucions de recerca de Catalunya que treballen en el mateix camp, amb l\u2019objectiu d\u2019esdevenir un referent cient\u00edfic internacional en aquest \u00e0mbit.\">El Instituto desarrolla su labor a partir de la colaboraci\u00f3n y las sinergias con las universidades e instituciones de investigaci\u00f3n de Catalu\u00f1a que trabajan en el mismo campo, con el objetivo de convertirse en un referente cient\u00edfico internacional en este \u00e1mbito. <\/span><span title=\"Com a centre de recerca ha establert l\u00ednies i programes d\u2019investigaci\u00f3 i est\u00e0 dotat de personal investigador. \">Como centro de investigaci\u00f3n tiene l\u00edneas y programas de investigaci\u00f3n establecidos y est\u00e1 dotado de personal investigador.<\/span><\/p>\n<p><span title=\"El seu \u00e0mbit de coneixement \u00e9s l'arqueologia cl\u00e0ssica en un sentit ampli, tant des d'una perspectiva geogr\u00e0fica (l'arc mediterrani i l'entorn on es van desenvolupar les cultures cl\u00e0ssiques) com cronol\u00f2gica (comprenent les civilitzacions grega i romana, i\">Su \u00e1mbito de conocimiento es la <strong>arqueolog\u00eda cl\u00e1sica<\/strong> en un sentido amplio, tanto desde una perspectiva geogr\u00e1fica (el arco mediterr\u00e1neo y el entorno donde se desarrollaron las culturas cl\u00e1sicas) como cronol\u00f3gica (comprendiendo las civilizaciones griega y romana, y <\/span><span title=\"els altres pobles relacionats directament amb aquestes). \">los otros pueblos relacionados directamente con \u00e9stas).<\/span><\/p>\n<p><span title=\"Els estudis d\u2019arqueologia cl\u00e0ssica tenen una llarga tradici\u00f3 a Catalunya.\">Los estudios de arqueolog\u00eda cl\u00e1sica tienen una larga tradici\u00f3n en Catalu\u00f1a. <\/span><span title=\"A m\u00e9s, han viscut una progressi\u00f3 important en els darrers anys gr\u00e0cies a l'augment de la sensibilitat ciutadana envers la salvaguarda del patrimoni arqueol\u00f2gic i l'aplicaci\u00f3 de la nova legislaci\u00f3 sobre patrimoni cultural que ha fet necess\u00e0ria i possible l'explotaci\u00f3 cient\u00edfica de nombrosos\">Adem\u00e1s, han vivido una progresi\u00f3n importante en los \u00faltimos a\u00f1os gracias al aumento de la sensibilidad ciudadana hacia la salvaguarda del patrimonio arqueol\u00f3gico y la aplicaci\u00f3n de la nueva legislaci\u00f3n sobre patrimonio cultural que ha hecho necesaria y posible la explotaci\u00f3n cient\u00edfica de numerosos <\/span><span title=\"jaciments. \">yacimientos.<\/span><\/p>\n<p><span title=\"D'altra banda, el territori catal\u00e0 \u00e9s notablement ric pel que fa a restes arqueol\u00f2giques de l'antiguitat, gr\u00e0cies, en bona part, al paper rellevant que hi va tenir la colonitzaci\u00f3 grega i l'expansi\u00f3 pol\u00edtica i cultural de Roma cap a terres\">Por otro lado, el territorio catal\u00e1n es notablemente rico en restos arqueol\u00f3gicos de la antig\u00fcedad, gracias, en buena parte, al relevante papel que tuvo la colonizaci\u00f3n griega y la expansi\u00f3n pol\u00edtica y cultural de Roma hacia tierras <\/span><span title=\"d'occident, i tamb\u00e9 gr\u00e0cies a la incid\u00e8ncia cultural que tot aix\u00f2 va tenir en les poblacions aut\u00f2ctones.\">de Occidente, y gracias tambi\u00e9n a la incidencia cultural que tuvo todo esto en las poblaciones aut\u00f3ctonas. <\/span><span title=\"Aquesta riquesa arqueol\u00f2gica requereix, l\u00f2gicament, un desenvolupament adequat de les tasques de recerca indispensables per al seu estudi, interpretaci\u00f3 i explotaci\u00f3 cultural. \">Esta riqueza arqueol\u00f3gica requiere, l\u00f3gicamente, un desarrollo adecuado de las tareas de investigaci\u00f3n, indispensables para su estudio, interpretaci\u00f3n y explotaci\u00f3n cultural.<\/span><\/p>\n<p><span title=\"L\u2019ICAC ha pres forma de consorci integrat per la Generalitat de Catalunya i la Universitat Rovira i Virgili.\"><strong>El ICAC ha tomado forma de consorcio integrado por la Generalitat de Catalu\u00f1a y la Universitat Rovira i Virgili<\/strong>. <\/span><span title=\"Els seus Estatuts van ser publicats al Diari Oficial de la Generalitat de Catalunya, n\u00famero 3.143, el 19 de maig de 2000. L'Institut \u00e9s una entitat jur\u00eddica p\u00fablica, de car\u00e0cter institucional, i t\u00e9 personalitat jur\u00eddica pr\u00f2pia per a la realitzaci\u00f3 dels seus objectius\">Sus Estatutos fueron publicados en el <em>Diari Oficial de la Generalitat de Catalunya<\/em>, n\u00famero 3143, el 19 de mayo de 2000. El Instituto es una entidad jur\u00eddica p\u00fablica, de car\u00e1cter institucional, y tiene personalidad jur\u00eddica propia para la realizaci\u00f3n de sus objetivos.<\/span><\/p>\n<p><span title=\"L'Institut t\u00e9 la consideraci\u00f3 de centre de recerca de Catalunya, identificat com a centre CERCA, i li \u00e9s d'aplicaci\u00f3 el r\u00e8gim jur\u00eddic establert al cap\u00edtol IV del t\u00edtol II de la Llei 7\/2011, de 27 de juliol, de mesures fiscals\">El Instituto tiene la consideraci\u00f3n de centro de investigaci\u00f3n de Catalu\u00f1a, identificado como <a href=\"https:\/\/cerca.cat\/en\/\" target=\"_blank\" rel=\"noopener\"><strong>centro CERCA<\/strong><\/a>, y le es de aplicaci\u00f3n el r\u00e9gimen jur\u00eddico establecido en el cap\u00edtulo IV del t\u00edtulo II de la Ley 7\/2011, de 27 de julio, de medidas fiscales <\/span><span title=\"i financeres, la disposici\u00f3 addicional vuitena d'aquesta Llei, i la resta de normativa espec\u00edfica que la Generalitat de Catalunya dicti en mat\u00e8ria de recerca. \">y financieras, la disposici\u00f3n adicional octava de esta Ley, y dem\u00e1s normativa espec\u00edfica que la Generalidad de Catalu\u00f1a dicte en materia de investigaci\u00f3n.<\/span><\/p>\n<p><span title=\"L\u2019Institut Catal\u00e0 d\u2019Arqueologia Cl\u00e0ssica t\u00e9 la seu en un edifici cedit per la URV i l\u2019Ajuntament de Tarragona al Campus Universitari d\u2019aquesta ciutat, empla\u00e7at a l\u2019antic Mercat del F\u00f2rum.\">El Instituto Catal\u00e1n de Arqueolog\u00eda Cl\u00e1sica <strong>tiene su sede en Tarragona<\/strong>, en un edificio cedido por la URV y el Ayuntamiento de Tarragona en el Campus Universitario de esta ciudad, emplazado en el antiguo Mercado del Foro. <\/span><span title=\"Amb aquest local, de m\u00e9s de 1.000 m2, l'Institut disposa de despatxos per al personal investigador i per a l'administraci\u00f3, un centre de documentaci\u00f3 i biblioteca, sales per als becaris, tallers i laboratoris equipats per permetre el desenvolupament ple de les\">Con este local, de m\u00e1s de 1.000 m\u00b2, el Instituto dispone de despachos para el personal investigador y para la administraci\u00f3n, un centro de documentaci\u00f3n y biblioteca, salas para los becarios, talleres y laboratorios equipados para permitir el pleno desarrollo de las <\/span><span title=\"tasques de recerca, seminaris, una sala de confer\u00e8ncies i magatzems. \">tareas de investigaci\u00f3n, seminarios, una sala de conferencias y almacenes.<\/span><\/p>\n<p><span title=\"La import\u00e0ncia i l\u2019envergadura del patrimoni arqueol\u00f2gic present a Tarragona, assentada sobre l\u2019antiga Tarraco, brillant capital de la Hispania Citerior, designada per la UNESCO Patrimoni Mundial, ofereix un marc \u00f2ptim per a l\u2019Institut.\">La importancia y la envergadura del <strong>patrimonio arqueol\u00f3gico<\/strong> presente en Tarragona, asentada sobre la antigua Tarraco, brillante capital de la Hispania Citerior, designada por la UNESCO Patrimonio Mundial, ofrece un marco \u00f3ptimo para el Instituto. <\/span><span title=\"Els monuments arquitect\u00f2nics conservats in situ, els nombrosos i importants materials arqueol\u00f2gics dipositats en el seu museu centenari, el Museu Nacional Arqueol\u00f2gic de Tarragona, amb moltes peces que tenen, a m\u00e9s, valors art\u00edstics de primer ordre, i les potencialitats del jaciment arqueol\u00f2gic encara per\">Los monumentos arquitect\u00f3nicos conservados <em>in situ<\/em>, los numerosos e importantes materiales arqueol\u00f3gicos depositados en su museo centenario, el Museo Nacional Arqueol\u00f3gico de Tarragona, con muchas piezas que ofrecen, adem\u00e1s, valores art\u00edsticos de primer orden, y las potencialidades del yacimiento arqueol\u00f3gico a\u00fan por <\/span><span title=\"explotar, li confereixen les condicions per ser un laboratori extraordinari de recerca arqueol\u00f2gica.\">explotar, le confieren las condiciones para ser <strong>un laboratorio extraordinario de investigaci\u00f3n arqueol\u00f3gica<\/strong>.<\/span><\/p>\n<p>&nbsp;<\/p>\n<p>&nbsp;<\/p>\n<div data-carousel-extra='{\"blog_id\":1,\"permalink\":\"https:\\\/\\\/icac.cat\\\/es\\\/quienes-somos\\\/institucion\\\/presentacion\\\/\"}' class=\"tiled-gallery type-rectangular\" data-original-width=\"790\"><div class=\"gallery-row\" style=\"width: 785px; height: 98px;\"><div class=\"gallery-group images-1\" style=\"width: 343px; height: 102px;\"><div class=\"tiled-gallery-item tiled-gallery-item-large\"><a href=\"https:\/\/icac.cat\/es\/quienes-somos\/institucion\/estatutos\/logotip-generalitat-de-catalunya_1200px_transparent-2\/\"><img data-attachment-id=\"80326\" data-orig-file=\"https:\/\/icac.cat\/wp-content\/uploads\/2022\/10\/Logotip-Generalitat-de-Catalunya_1200px_transparent.png\" data-orig-size=\"1200,348\" data-comments-opened=\"0\" data-image-meta=\"{&quot;aperture&quot;:&quot;0&quot;,&quot;credit&quot;:&quot;&quot;,&quot;camera&quot;:&quot;&quot;,&quot;caption&quot;:&quot;&quot;,&quot;created_timestamp&quot;:&quot;0&quot;,&quot;copyright&quot;:&quot;&quot;,&quot;focal_length&quot;:&quot;0&quot;,&quot;iso&quot;:&quot;0&quot;,&quot;shutter_speed&quot;:&quot;0&quot;,&quot;title&quot;:&quot;&quot;,&quot;orientation&quot;:&quot;0&quot;}\" data-image-title=\"Logotip Generalitat de Catalunya_1200px_transparent\" data-image-description=\"\" data-medium-file=\"https:\/\/icac.cat\/wp-content\/uploads\/2022\/10\/Logotip-Generalitat-de-Catalunya_1200px_transparent-400x116.png\" data-large-file=\"https:\/\/icac.cat\/wp-content\/uploads\/2022\/10\/Logotip-Generalitat-de-Catalunya_1200px_transparent-1024x297.png\" src=\"https:\/\/icac.cat\/wp-content\/uploads\/2022\/10\/Logotip-Generalitat-de-Catalunya_1200px_transparent-339x98.png\" width=\"339\" height=\"98\" align=\"left\" title=\"Logotip Generalitat de Catalunya_1200px_transparent\" \/><\/a><\/div><\/div><div class=\"gallery-group images-1\" style=\"width: 442px; height: 102px;\"><div class=\"tiled-gallery-item tiled-gallery-item-large\"><a href=\"https:\/\/icac.cat\/es\/quienes-somos\/institucion\/presentacion\/logo-urv_bandera-color-web-urv-2\/\"><img data-attachment-id=\"71819\" data-orig-file=\"https:\/\/icac.cat\/wp-content\/uploads\/2015\/06\/Logo-URV_bandera-color-web-urv.png\" data-orig-size=\"5275,1187\" data-comments-opened=\"0\" data-image-meta=\"{&quot;aperture&quot;:&quot;0&quot;,&quot;credit&quot;:&quot;&quot;,&quot;camera&quot;:&quot;&quot;,&quot;caption&quot;:&quot;&quot;,&quot;created_timestamp&quot;:&quot;0&quot;,&quot;copyright&quot;:&quot;&quot;,&quot;focal_length&quot;:&quot;0&quot;,&quot;iso&quot;:&quot;0&quot;,&quot;shutter_speed&quot;:&quot;0&quot;,&quot;title&quot;:&quot;&quot;,&quot;orientation&quot;:&quot;0&quot;}\" data-image-title=\"Logo URV_bandera color (web urv)\" data-image-description=\"\" data-medium-file=\"https:\/\/icac.cat\/wp-content\/uploads\/2015\/06\/Logo-URV_bandera-color-web-urv-400x90.png\" data-large-file=\"https:\/\/icac.cat\/wp-content\/uploads\/2015\/06\/Logo-URV_bandera-color-web-urv-1024x230.png\" src=\"https:\/\/icac.cat\/wp-content\/uploads\/2015\/06\/Logo-URV_bandera-color-web-urv-438x98.png\" width=\"438\" height=\"98\" align=\"left\" title=\"Logo URV_bandera color (web urv)\" \/><\/a><\/div><\/div><\/div><\/div>\n<p><img loading=\"lazy\" class=\"aligncenter size-medium wp-image-80302\" src=\"https:\/\/icac.cat\/wp-content\/uploads\/2022\/10\/CERCA-MARCA-A-ENG-400x157.jpg\" alt=\"\" width=\"400\" height=\"157\" srcset=\"https:\/\/icac.cat\/wp-content\/uploads\/2022\/10\/CERCA-MARCA-A-ENG-400x157.jpg 400w, https:\/\/icac.cat\/wp-content\/uploads\/2022\/10\/CERCA-MARCA-A-ENG-1024x401.jpg 1024w, https:\/\/icac.cat\/wp-content\/uploads\/2022\/10\/CERCA-MARCA-A-ENG-768x301.jpg 768w, https:\/\/icac.cat\/wp-content\/uploads\/2022\/10\/CERCA-MARCA-A-ENG-1536x602.jpg 1536w, https:\/\/icac.cat\/wp-content\/uploads\/2022\/10\/CERCA-MARCA-A-ENG.jpg 1830w\" sizes=\"(max-width: 400px) 100vw, 400px\" \/><\/p>\n<p>&nbsp;<\/p>\n<p>&nbsp;<\/p>\n","protected":false},"excerpt":{"rendered":"<p>El Instituto Catal\u00e1n de Arqueolog\u00eda Cl\u00e1sica (ICAC) es un centro de investigaci\u00f3n p\u00fablico en arqueolog\u00eda cl\u00e1sica creado por la Generalitat de Catalu\u00f1a y la Universitat Rovira i Virgili (URV), con la participaci\u00f3n del Consejo Interuniversitario de Catalu\u00f1a. Tiene como finalidad la investigaci\u00f3n, la formaci\u00f3n avanzada y la difusi\u00f3n de la civilizaci\u00f3n y cultura cl\u00e1sicas. El [&hellip;]<\/p>\n","protected":false},"author":1,"featured_media":80353,"parent":21387,"menu_order":121,"comment_status":"closed","ping_status":"closed","template":"","meta":{"_genesis_hide_title":false,"_genesis_hide_breadcrumbs":false,"_genesis_hide_singular_image":false,"_genesis_hide_footer_widgets":false,"_genesis_custom_body_class":"","_genesis_custom_post_class":"","_genesis_layout":""},"_links":{"self":[{"href":"https:\/\/icac.cat\/es\/wp-json\/wp\/v2\/pages\/21431"}],"collection":[{"href":"https:\/\/icac.cat\/es\/wp-json\/wp\/v2\/pages"}],"about":[{"href":"https:\/\/icac.cat\/es\/wp-json\/wp\/v2\/types\/page"}],"author":[{"embeddable":true,"href":"https:\/\/icac.cat\/es\/wp-json\/wp\/v2\/users\/1"}],"replies":[{"embeddable":true,"href":"https:\/\/icac.cat\/es\/wp-json\/wp\/v2\/comments?post=21431"}],"version-history":[{"count":6,"href":"https:\/\/icac.cat\/es\/wp-json\/wp\/v2\/pages\/21431\/revisions"}],"predecessor-version":[{"id":80355,"href":"https:\/\/icac.cat\/es\/wp-json\/wp\/v2\/pages\/21431\/revisions\/80355"}],"up":[{"embeddable":true,"href":"https:\/\/icac.cat\/es\/wp-json\/wp\/v2\/pages\/21387"}],"wp:featuredmedia":[{"embeddable":true,"href":"https:\/\/icac.cat\/es\/wp-json\/wp\/v2\/media\/80353"}],"wp:attachment":[{"href":"https:\/\/icac.cat\/es\/wp-json\/wp\/v2\/media?parent=21431"}],"curies":[{"name":"wp","href":"https:\/\/api.w.org\/{rel}","templated":true}]}}