{"id":21435,"date":"2015-12-28T10:39:20","date_gmt":"2015-12-28T09:39:20","guid":{"rendered":"http:\/\/www.icac.cat\/es\/quienes-somos\/portal-de-la-transparencia\/procediments-i-actuacions-juridiques\/"},"modified":"2024-07-31T09:14:34","modified_gmt":"2024-07-31T07:14:34","slug":"procedimientos-y-actuaciones-juridicas","status":"publish","type":"page","link":"https:\/\/icac.cat\/es\/quienes-somos\/portal-de-la-transparencia\/procedimientos-y-actuaciones-juridicas\/","title":{"rendered":"Procedimientos y actuaciones jur\u00eddicas"},"content":{"rendered":"<p>El Instituto Catal\u00e1n de Arqueolog\u00eda Cl\u00e1sica (ICAC-CERCA) adopta una pol\u00edtica de tolerancia cero con el fraude, estableciendo un sistema de control interno dise\u00f1ado para prevenir y detectar, en la medida de lo posible, cualquier actuaci\u00f3n fraudulenta y, si se diera el caso, subsanar sus consecuencias, asumiendo por ello los principios de integridad, imparcialidad y honestidad en el ejercicio de sus funciones.<\/p>\n<p>&nbsp;<\/p>\n<ul>\n<li><a href=\"https:\/\/icac.cat\/wp-content\/uploads\/2024\/07\/G002.25-Declaracio-antifrau-CDireccio-PMA_notsigned.pdf\" target=\"_blank\" rel=\"noopener\"><strong>Declaraci\u00f3n de lucha contra el fraude del Consejo de Direcci\u00f3n del Instituto Catal\u00e1n de Arqueolog\u00eda Cl\u00e1sica (ICAC-CERCA)<\/strong><\/a>, acordada en el Consejo de Direcci\u00f3n celebrado el 19 de junio de 2024.\u00a0<em>(documento firmado electr\u00f3nicamente el d\u00eda 25 de julio de 2024)<\/em><\/li>\n<\/ul>\n<p>&nbsp;<\/p>\n<ul>\n<li><a href=\"https:\/\/icac.cat\/wp-content\/uploads\/2024\/07\/G002.25-Pla-de-Mesures-antifrau-PMA-ICAC-CERCA.pdf\" target=\"_blank\" rel=\"noopener\"><strong>Plan de medidas antifraude del Instituto Catal\u00e1n de Arqueolog\u00eda Cl\u00e1sica (ICAC-CERCA)<\/strong><\/a>, aprobado en el Consejo de Direcci\u00f3n del ICAC-CERCA celebrado el 19 de junio de 2024.<\/li>\n<\/ul>\n<p>&nbsp;<\/p>\n<hr \/>\n<ul>\n<li><strong>Revisi\u00f3n de actos administrativos<\/strong><\/li>\n<\/ul>\n<p style=\"padding-left: 30px;\">No ha habido revisiones de actos administrativos durante el a\u00f1o 2023.<\/p>\n<p>&nbsp;<\/p>\n<hr \/>\n<ul>\n<li><strong>Resoluciones administrativas y judiciales con relevancia p\u00fablica<\/strong><\/li>\n<\/ul>\n<p style=\"padding-left: 40px;\">&#8211;<\/p>\n<p>&nbsp;<\/p>\n<hr \/>\n<ul>\n<li><strong>Otros<\/strong><\/li>\n<\/ul>\n<p style=\"padding-left: 30px;\">El ICAC no dispone de informaci\u00f3n referente a \u00abNormativa\u00bb, \u00abR\u00e9gimen de intervenci\u00f3n administrativa\u00bb o \u00abDict\u00e1menes\u00bb.<\/p>\n<p>&nbsp;<\/p>\n<p>&nbsp;<\/p>\n","protected":false},"excerpt":{"rendered":"<p>El Instituto Catal\u00e1n de Arqueolog\u00eda Cl\u00e1sica (ICAC-CERCA) adopta una pol\u00edtica de tolerancia cero con el fraude, estableciendo un sistema de control interno dise\u00f1ado para prevenir y detectar, en la medida de lo posible, cualquier actuaci\u00f3n fraudulenta y, si se diera el caso, subsanar sus consecuencias, asumiendo por ello los principios de integridad, imparcialidad y honestidad [&hellip;]<\/p>\n","protected":false},"author":49,"featured_media":0,"parent":21363,"menu_order":196,"comment_status":"closed","ping_status":"closed","template":"","meta":{"_genesis_hide_title":false,"_genesis_hide_breadcrumbs":false,"_genesis_hide_singular_image":false,"_genesis_hide_footer_widgets":false,"_genesis_custom_body_class":"","_genesis_custom_post_class":"","_genesis_layout":""},"_links":{"self":[{"href":"https:\/\/icac.cat\/es\/wp-json\/wp\/v2\/pages\/21435"}],"collection":[{"href":"https:\/\/icac.cat\/es\/wp-json\/wp\/v2\/pages"}],"about":[{"href":"https:\/\/icac.cat\/es\/wp-json\/wp\/v2\/types\/page"}],"author":[{"embeddable":true,"href":"https:\/\/icac.cat\/es\/wp-json\/wp\/v2\/users\/49"}],"replies":[{"embeddable":true,"href":"https:\/\/icac.cat\/es\/wp-json\/wp\/v2\/comments?post=21435"}],"version-history":[{"count":6,"href":"https:\/\/icac.cat\/es\/wp-json\/wp\/v2\/pages\/21435\/revisions"}],"predecessor-version":[{"id":94764,"href":"https:\/\/icac.cat\/es\/wp-json\/wp\/v2\/pages\/21435\/revisions\/94764"}],"up":[{"embeddable":true,"href":"https:\/\/icac.cat\/es\/wp-json\/wp\/v2\/pages\/21363"}],"wp:attachment":[{"href":"https:\/\/icac.cat\/es\/wp-json\/wp\/v2\/media?parent=21435"}],"curies":[{"name":"wp","href":"https:\/\/api.w.org\/{rel}","templated":true}]}}