{"id":21442,"date":"2015-08-24T07:25:55","date_gmt":"2015-08-24T05:25:55","guid":{"rendered":"http:\/\/www.icac.cat\/es\/quienes-somos\/portal-de-la-transparencia\/economia\/"},"modified":"2025-11-28T11:02:21","modified_gmt":"2025-11-28T10:02:21","slug":"economia","status":"publish","type":"page","link":"https:\/\/icac.cat\/es\/quienes-somos\/portal-de-la-transparencia\/economia\/","title":{"rendered":"Econom\u00eda"},"content":{"rendered":"<h6>Presupuesto\u00a02025<\/h6>\n<ul>\n<li data-olk-copy-source=\"MessageBody\"><a class=\"icona-pdf\" href=\"https:\/\/icac.cat\/wp-content\/uploads\/2025\/02\/030.03-Bases-execucio-pressupostaria-2025.pdf\" target=\"_blank\" rel=\"noopener\">Bases de ejecuci\u00f3n presupostaria 2025<\/a><\/li>\n<li><a class=\"icona-pdf\" href=\"https:\/\/icac.cat\/wp-content\/uploads\/2025\/02\/030.04-Tarifes-i-preus-pressu.-2025.pdf\" target=\"_blank\" rel=\"noopener\">Tarifas y precios de los servicios para el 2025<\/a><\/li>\n<li><a class=\"icona-pdf\" href=\"https:\/\/icac.cat\/wp-content\/uploads\/2025\/02\/030.02-Projecte-pressupost-2025.pdf\" target=\"_blank\" rel=\"noopener\">Proyecto de presupuesto para el 2025<\/a><\/li>\n<\/ul>\n<h6><\/h6>\n<hr \/>\n<h6>Presupuesto 2024<\/h6>\n<ul>\n<li><a class=\"icona-pdf\" href=\"https:\/\/icac.cat\/wp-content\/uploads\/2024\/01\/030-Bases-execucio-pressupostaria-2024.pdf\" target=\"_blank\" rel=\"noopener\">Bases de ejecuci\u00f3n presupuestaria 2024<\/a><\/li>\n<li><a class=\"icona-pdf\" href=\"https:\/\/icac.cat\/wp-content\/uploads\/2024\/01\/030-Tarifes-i-preus-pressu.-2024.pdf\" target=\"_blank\" rel=\"noopener\">Tarifas y precios de los servicios para 2024<\/a><\/li>\n<li><a class=\"icona-pdf\" href=\"https:\/\/icac.cat\/wp-content\/uploads\/2024\/01\/030-Projecte-pressupost-2024-CD.pdf\" target=\"_blank\" rel=\"noopener\">Proyecto de presupuesto para 2024<\/a><\/li>\n<\/ul>\n<p>&nbsp;<\/p>\n<hr \/>\n<h6>Balance econ\u00f3mico de 2024<\/h6>\n<ul>\n<li><a class=\"icona-pdf\" href=\"https:\/\/icac.cat\/wp-content\/uploads\/2025\/11\/Informe-Auditoria-2024-ICAC.pdf\" target=\"_blank\" rel=\"noopener\">Auditor\u00eda, cuentas anuales y liquidaci\u00f3n del presupuesto 2024<\/a><\/li>\n<\/ul>\n<p>&nbsp;<\/p>\n<hr \/>\n<h6>Balance\u00a0econ\u00f3mico\u00a0de 2023<\/h6>\n<ul>\n<li><a class=\"icona-pdf\" href=\"https:\/\/icac.cat\/wp-content\/uploads\/2024\/07\/Informe-Auditoria-2023-ICAC.pdf\" target=\"_blank\" rel=\"noopener\">Auditor\u00eda, cuentas anuales y liquidaci\u00f3n del presupuesto 2023<\/a><\/li>\n<\/ul>\n<ul>\n<li><a class=\"icona-pdf\" href=\"https:\/\/icac.cat\/wp-content\/uploads\/2023\/06\/Dietes-ICAC-bases-execucio-pspt-23.pdf\" target=\"_blank\" rel=\"noopener\">Normativa: bases de ejecuci\u00f3n presupostaria<\/a> (2023)<\/li>\n<\/ul>\n<hr \/>\n<h6>Balance econ\u00f3mico de 2022<\/h6>\n<ul>\n<li><a class=\"icona-pdf\" href=\"https:\/\/icac.cat\/wp-content\/uploads\/2024\/01\/030-Liqui-pressu.-2022-DGR-def.pdf\" target=\"_blank\" rel=\"noopener\">Liquidaci\u00f3n del presupuesto 2022<\/a><\/li>\n<li><a class=\"icona-pdf\" href=\"https:\/\/icac.cat\/wp-content\/uploads\/2024\/01\/Auditoria-i-comptes-anuals-2022.pdf\" target=\"_blank\" rel=\"noopener\">Auditor\u00eda y cuentas anuales 2022<\/a><\/li>\n<\/ul>\n<p>&nbsp;<\/p>\n<hr \/>\n<h6>Balance econ\u00f3mico de 2021<\/h6>\n<ul>\n<li><a class=\"icona-pdf\" href=\"https:\/\/icac.cat\/wp-content\/uploads\/2022\/10\/10-Liqui-pressu.-2021-CD_sign-JMP.pdf\" target=\"_blank\" rel=\"noopener\">Liquidaci\u00f3n del presuposto 2021<\/a><\/li>\n<li><a class=\"icona-pdf\" href=\"https:\/\/icac.cat\/wp-content\/uploads\/2022\/10\/11-Informe-Auditoria-ICAC-2021.pdf\" target=\"_blank\" rel=\"noopener\">Auditor\u00eda y cuentas anuales 2021<\/a><\/li>\n<\/ul>\n<p>&nbsp;<\/p>\n<hr \/>\n<h6>Balance econ\u00f3mico de 2020<\/h6>\n<ul>\n<li><a href=\"https:\/\/icac.cat\/wp-content\/uploads\/2015\/08\/030_Liquidcio-Pspt-2020-DGR_ICAC.pdf\" target=\"_blank\" rel=\"noopener\">Liquidaci\u00f3n del presupuesto 2020<\/a><\/li>\n<li><a href=\"https:\/\/icac.cat\/wp-content\/uploads\/2015\/08\/Comptes-anuals-ICAC-2020.pdf\" target=\"_blank\" rel=\"noopener\">Auditor\u00eda y cuentas anuales 2020<\/a><\/li>\n<\/ul>\n<p>&nbsp;<\/p>\n<hr \/>\n<h6>Balance econ\u00f3mico de 2019<\/h6>\n<ul>\n<li><a class=\"icona-pdf\" href=\"https:\/\/icac.cat\/wp-content\/uploads\/2015\/08\/LP74501912_Liquidacio-Pspt-2019.pdf\" target=\"_blank\" rel=\"noopener\">Liquidaci\u00f3n del presupuesto 2019<\/a><\/li>\n<li><a class=\"icona-pdf\" href=\"https:\/\/icac.cat\/wp-content\/uploads\/2015\/08\/Informe-auditoria-2019.pdf\" target=\"_blank\" rel=\"noopener\">Auditor\u00eda y cuentas anuales 2019<\/a><\/li>\n<\/ul>\n<p>&nbsp;<\/p>\n<hr \/>\n<h6>Balance econ\u00f3mico de 2018<\/h6>\n<ul>\n<li><a class=\"icona-pdf\" href=\"https:\/\/icac.cat\/wp-content\/uploads\/2015\/08\/LP74501812_Liquidacio-Pspt-2018.pdf\" target=\"_blank\" rel=\"noopener\">Liquidaci\u00f3n del presupuesto 2018<\/a><\/li>\n<li><a class=\"icona-pdf\" href=\"https:\/\/icac.cat\/wp-content\/uploads\/2015\/08\/Auditoria-i-Comptes-ICAC-2018.pdf\" target=\"_blank\" rel=\"noopener\">Auditor\u00eda y cuentas anuales 2018<\/a><\/li>\n<\/ul>\n<p>&nbsp;<\/p>\n<hr \/>\n<h6>Balance econ\u00f3mico de 2017<\/h6>\n<ul>\n<li><a class=\"icona-pdf\" href=\"https:\/\/icac.cat\/wp-content\/uploads\/2015\/08\/liquidacio_press_2017.pdf\" target=\"_blank\" rel=\"noopener\">Liquidaci\u00f3n del presupuesto 2017<\/a><\/li>\n<li><a class=\"icona-pdf\" href=\"https:\/\/icac.cat\/wp-content\/uploads\/2015\/08\/comptes_2017.pdf\" target=\"_blank\" rel=\"noopener\">Cuentas anuales 2017<\/a><\/li>\n<li><a class=\"icona-pdf\" href=\"https:\/\/icac.cat\/wp-content\/uploads\/2015\/08\/IA_2017.pdf\" target=\"_blank\" rel=\"noopener\">Auditor\u00eda 2017<\/a><\/li>\n<\/ul>\n<p>&nbsp;<\/p>\n<hr \/>\n<p>&nbsp;<\/p>\n<h6>Patrimonio<\/h6>\n<ul>\n<li>Bienes inmuebles: el ICAC tiene su sede en un edificio <a href=\"https:\/\/icac.cat\/wp-content\/uploads\/2015\/07\/G042.3.pdf\" target=\"_blank\" rel=\"noopener\">cedido por la URV y el Ayuntamiento de Tarragona<\/a> en el Campus Universitario de esta ciudad (<a href=\"https:\/\/icac.cat\/es\/quienes-somos\/institucion\/presentacio\/\" target=\"_blank\" rel=\"noopener\">m\u00e1s informaci\u00f3n<\/a>)<\/li>\n<li>Otros: el ICAC no tiene \u00abBienes muebles de valor especial\u00bb y no tiene que hacer \u00abGesti\u00f3n del patrimonio\u00bb ni \u00abContrataci\u00f3n patrimonial\u00bb.<\/li>\n<\/ul>\n<p>&nbsp;<\/p>\n<hr \/>\n<h6>Subvenciones<\/h6>\n<ul>\n<li>Subvenciones y ayudas previstas y otorgadas\n<ul>\n<li>No se han otorgado subvenciones y ayudas durante los a\u00f1os 2018, 2019, 2020 y 2021.<\/li>\n<li>2016: <a href=\"https:\/\/icac.cat\/wp-content\/uploads\/2016\/10\/bir16_bases.pdf\" target=\"_blank\" rel=\"noopener\">convocatoria<\/a> y <a href=\"https:\/\/icac.cat\/wp-content\/uploads\/2016\/12\/bir16_def.pdf\" target=\"_blank\" rel=\"noopener\">resoluci\u00f3n<\/a><\/li>\n<li>2015: <a href=\"https:\/\/icac.cat\/wp-content\/uploads\/2015\/10\/bir15_conv.pdf\" target=\"_blank\" rel=\"noopener\">convocatoria<\/a> y <a href=\"https:\/\/icac.cat\/wp-content\/uploads\/2015\/11\/res_dir.pdf\" target=\"_blank\" rel=\"noopener\">resoluci\u00f3n<\/a><\/li>\n<li>2014: <a href=\"https:\/\/icac.cat\/wp-content\/uploads\/images\/stories\/pdf\/beques\/2014\/bases.pdf\" target=\"_blank\" rel=\"noopener\">convocatoria<\/a> y\u00a0 <a href=\"https:\/\/icac.cat\/wp-content\/uploads\/images\/pdf_doc\/beques\/2014\/res.pdf\" target=\"_blank\" rel=\"noopener\">resoluci\u00f3n<\/a><\/li>\n<li>2013 (no se convocaron)<\/li>\n<li>2012: <a href=\"https:\/\/icac.cat\/wp-content\/uploads\/2015\/08\/beques_conv_2012.pdf\" target=\"_blank\" rel=\"noopener\">convocatoria<\/a> y<a href=\"https:\/\/icac.cat\/wp-content\/uploads\/images\/stories\/pdf\/beques\/2012\/res_br.pdf\" target=\"_blank\" rel=\"noopener\"> resoluci\u00f3n<\/a><\/li>\n<li>2011: <a href=\"https:\/\/icac.cat\/wp-content\/uploads\/2015\/08\/beques_conv_2011.pdf\" target=\"_blank\" rel=\"noopener\">convocatoria<\/a> y <a href=\"https:\/\/icac.cat\/wp-content\/uploads\/images\/stories\/pdf\/beques\/2011\/resolucio.pdf\" target=\"_blank\" rel=\"noopener\">resoluci\u00f3n<\/a><\/li>\n<\/ul>\n<\/li>\n<\/ul>\n<ul>\n<li>Control financiero de las subvenciones y las ayudas (estos gastos siguen los controles ordinarios)<\/li>\n<\/ul>\n","protected":false},"excerpt":{"rendered":"<p>Presupuesto\u00a02025 Bases de ejecuci\u00f3n presupostaria 2025 Tarifas y precios de los servicios para el 2025 Proyecto de presupuesto para el 2025 Presupuesto 2024 Bases de ejecuci\u00f3n presupuestaria 2024 Tarifas y precios de los servicios para 2024 Proyecto de presupuesto para 2024 &nbsp; Balance econ\u00f3mico de 2024 Auditor\u00eda, cuentas anuales y liquidaci\u00f3n del presupuesto 2024 &nbsp; [&hellip;]<\/p>\n","protected":false},"author":1,"featured_media":0,"parent":21363,"menu_order":194,"comment_status":"closed","ping_status":"closed","template":"","meta":{"_genesis_hide_title":false,"_genesis_hide_breadcrumbs":false,"_genesis_hide_singular_image":false,"_genesis_hide_footer_widgets":false,"_genesis_custom_body_class":"","_genesis_custom_post_class":"","_genesis_layout":""},"_links":{"self":[{"href":"https:\/\/icac.cat\/es\/wp-json\/wp\/v2\/pages\/21442"}],"collection":[{"href":"https:\/\/icac.cat\/es\/wp-json\/wp\/v2\/pages"}],"about":[{"href":"https:\/\/icac.cat\/es\/wp-json\/wp\/v2\/types\/page"}],"author":[{"embeddable":true,"href":"https:\/\/icac.cat\/es\/wp-json\/wp\/v2\/users\/1"}],"replies":[{"embeddable":true,"href":"https:\/\/icac.cat\/es\/wp-json\/wp\/v2\/comments?post=21442"}],"version-history":[{"count":6,"href":"https:\/\/icac.cat\/es\/wp-json\/wp\/v2\/pages\/21442\/revisions"}],"predecessor-version":[{"id":104045,"href":"https:\/\/icac.cat\/es\/wp-json\/wp\/v2\/pages\/21442\/revisions\/104045"}],"up":[{"embeddable":true,"href":"https:\/\/icac.cat\/es\/wp-json\/wp\/v2\/pages\/21363"}],"wp:attachment":[{"href":"https:\/\/icac.cat\/es\/wp-json\/wp\/v2\/media?parent=21442"}],"curies":[{"name":"wp","href":"https:\/\/api.w.org\/{rel}","templated":true}]}}