{"id":21445,"date":"2015-08-24T07:25:38","date_gmt":"2015-08-24T05:25:38","guid":{"rendered":"http:\/\/www.icac.cat\/es\/quienes-somos\/portal-de-la-transparencia\/personal\/"},"modified":"2026-03-30T17:02:31","modified_gmt":"2026-03-30T15:02:31","slug":"personal","status":"publish","type":"page","link":"https:\/\/icac.cat\/es\/quienes-somos\/portal-de-la-transparencia\/personal\/","title":{"rendered":"RRHH \u2013 personal"},"content":{"rendered":"<ul>\n<li>Altos cargos y directivos: <a href=\"https:\/\/icac.cat\/wp-content\/uploads\/2015\/08\/Perfil-transparencia_JMP-2021_CAST.pdf\" target=\"_blank\" rel=\"noopener\">Josep Maria Palet Mart\u00ednez<\/a>, director del ICAC.<\/li>\n<\/ul>\n<p style=\"padding-left: 40px;\">El actual director del ICAC es un investigador del Instituto y percibe el sueldo de investigador (I2) y el complemento de director, ambos conceptos estipulados en las tablas de retribuciones del ICAC.<\/p>\n<ul>\n<li>Personal laboral del ICAC\n<ul>\n<li><a class=\"icona-pdf\" href=\"https:\/\/icac.cat\/wp-content\/uploads\/2025\/02\/Relacio-de-llocs-de-treball-de-lICAC.pdf\" target=\"_blank\" rel=\"noopener\">Relaci\u00f3n de puestos de trabajo<\/a><\/li>\n<\/ul>\n<\/li>\n<\/ul>\n<ul>\n<li style=\"list-style-type: none;\">\n<ul>\n<li>Retribuciones:\n<ul>\n<li><a class=\"icona-pdf\" href=\"https:\/\/icac.cat\/wp-content\/uploads\/2026\/03\/Taula-salarial-gener2026.pdf\" target=\"_blank\" rel=\"noopener\">Tabla de retribuciones salariales del ICAC<\/a> (2026)<\/li>\n<li><a class=\"icona-pdf\" href=\"https:\/\/icac.cat\/wp-content\/uploads\/2023\/06\/Despeses-de-personal-ICAC-desembre-2022.pdf\" target=\"_blank\" rel=\"noopener\">Gastos de personal a 31 de diciembre de 2022<\/a><\/li>\n<li><a href=\"https:\/\/icac.cat\/wp-content\/uploads\/2023\/06\/Despeses-Personal-ICAC-marc-2023-x-categories.pdf\" target=\"_blank\" rel=\"noopener\">Gastos de personal a 30 de marzo de 2023, agregados por categor\u00edas<\/a><\/li>\n<\/ul>\n<\/li>\n<\/ul>\n<\/li>\n<\/ul>\n<ul>\n<li style=\"list-style-type: none;\">\n<ul>\n<li>Dietas:\n<ul>\n<li><a class=\"icona-pdf\" href=\"https:\/\/icac.cat\/wp-content\/uploads\/2023\/06\/Dietes-ICAC-bases-execucio-pspt-23.pdf\" target=\"_blank\" rel=\"noopener\">Normativa: bases de ejecuci\u00f3n presupostaria<\/a> (2023)<\/li>\n<li><a class=\"icona-pdf\" href=\"https:\/\/icac.cat\/wp-content\/uploads\/2023\/06\/Despeses-dietes-ICAC-marc-2023.pdf\" target=\"_blank\" rel=\"noopener\">Gastos de dietas a 30 de marzo de 2023<\/a><\/li>\n<\/ul>\n<\/li>\n<\/ul>\n<\/li>\n<\/ul>\n<ul>\n<li style=\"list-style-type: none;\">\n<ul>\n<li>Indemnizaciones: el 2021 y 2022 los trabajadores y las trabajadoras que han terminado contratos temporales han percibido una indemnizaci\u00f3n de una cuant\u00eda equivalente a la parte proporcional de la cantidad que resulta de abonar 12 o 20 d\u00edas de sueldo por a\u00f1o de servicio, seg\u00fan sea el contrato de duraci\u00f3n determinada o indefinido.<\/li>\n<\/ul>\n<\/li>\n<\/ul>\n<ul>\n<li style=\"list-style-type: none;\">\n<ul>\n<li>Otros conceptos: el ICAC no tiene \u00abPersonal adscrito por adjudicatarios de contratos firmados con la Administraci\u00f3n\u00bb, \u00abFormaci\u00f3n para promoci\u00f3n\u00bb, \u00abN\u00famero de liberados sindicales\u00bb ni \u00abCoste de los liberados sindicales\u00bb.<\/li>\n<\/ul>\n<\/li>\n<\/ul>\n<ul>\n<li><a href=\"https:\/\/icac.cat\/es\/quienes-somos\/personal\/\" target=\"_blank\" rel=\"noopener\">Relaci\u00f3n del personal del ICAC<\/a><\/li>\n<li><a href=\"https:\/\/icac.cat\/es\/quienes-somos\/trabajar-en-el-icac\/\" target=\"_blank\" rel=\"noopener\">Trabajar en el ICAC<\/a><\/li>\n<li>Actualmente y en los \u00faltimos a\u00f1os no se otorgan becas<\/li>\n<li><a href=\"https:\/\/icac.cat\/es\/quienes-somos\/excelencia-en-rh\/\" target=\"_blank\" rel=\"noopener\">HRS4R y normativas internas de personal<\/a><\/li>\n<\/ul>\n","protected":false},"excerpt":{"rendered":"<p>Altos cargos y directivos: Josep Maria Palet Mart\u00ednez, director del ICAC. El actual director del ICAC es un investigador del Instituto y percibe el sueldo de investigador (I2) y el complemento de director, ambos conceptos estipulados en las tablas de retribuciones del ICAC. Personal laboral del ICAC Relaci\u00f3n de puestos de trabajo Retribuciones: Tabla de [&hellip;]<\/p>\n","protected":false},"author":1,"featured_media":0,"parent":21363,"menu_order":193,"comment_status":"closed","ping_status":"closed","template":"","meta":{"_genesis_hide_title":false,"_genesis_hide_breadcrumbs":false,"_genesis_hide_singular_image":false,"_genesis_hide_footer_widgets":false,"_genesis_custom_body_class":"","_genesis_custom_post_class":"","_genesis_layout":""},"_links":{"self":[{"href":"https:\/\/icac.cat\/es\/wp-json\/wp\/v2\/pages\/21445"}],"collection":[{"href":"https:\/\/icac.cat\/es\/wp-json\/wp\/v2\/pages"}],"about":[{"href":"https:\/\/icac.cat\/es\/wp-json\/wp\/v2\/types\/page"}],"author":[{"embeddable":true,"href":"https:\/\/icac.cat\/es\/wp-json\/wp\/v2\/users\/1"}],"replies":[{"embeddable":true,"href":"https:\/\/icac.cat\/es\/wp-json\/wp\/v2\/comments?post=21445"}],"version-history":[{"count":7,"href":"https:\/\/icac.cat\/es\/wp-json\/wp\/v2\/pages\/21445\/revisions"}],"predecessor-version":[{"id":106572,"href":"https:\/\/icac.cat\/es\/wp-json\/wp\/v2\/pages\/21445\/revisions\/106572"}],"up":[{"embeddable":true,"href":"https:\/\/icac.cat\/es\/wp-json\/wp\/v2\/pages\/21363"}],"wp:attachment":[{"href":"https:\/\/icac.cat\/es\/wp-json\/wp\/v2\/media?parent=21445"}],"curies":[{"name":"wp","href":"https:\/\/api.w.org\/{rel}","templated":true}]}}