{"id":21447,"date":"2015-08-24T07:25:23","date_gmt":"2015-08-24T05:25:23","guid":{"rendered":"http:\/\/www.icac.cat\/es\/quienes-somos\/portal-de-la-transparencia\/linies-dactuacio\/"},"modified":"2021-07-02T14:17:13","modified_gmt":"2021-07-02T12:17:13","slug":"lineas-de-actuacion","status":"publish","type":"page","link":"https:\/\/icac.cat\/es\/quienes-somos\/portal-de-la-transparencia\/lineas-de-actuacion\/","title":{"rendered":"L\u00edneas de actuaci\u00f3n"},"content":{"rendered":"<ul>\n<li><a href=\"https:\/\/icac.cat\/wp-content\/uploads\/2015\/06\/Pla-dactuaci%C3%B3-2021-2024_ICAC.pdf\" target=\"_blank\">Plan de actuaci\u00f3n 2021-2024<\/a><\/li>\n<li><a href=\"https:\/\/icac.cat\/es\/quienes-somos\/memorias\/\">Memoria de actividades del ICAC<\/a><\/li>\n<li><a href=\"https:\/\/icac.cat\/wp-content\/uploads\/2015\/08\/bases_actuacio.pdf\">Bases de actuaci\u00f3n del ICAC<\/a><\/li>\n<li><a href=\"https:\/\/icac.cat\/es\/investigacion\/\">Investigaci\u00f3n<\/a><\/li>\n<li><a href=\"https:\/\/icac.cat\/es\/formacion\/\">Formaci\u00f3n<\/a><\/li>\n<li><a href=\"https:\/\/icac.cat\/es\/difusion\/\">Difusi\u00f3n<\/a><\/li>\n<li>Otros:\n<ul>\n<li>Auditor\u00eda de servicios p\u00fablicos (el ICAC no tiene que realizarla)<\/li>\n<li>Informaci\u00f3n estad\u00edstica (el ICAC no tiene que realizarla)<\/li>\n<\/ul>\n<\/li>\n<\/ul>\n","protected":false},"excerpt":{"rendered":"<p>Plan de actuaci\u00f3n 2021-2024 Memoria de actividades del ICAC Bases de actuaci\u00f3n del ICAC Investigaci\u00f3n Formaci\u00f3n Difusi\u00f3n Otros: Auditor\u00eda de servicios p\u00fablicos (el ICAC no tiene que realizarla) Informaci\u00f3n estad\u00edstica (el ICAC no tiene que realizarla)<\/p>\n","protected":false},"author":1,"featured_media":0,"parent":21363,"menu_order":192,"comment_status":"closed","ping_status":"closed","template":"","meta":{"_genesis_hide_title":false,"_genesis_hide_breadcrumbs":false,"_genesis_hide_singular_image":false,"_genesis_hide_footer_widgets":false,"_genesis_custom_body_class":"","_genesis_custom_post_class":"","_genesis_layout":""},"_links":{"self":[{"href":"https:\/\/icac.cat\/es\/wp-json\/wp\/v2\/pages\/21447"}],"collection":[{"href":"https:\/\/icac.cat\/es\/wp-json\/wp\/v2\/pages"}],"about":[{"href":"https:\/\/icac.cat\/es\/wp-json\/wp\/v2\/types\/page"}],"author":[{"embeddable":true,"href":"https:\/\/icac.cat\/es\/wp-json\/wp\/v2\/users\/1"}],"replies":[{"embeddable":true,"href":"https:\/\/icac.cat\/es\/wp-json\/wp\/v2\/comments?post=21447"}],"version-history":[{"count":5,"href":"https:\/\/icac.cat\/es\/wp-json\/wp\/v2\/pages\/21447\/revisions"}],"predecessor-version":[{"id":54779,"href":"https:\/\/icac.cat\/es\/wp-json\/wp\/v2\/pages\/21447\/revisions\/54779"}],"up":[{"embeddable":true,"href":"https:\/\/icac.cat\/es\/wp-json\/wp\/v2\/pages\/21363"}],"wp:attachment":[{"href":"https:\/\/icac.cat\/es\/wp-json\/wp\/v2\/media?parent=21447"}],"curies":[{"name":"wp","href":"https:\/\/api.w.org\/{rel}","templated":true}]}}