{"id":21449,"date":"2015-08-24T07:25:06","date_gmt":"2015-08-24T05:25:06","guid":{"rendered":"http:\/\/www.icac.cat\/es\/quienes-somos\/portal-de-la-transparencia\/organitzacio\/"},"modified":"2025-08-29T11:52:29","modified_gmt":"2025-08-29T09:52:29","slug":"organizacion","status":"publish","type":"page","link":"https:\/\/icac.cat\/es\/quienes-somos\/portal-de-la-transparencia\/organizacion\/","title":{"rendered":"Instituci\u00f3n"},"content":{"rendered":"<ul>\n<li><a href=\"https:\/\/icac.cat\/es\/quienes-somos\/institucion\/presentacio\/\">Presentaci\u00f3n<\/a><\/li>\n<li><a href=\"https:\/\/icac.cat\/es\/quienes-somos\/institucion\/estatuts\/\">Estatutos<\/a><\/li>\n<li><a href=\"https:\/\/icac.cat\/es\/quienes-somos\/institucion\/institut-universitari\/\">Instituto universitario<\/a><\/li>\n<li><a href=\"https:\/\/icac.cat\/es\/quienes-somos\/institucion\/consell-de-direccio\/\">Consejo de Direcci\u00f3n<\/a> (no perceben dietas de asistencia a las reuniones)<\/li>\n<li><a href=\"https:\/\/icac.cat\/es\/quienes-somos\/institucion\/consell-cientific-assessor\/\">Consejo Cient\u00edfico Asesor<\/a><\/li>\n<li><a href=\"https:\/\/icac.cat\/es\/quienes-somos\/organizacion\/\">Organitzaci\u00f3n<\/a><\/li>\n<li><a href=\"https:\/\/icac.cat\/es\/quienes-somos\/convenios\/\">Convenios<\/a><\/li>\n<li><a href=\"https:\/\/icac.cat\/es\/servicios\/\">Cat\u00e1logo de servicios<\/a><\/li>\n<li>Cat\u00e1logo de procedimientos (el ICAC no tiene)<\/li>\n<\/ul>\n","protected":false},"excerpt":{"rendered":"<p>Presentaci\u00f3n Estatutos Instituto universitario Consejo de Direcci\u00f3n (no perceben dietas de asistencia a las reuniones) Consejo Cient\u00edfico Asesor Organitzaci\u00f3n Convenios Cat\u00e1logo de servicios Cat\u00e1logo de procedimientos (el ICAC no tiene)<\/p>\n","protected":false},"author":1,"featured_media":0,"parent":21363,"menu_order":191,"comment_status":"closed","ping_status":"closed","template":"","meta":{"_genesis_hide_title":false,"_genesis_hide_breadcrumbs":false,"_genesis_hide_singular_image":false,"_genesis_hide_footer_widgets":false,"_genesis_custom_body_class":"","_genesis_custom_post_class":"","_genesis_layout":""},"_links":{"self":[{"href":"https:\/\/icac.cat\/es\/wp-json\/wp\/v2\/pages\/21449"}],"collection":[{"href":"https:\/\/icac.cat\/es\/wp-json\/wp\/v2\/pages"}],"about":[{"href":"https:\/\/icac.cat\/es\/wp-json\/wp\/v2\/types\/page"}],"author":[{"embeddable":true,"href":"https:\/\/icac.cat\/es\/wp-json\/wp\/v2\/users\/1"}],"replies":[{"embeddable":true,"href":"https:\/\/icac.cat\/es\/wp-json\/wp\/v2\/comments?post=21449"}],"version-history":[{"count":5,"href":"https:\/\/icac.cat\/es\/wp-json\/wp\/v2\/pages\/21449\/revisions"}],"predecessor-version":[{"id":101462,"href":"https:\/\/icac.cat\/es\/wp-json\/wp\/v2\/pages\/21449\/revisions\/101462"}],"up":[{"embeddable":true,"href":"https:\/\/icac.cat\/es\/wp-json\/wp\/v2\/pages\/21363"}],"wp:attachment":[{"href":"https:\/\/icac.cat\/es\/wp-json\/wp\/v2\/media?parent=21449"}],"curies":[{"name":"wp","href":"https:\/\/api.w.org\/{rel}","templated":true}]}}