{"id":21492,"date":"2015-06-16T09:17:48","date_gmt":"2015-06-16T07:17:48","guid":{"rendered":"http:\/\/www.icac.cat\/es\/investigacion\/recercat\/"},"modified":"2025-02-01T11:46:46","modified_gmt":"2025-02-01T10:46:46","slug":"ciencia-abierta","status":"publish","type":"page","link":"https:\/\/icac.cat\/es\/investigacion\/ciencia-abierta\/","title":{"rendered":"Ciencia abierta"},"content":{"rendered":"<h5 style=\"text-align: center;\">Infraestructures de ciencia abierta en el ICAC<\/h5>\n<p>&nbsp;<\/p>\n<ul>\n<li><strong>Web de ciencia abierta<\/strong><\/li>\n<\/ul>\n<p>Espacio web dedicado a la ciencia abierta, con el objetivo de facilitar la adopci\u00f3n de pr\u00e1cticas de ciencia abierta por parte de su personal investigador.<\/p>\n<p style=\"padding-left: 40px;\">Acceso: <u><a href=\"https:\/\/openscience.icac.cat\/\" target=\"_blank\" rel=\"noopener\">https:\/\/openscience.icac.cat\/<\/a><\/u><\/p>\n<p>&nbsp;<\/p>\n<ul>\n<li><strong>Portal de la Recerca de Catalunya (CORA.PRC)<\/strong><\/li>\n<\/ul>\n<p>Desde junio de 2018, el ICAC forma parte del Portal de la Recerca de Catalunya (CORA.PRC), una plataforma cuyo objetivo es visibilizar y difundir, desde un \u00fanico sitio, toda la investigaci\u00f3n que se lleva a cabo en Catalu\u00f1a, facilitando el acceso abierto a la producci\u00f3n cient\u00edfica.<\/p>\n<p style=\"padding-left: 40px;\">Acceso: <u><a href=\"https:\/\/portalrecerca.csuc.cat\/\" target=\"_blank\" rel=\"noopener\">https:\/\/portalrecerca.csuc.cat\/<\/a><\/u><\/p>\n<p>&nbsp;<\/p>\n<p><img loading=\"lazy\" class=\"size-full wp-image-76519 aligncenter\" src=\"https:\/\/icac.cat\/wp-content\/uploads\/2022\/03\/CORA-CSUC-logo-web.png\" alt=\"\" width=\"306\" height=\"66\" \/><\/p>\n<p>&nbsp;<\/p>\n<ul>\n<li><strong>CORA. Repositori de dades de Recerca (CORA.RDR)<\/strong><\/li>\n<\/ul>\n<p>En 2021, el ICAC se incorpor\u00f3 al CORA. Repositorio de datos de investigaci\u00f3n (CORA.RDR), un repositorio de datos federado y multidisciplinario gestionado por el CSUC. Este repositorio permite a universidades, centros de investigaci\u00f3n CERCA y otras entidades de Catalu\u00f1a que llevan a cabo investigaci\u00f3n publicar conjuntos de datos bajo el modelo FAIR (localizables, accesibles, interoperables y reutilizables), siguiendo las directrices de la European Open Science Cloud (EOSC).<\/p>\n<p>Sus objetivos son aumentar la eficacia y la transparencia de la investigaci\u00f3n mediante la r\u00e1pida difusi\u00f3n de los datos y facilitar su reutilizaci\u00f3n.<\/p>\n<p style=\"padding-left: 40px;\">Acceso: <u><a href=\"https:\/\/dataverse.csuc.cat\/\" target=\"_blank\" rel=\"noopener\">https:\/\/dataverse.csuc.cat\/<\/a><\/u><\/p>\n<p>&nbsp;<\/p>\n<ul>\n<li><strong>CORA.eiNa DMP<\/strong><\/li>\n<\/ul>\n<p>El plan de gesti\u00f3n de datos o DMP, por sus siglas en ingl\u00e9s (<em>Data Management Plan<\/em>), es un documento formal que describe los datos generados o recopilados a lo largo de un proyecto y resume las estrategias para gestionarlos durante su ejecuci\u00f3n y tras su finalizaci\u00f3n.<\/p>\n<p>Desde 2021, el ICAC forma parte de la herramienta eiNa DMP del CSUC, con el objetivo de facilitar a su personal investigador la creaci\u00f3n de planes de gesti\u00f3n de datos para proyectos financiados por el programa Horizonte 2020, el Consejo Europeo de Investigaci\u00f3n (<em>European Research Council<\/em>) de la Comisi\u00f3n Europea o el Plan Estatal, entre otros organismos de financiaci\u00f3n.<\/p>\n<p>A partir de ahora, es posible crear planes de gesti\u00f3n de datos en l\u00ednea siguiendo los principios FAIR, consultando gu\u00edas y ejemplos reales de DMP, de manera colaborativa y optimizando tiempo y esfuerzo.<\/p>\n<p style=\"padding-left: 40px;\">Acceso: <u><a href=\"https:\/\/dmp.csuc.cat\/\" target=\"_blank\" rel=\"noopener\">https:\/\/dmp.csuc.cat\/<\/a><\/u><\/p>\n<p>&nbsp;<\/p>\n<ul>\n<li><strong>Recercat<\/strong><\/li>\n<\/ul>\n<p>M\u00e1s antigua es la participaci\u00f3n en Recercat (<em>Dep\u00f3sito de la Investigaci\u00f3n de Catalu\u00f1a<\/em>), el repositorio cooperativo impulsado por el CSUC (<em>Consorcio de Servicios Universitarios de Catalu\u00f1a<\/em>), en el que se puede consultar la literatura de investigaci\u00f3n de universidades y centros de investigaci\u00f3n de Catalu\u00f1a. Este repositorio re\u00fane art\u00edculos, trabajos de investigaci\u00f3n y de fin de m\u00e1ster, trabajos y proyectos de final de carrera, ponencias de congresos, informes, documentos de trabajo, etc.<\/p>\n<p>El ICAC deposita los resultados de su investigaci\u00f3n en Recercat desde 2014. En la web se pueden consultar las estad\u00edsticas de descargas y consultas del ICAC generadas por el propio repositorio.<\/p>\n<p style=\"padding-left: 40px;\">Acceso: <u><a href=\"https:\/\/recercat.cat\/\">https:\/\/recercat.cat\/<\/a><\/u><\/p>\n<p>&nbsp;<\/p>\n<div class=\"highlight-block\">\n<h6>Marco normativo<\/h6>\n<\/div>\n<p>&nbsp;<\/p>\n<ul>\n<li><strong>Pol\u00edtica de acceso abierto (2015)<\/strong><\/li>\n<\/ul>\n<p>En 2015, el ICAC aprob\u00f3 una pol\u00edtica institucional de acceso abierto, con la que involucra a toda su comunidad cient\u00edfica en el dep\u00f3sito de sus resultados en el repositorio institucional, velando por el respeto a los derechos de propiedad intelectual de los autores\/as, considerando tambi\u00e9n los datos y metadatos utilizados en el proceso de investigaci\u00f3n, siguiendo las normativas y criterios internacionales para repositorios de acceso abierto y facilitando identificadores persistentes que permitan el acceso permanente a los documentos, entre otras medidas.<\/p>\n<p style=\"padding-left: 40px;\">Acceso: <u><a href=\"http:\/\/hdl.handle.net\/2072\/376566\" target=\"_blank\" rel=\"noopener\">http:\/\/hdl.handle.net\/2072\/376566<\/a><\/u><\/p>\n<p>&nbsp;<\/p>\n<ul>\n<li><strong>Adhesi\u00f3n a la Declaraci\u00f3n de Berl\u00edn sobre el acceso abierto al conocimiento en ciencias y humanidades (2020)<\/strong><\/li>\n<\/ul>\n<p>Desde el 10 de marzo de 2020, el ICAC es una de las 650 instituciones en todo el mundo que han firmado la Declaraci\u00f3n de Berl\u00edn sobre el acceso abierto al conocimiento en ciencias y humanidades, uno de los documentos m\u00e1s emblem\u00e1ticos del Movimiento <em>Open Access<\/em>, gestionado por la Sociedad Max Planck.<\/p>\n<p style=\"padding-left: 40px;\">Acceso: <u><a href=\"http:\/\/hdl.handle.net\/2072\/527587\" target=\"_blank\" rel=\"noopener\">http:\/\/hdl.handle.net\/2072\/527587<\/a><\/u><\/p>\n<p><img loading=\"lazy\" class=\"size-medium wp-image-46971 aligncenter\" src=\"https:\/\/icac.cat\/wp-content\/uploads\/2015\/06\/ICAC-signature-Berlin-Declaration-400x200.png\" alt=\"\" width=\"400\" height=\"200\" \/><\/p>\n<p>&nbsp;<\/p>\n<ul>\n<li><strong>Protocolo de gesti\u00f3n de datos de investigaci\u00f3n en abierto (2021)<\/strong><\/li>\n<\/ul>\n<p>Para formalizar el compromiso institucional del ICAC con la gesti\u00f3n y publicaci\u00f3n de datos de investigaci\u00f3n siguiendo los principios FAIR (<em>localizables<\/em>, accesibles, interoperables y reutilizables), aumentar la eficiencia y la transparencia de la investigaci\u00f3n, as\u00ed como garantizar el cumplimiento de la legislaci\u00f3n vigente, el Consejo de Direcci\u00f3n del ICAC aprob\u00f3, el 13 de diciembre de 2021, el <em>Protocolo para la gesti\u00f3n de datos de investigaci\u00f3n<\/em>.<\/p>\n<p>Este protocolo es aplicable a todo el personal investigador del ICAC (incluido el personal adscrito) y establece que los datos de proyectos financiados con fondos p\u00fablicos deben depositarse en el CORA. Repositorio de datos de investigaci\u00f3n y en repositorios especializados en arqueolog\u00eda o multidisciplinarios con prestigio internacional.<\/p>\n<p style=\"padding-left: 40px;\">Acceso al documento: <u><a href=\"http:\/\/hdl.handle.net\/2072\/521684\" target=\"_blank\" rel=\"noopener\">http:\/\/hdl.handle.net\/2072\/521684<\/a><\/u><\/p>\n<p>&nbsp;<\/p>\n<ul>\n<li><strong>Protocolo de gesti\u00f3n del software de investigaci\u00f3n (2024)<\/strong><\/li>\n<\/ul>\n<p>El software de c\u00f3digo abierto, junto con las pr\u00e1cticas establecidas en los principios FAIR (<em>localizable, accesible, interoperable y reutilizable<\/em>), promueve la colaboraci\u00f3n entre el personal investigador, las partes interesadas y la sociedad.<\/p>\n<p>El Instituto Catal\u00e1n de Arqueolog\u00eda Cl\u00e1sica (ICAC) reconoce la importancia del software de investigaci\u00f3n y justifica la creaci\u00f3n y adopci\u00f3n de un protocolo orientado a promover su visibilidad y reutilizaci\u00f3n.<\/p>\n<p>Este documento fue aprobado por el Consejo de Direcci\u00f3n el 19 de diciembre de 2024 y complementa el <em>Protocolo de gesti\u00f3n de datos de investigaci\u00f3n<\/em> del ICAC.<\/p>\n<p style=\"padding-left: 40px;\">Acceso al documento: <a href=\"http:\/\/doi.org\/10.51417\/2024_31_6_9\" target=\"_blank\" rel=\"noopener\">http:\/\/doi.org\/10.51417\/2024_31_6_9<\/a><\/p>\n<p>&nbsp;<\/p>\n","protected":false},"excerpt":{"rendered":"<p>Infraestructures de ciencia abierta en el ICAC &nbsp; Web de ciencia abierta Espacio web dedicado a la ciencia abierta, con el objetivo de facilitar la adopci\u00f3n de pr\u00e1cticas de ciencia abierta por parte de su personal investigador. Acceso: https:\/\/openscience.icac.cat\/ &nbsp; Portal de la Recerca de Catalunya (CORA.PRC) Desde junio de 2018, el ICAC forma parte [&hellip;]<\/p>\n","protected":false},"author":1,"featured_media":0,"parent":21335,"menu_order":250,"comment_status":"closed","ping_status":"closed","template":"","meta":{"_genesis_hide_title":false,"_genesis_hide_breadcrumbs":false,"_genesis_hide_singular_image":false,"_genesis_hide_footer_widgets":false,"_genesis_custom_body_class":"","_genesis_custom_post_class":"","_genesis_layout":""},"_links":{"self":[{"href":"https:\/\/icac.cat\/es\/wp-json\/wp\/v2\/pages\/21492"}],"collection":[{"href":"https:\/\/icac.cat\/es\/wp-json\/wp\/v2\/pages"}],"about":[{"href":"https:\/\/icac.cat\/es\/wp-json\/wp\/v2\/types\/page"}],"author":[{"embeddable":true,"href":"https:\/\/icac.cat\/es\/wp-json\/wp\/v2\/users\/1"}],"replies":[{"embeddable":true,"href":"https:\/\/icac.cat\/es\/wp-json\/wp\/v2\/comments?post=21492"}],"version-history":[{"count":6,"href":"https:\/\/icac.cat\/es\/wp-json\/wp\/v2\/pages\/21492\/revisions"}],"predecessor-version":[{"id":97704,"href":"https:\/\/icac.cat\/es\/wp-json\/wp\/v2\/pages\/21492\/revisions\/97704"}],"up":[{"embeddable":true,"href":"https:\/\/icac.cat\/es\/wp-json\/wp\/v2\/pages\/21335"}],"wp:attachment":[{"href":"https:\/\/icac.cat\/es\/wp-json\/wp\/v2\/media?parent=21492"}],"curies":[{"name":"wp","href":"https:\/\/api.w.org\/{rel}","templated":true}]}}