{"id":21524,"date":"2015-09-17T12:27:31","date_gmt":"2015-09-17T10:27:31","guid":{"rendered":"http:\/\/www.icac.cat\/es\/investigacion\/equipos-de-investigacion\/arqueologia-de-la-mediterrania-oriental-grecoromana\/"},"modified":"2017-03-16T11:40:52","modified_gmt":"2017-03-16T10:40:52","slug":"mediterraneo-oriental-grecorromano","status":"publish","type":"page","link":"https:\/\/icac.cat\/es\/investigacion\/equipos-de-investigacion\/mediterraneo-oriental-grecorromano\/","title":{"rendered":"Mediterr\u00e1neo oriental grecorromano"},"content":{"rendered":"<p>El inter\u00e9s de este equipo se centra en la organizaci\u00f3n del espacio y su simbolog\u00eda en el Mediterr\u00e1neo oriental de \u00e9poca grecorromana, con un especial foco en el \u00e1mbito cultural hel\u00e9nico, en Grecia y en zonas de contacto intercultural como Egipto postfara\u00f3nico. Se trata de una aproximaci\u00f3n pluridisciplinar, que incluye la investigaci\u00f3n arqueol\u00f3gica, filol\u00f3gica, iconogr\u00e1fica y antropol\u00f3gica, as\u00ed como el uso de las nuevas tecnolog\u00edas para abordar las relaciones entre los diferentes niveles del espacio que configuran la realidad cultural hel\u00e9nica y grecoegipcia, desde la organizaci\u00f3n del espacio f\u00edsico (articulaci\u00f3n de espacios urbanos y extraurbanos) hasta la interacci\u00f3n entre este espacio y varios espacios simb\u00f3licos, definidos por el mito, el ritual, la literatura o la iconograf\u00eda. El equipo concentra dos grandes l\u00edneas de trabajo: el estudio del Egipto grecorromano y bizantino y el an\u00e1lisis de los modos de articulaci\u00f3n del espacio simb\u00f3lico griego.<\/p>\n<p>En el Egipto grecorromano y bizantino se trabaja actualmente en el an\u00e1lisis del horizonte tardorromano y bizantino en el yacimiento de Oxirrinco, ubicado en el Egipto Medio, en particular en las caracter\u00edsticas arquitect\u00f3nicas y decorativas de las estructuras de la fortaleza del suburbio noroccidental. Por otra parte, el an\u00e1lisis de los modelos de articulaci\u00f3n del espacio simb\u00f3lico permite captar los modos en los que la cultura griega construye la categor\u00eda de espacio a trav\u00e9s de lenguajes simb\u00f3licos como el mito, las pr\u00e1cticas colectivas ritualizadas o las formas visuales de la imagen o la arquitectura.<\/p>\n<p>El equipo ha trabajado en la elaboraci\u00f3n del inventario digital de cer\u00e1mica griega de Catalu\u00f1a en el marco de la colaboraci\u00f3n con el Centre Iberia Graeca as\u00ed como en varias acciones de divulgaci\u00f3n y transferencia del legado que los griegos dejaron en la pen\u00ednsula Ib\u00e9rica.<\/p>\n","protected":false},"excerpt":{"rendered":"<p>El inter\u00e9s de este equipo se centra en la organizaci\u00f3n del espacio y su simbolog\u00eda en el Mediterr\u00e1neo oriental de \u00e9poca grecorromana, con un especial foco en el \u00e1mbito cultural hel\u00e9nico, en Grecia y en zonas de contacto intercultural como Egipto postfara\u00f3nico. Se trata de una aproximaci\u00f3n pluridisciplinar, que incluye la investigaci\u00f3n arqueol\u00f3gica, filol\u00f3gica, iconogr\u00e1fica [&hellip;]<\/p>\n","protected":false},"author":1,"featured_media":11393,"parent":21499,"menu_order":8,"comment_status":"closed","ping_status":"closed","template":"template-equipsrecerca.php","meta":{"_genesis_hide_title":false,"_genesis_hide_breadcrumbs":false,"_genesis_hide_singular_image":false,"_genesis_hide_footer_widgets":false,"_genesis_custom_body_class":"","_genesis_custom_post_class":"","_genesis_layout":""},"_links":{"self":[{"href":"https:\/\/icac.cat\/es\/wp-json\/wp\/v2\/pages\/21524"}],"collection":[{"href":"https:\/\/icac.cat\/es\/wp-json\/wp\/v2\/pages"}],"about":[{"href":"https:\/\/icac.cat\/es\/wp-json\/wp\/v2\/types\/page"}],"author":[{"embeddable":true,"href":"https:\/\/icac.cat\/es\/wp-json\/wp\/v2\/users\/1"}],"replies":[{"embeddable":true,"href":"https:\/\/icac.cat\/es\/wp-json\/wp\/v2\/comments?post=21524"}],"version-history":[{"count":3,"href":"https:\/\/icac.cat\/es\/wp-json\/wp\/v2\/pages\/21524\/revisions"}],"predecessor-version":[{"id":25874,"href":"https:\/\/icac.cat\/es\/wp-json\/wp\/v2\/pages\/21524\/revisions\/25874"}],"up":[{"embeddable":true,"href":"https:\/\/icac.cat\/es\/wp-json\/wp\/v2\/pages\/21499"}],"wp:featuredmedia":[{"embeddable":true,"href":"https:\/\/icac.cat\/es\/wp-json\/wp\/v2\/media\/11393"}],"wp:attachment":[{"href":"https:\/\/icac.cat\/es\/wp-json\/wp\/v2\/media?parent=21524"}],"curies":[{"name":"wp","href":"https:\/\/api.w.org\/{rel}","templated":true}]}}