{"id":21526,"date":"2015-09-17T12:26:50","date_gmt":"2015-09-17T10:26:50","guid":{"rendered":"http:\/\/www.icac.cat\/es\/investigacion\/equipos-de-investigacion\/arqueologia-cristiana-i-de-lantiguitat-tardana\/"},"modified":"2025-05-28T11:00:26","modified_gmt":"2025-05-28T09:00:26","slug":"arqueologia-cristiana-y-de-la-antiguedad-tardia","status":"publish","type":"page","link":"https:\/\/icac.cat\/es\/investigacion\/grupos-de-investigacion\/mirmed-giac\/arqueologia-cristiana-y-de-la-antiguedad-tardia\/","title":{"rendered":"Arqueolog\u00eda romana y tardoromana"},"content":{"rendered":"<p>Aquest equip, que compta amb la participaci\u00f3 del Museu d\u2019Hist\u00f2ria municipal, de l\u2019Arquebisbat de Tarragona i de la principal empresa d\u2019arqueologia de la ciutat, t\u00e9 com a objectiu prosseguir la recerca de les bas\u00edliques cristianes de l\u2019amfiteatre rom\u00e0 de la ciutat i el de l\u2019\u00e0rea arqueol\u00f2gica de la Catedral. Per a la recerca arqueol\u00f2gica, l\u2019equip compta tamb\u00e9 amb la col\u00b7laboraci\u00f3 de l\u2019Escola T\u00e8cnica Superior d\u2019Arquitectura de la URV, amb el desenvolupament de projectes de documentaci\u00f3 i experimentaci\u00f3 gr\u00e0fica sobre el patrimoni local.<\/p>\n<p>Fruit d\u2019aquest context, aquest equip desenvolupa actuacions de documentaci\u00f3 i estudi arquitect\u00f2nic sobre els espais del circ rom\u00e0, que s\u00f3n actualment de propietat municipal. De forma complement\u00e0ria, des d\u2019aquest equip es volen potenciar els estudis sobre l\u2019\u00e0rea portu\u00e0ria de la ciutat de Tarragona, especialment en la transformaci\u00f3 tardoantiga. L\u2019equip tamb\u00e9 s\u2019ocupa de la recerca sobre el m\u00f3n funerari de la ciutat de Tarragona, especialment de l\u2019etapa tardoantiga i en clara relaci\u00f3 amb la transformaci\u00f3 paleocristiana de l\u2019antiga capital.<\/p>\n<p>D&#8217;altra banda, l&#8217;equip d&#8217;Arqueologia Romana de l\u2019ICAC tamb\u00e9 t\u00e9 com objectiu principal l\u2019estudi de l\u2019economia en \u00e8poca romana a Hisp\u00e0nia i al Mediterrani occidental, centrant-se especialment en l\u2019evid\u00e8ncia proporcionada pels objectes cer\u00e0mics i, molt especialment, els contenidors de transport (\u00e0mfores) i d\u2019emmagatzemament (dolia).<\/p>\n<p>El desenvolupament de la tasca investigadora d\u2019aquest equip s\u2019ha dut a terme durant els darrers 10 anys en el marc de 4 projectes subvencionats d\u2019R+D, tots ells amb Ramon J\u00e1rrega Dom\u00ednguez com a IP. Els resultats d\u2019aquest treball es poden consultar en dues p\u00e0gines web de l\u2019ICAC, Amphorae ex Hispania (<a href=\"https:\/\/amphorae.icac.cat\/\">https:\/\/amphorae.icac.cat\/<\/a>), que constitueix un punt de refer\u00e8ncia per a l\u2019estudi de les \u00e0mfores romanes produ\u00efdes a Hisp\u00e0nia, i Figlinae Hispanae (<a href=\"https:\/\/figlinaehispanae.icac.cat\/\">https:\/\/figlinaehispanae.icac.cat\/<\/a>), que constitueix un vadem\u00e8cum que permet el coneixement directe de les terrisseries d\u2019\u00e8poca romana a Hisp\u00e0nia.<\/p>\n<p>En aquest marc s\u2019estan duent a terme diverses investigacions, centrades especialment a Hisp\u00e0nia (Catalunya i Pa\u00eds Valenci\u00e0) per\u00f2 tamb\u00e9 a la ciutat de Roma, on s\u2019ha pogut investigar el comer\u00e7 de les \u00e0mfores hispanes a la capital de l\u2019Imperi. Compta amb la col\u00b7laboraci\u00f3 d&#8217;investigadors com\u00a0<a href=\"https:\/\/icac.cat\/qui-som\/personal\/grizzo\/\">Giorgio Rizzo<\/a> (ICAC),\u00a0<a href=\"https:\/\/icac.cat\/qui-som\/personal\/dmateo\/\">Daniel Mateo Corredor<\/a> (Universitat d\u2019Alacant \u2013 ICAC),\u00a0<a href=\"https:\/\/icac.cat\/qui-som\/personal\/ecolom\/\">Enric Colom Mendoza<\/a> (UNED \u2013 ICAC) i\u00a0<a href=\"https:\/\/icac.cat\/qui-som\/personal\/rpina\/\">Mar\u00eda Rosa Pina Bur\u00f3n<\/a> (UNED \u2013 ICAC).<\/p>\n","protected":false},"excerpt":{"rendered":"<p>Aquest equip, que compta amb la participaci\u00f3 del Museu d\u2019Hist\u00f2ria municipal, de l\u2019Arquebisbat de Tarragona i de la principal empresa d\u2019arqueologia de la ciutat, t\u00e9 com a objectiu prosseguir la recerca de les bas\u00edliques cristianes de l\u2019amfiteatre rom\u00e0 de la ciutat i el de l\u2019\u00e0rea arqueol\u00f2gica de la Catedral. Per a la recerca arqueol\u00f2gica, l\u2019equip [&hellip;]<\/p>\n","protected":false},"author":1,"featured_media":63972,"parent":89442,"menu_order":7,"comment_status":"closed","ping_status":"closed","template":"template-equipsrecerca.php","meta":{"_genesis_hide_title":false,"_genesis_hide_breadcrumbs":false,"_genesis_hide_singular_image":false,"_genesis_hide_footer_widgets":false,"_genesis_custom_body_class":"","_genesis_custom_post_class":"","_genesis_layout":""},"_links":{"self":[{"href":"https:\/\/icac.cat\/es\/wp-json\/wp\/v2\/pages\/21526"}],"collection":[{"href":"https:\/\/icac.cat\/es\/wp-json\/wp\/v2\/pages"}],"about":[{"href":"https:\/\/icac.cat\/es\/wp-json\/wp\/v2\/types\/page"}],"author":[{"embeddable":true,"href":"https:\/\/icac.cat\/es\/wp-json\/wp\/v2\/users\/1"}],"replies":[{"embeddable":true,"href":"https:\/\/icac.cat\/es\/wp-json\/wp\/v2\/comments?post=21526"}],"version-history":[{"count":5,"href":"https:\/\/icac.cat\/es\/wp-json\/wp\/v2\/pages\/21526\/revisions"}],"predecessor-version":[{"id":100572,"href":"https:\/\/icac.cat\/es\/wp-json\/wp\/v2\/pages\/21526\/revisions\/100572"}],"up":[{"embeddable":true,"href":"https:\/\/icac.cat\/es\/wp-json\/wp\/v2\/pages\/89442"}],"wp:featuredmedia":[{"embeddable":true,"href":"https:\/\/icac.cat\/es\/wp-json\/wp\/v2\/media\/63972"}],"wp:attachment":[{"href":"https:\/\/icac.cat\/es\/wp-json\/wp\/v2\/media?parent=21526"}],"curies":[{"name":"wp","href":"https:\/\/api.w.org\/{rel}","templated":true}]}}