{"id":21528,"date":"2015-09-17T12:24:59","date_gmt":"2015-09-17T10:24:59","guid":{"rendered":"http:\/\/www.icac.cat\/es\/investigacion\/equipos-de-investigacion\/arqueologia-protohistorica\/"},"modified":"2016-08-19T17:06:48","modified_gmt":"2016-08-19T15:06:48","slug":"arqueologia-protohistorica","status":"publish","type":"page","link":"https:\/\/icac.cat\/es\/investigacion\/grupos-de-investigacion\/mirmed-giac\/arqueologia-protohistorica\/","title":{"rendered":"Arqueolog\u00eda Protohist\u00f3rica"},"content":{"rendered":"<p>El seu objectiu \u00e9s incrementar el coneixement sobre les societats complexes de la protohist\u00f2ria de la Mediterr\u00e0nia occidental, a trav\u00e9s de diversos projectes sobre el m\u00f3n ib\u00e8ric septentrional, G\u00e0l\u00b7lia mediterr\u00e0nia i nord d\u2019\u00c0frica. La recerca sobre les societats protohist\u00f2riques de la Mediterr\u00e0nia occidental pret\u00e9n aprofundir en els processos de canvi que condueixen dels grups locals a les societats complexes i a la formaci\u00f3 dels estats arcaics. Entre els objectius m\u00e9s concrets cal esmentar l\u2019an\u00e0lisi de l\u2019aparici\u00f3 de les desigualtats socials, la compet\u00e8ncia pels recursos, la pressi\u00f3 demogr\u00e0fica, les formes de control del territori i la jerarquitzaci\u00f3 sociopol\u00edtica, a trav\u00e9s de l\u2019estudi de diversos assentaments i necr\u00f2polis.<\/p>\n<p>Un altre dels objectius d\u2019aquest equip \u00e9s l\u2019an\u00e0lisi dels contactes entre cultures, tant des del punt de vista de les influ\u00e8ncies com de la resist\u00e8ncia al canvi i la hibridaci\u00f3 cultural, tant en el m\u00f3n ib\u00e8ric com a la G\u00e0l\u00b7lia mediterr\u00e0nia i a la civilitzaci\u00f3 n\u00famida, ja sigui en el moment formatiu d\u2019aquestes cultures com en l\u2019etapa de romanitzaci\u00f3. Tamb\u00e9 s\u2019interessen per l\u2019origen, significaci\u00f3 i evoluci\u00f3 de les tradicions que han perviscut al llarg dels segles, com ara el ritual d\u2019incineraci\u00f3, que s\u2019expandeix a la Mediterr\u00e0nia al bronze final i perdura fins als nostres dies, els rituals vinculats als espais dom\u00e8stics i els processos de transformaci\u00f3 dels aliments documentats a la protohist\u00f2ria, que se situen a la base de la cuina mediterr\u00e0nia.<\/p>\n","protected":false},"excerpt":{"rendered":"<p>El seu objectiu \u00e9s incrementar el coneixement sobre les societats complexes de la protohist\u00f2ria de la Mediterr\u00e0nia occidental, a trav\u00e9s de diversos projectes sobre el m\u00f3n ib\u00e8ric septentrional, G\u00e0l\u00b7lia mediterr\u00e0nia i nord d\u2019\u00c0frica. La recerca sobre les societats protohist\u00f2riques de la Mediterr\u00e0nia occidental pret\u00e9n aprofundir en els processos de canvi que condueixen dels grups locals [&hellip;]<\/p>\n","protected":false},"author":1,"featured_media":63966,"parent":89442,"menu_order":6,"comment_status":"closed","ping_status":"closed","template":"template-equipsrecerca.php","meta":{"_genesis_hide_title":false,"_genesis_hide_breadcrumbs":false,"_genesis_hide_singular_image":false,"_genesis_hide_footer_widgets":false,"_genesis_custom_body_class":"","_genesis_custom_post_class":"","_genesis_layout":""},"_links":{"self":[{"href":"https:\/\/icac.cat\/es\/wp-json\/wp\/v2\/pages\/21528"}],"collection":[{"href":"https:\/\/icac.cat\/es\/wp-json\/wp\/v2\/pages"}],"about":[{"href":"https:\/\/icac.cat\/es\/wp-json\/wp\/v2\/types\/page"}],"author":[{"embeddable":true,"href":"https:\/\/icac.cat\/es\/wp-json\/wp\/v2\/users\/1"}],"replies":[{"embeddable":true,"href":"https:\/\/icac.cat\/es\/wp-json\/wp\/v2\/comments?post=21528"}],"version-history":[{"count":2,"href":"https:\/\/icac.cat\/es\/wp-json\/wp\/v2\/pages\/21528\/revisions"}],"predecessor-version":[{"id":21547,"href":"https:\/\/icac.cat\/es\/wp-json\/wp\/v2\/pages\/21528\/revisions\/21547"}],"up":[{"embeddable":true,"href":"https:\/\/icac.cat\/es\/wp-json\/wp\/v2\/pages\/89442"}],"wp:featuredmedia":[{"embeddable":true,"href":"https:\/\/icac.cat\/es\/wp-json\/wp\/v2\/media\/63966"}],"wp:attachment":[{"href":"https:\/\/icac.cat\/es\/wp-json\/wp\/v2\/media?parent=21528"}],"curies":[{"name":"wp","href":"https:\/\/api.w.org\/{rel}","templated":true}]}}