{"id":21531,"date":"2015-09-17T12:24:05","date_gmt":"2015-09-17T10:24:05","guid":{"rendered":"http:\/\/www.icac.cat\/es\/investigacion\/equipos-de-investigacion\/alimentacio-economia-i-comerc-al-mon-antic-aecma\/"},"modified":"2016-08-19T17:06:32","modified_gmt":"2016-08-19T15:06:32","slug":"alimentacion-economia-y-comercio-en-el-mundo-antiguo-aecma","status":"publish","type":"page","link":"https:\/\/icac.cat\/es\/investigacion\/equipos-de-investigacion\/alimentacion-economia-y-comercio-en-el-mundo-antiguo-aecma\/","title":{"rendered":"Alimentaci\u00f3n, econom\u00eda y comercio en el mundo antiguo (Aecma)"},"content":{"rendered":"<p>Aquest equip centra el seu estudi en la cer\u00e0mica romana, especialment en les \u00e0mfores produ\u00efdes a Hisp\u00e0nia i els centres de producci\u00f3 m\u00e9s destacats, per realitzar-ne mapes tem\u00e0tics amb la seva distribuci\u00f3. Els principals objectius de recerca s\u00f3n: la difusi\u00f3 exterior de les \u00e0mfores hisp\u00e0niques a la Mediterr\u00e0nia occidental i Europa, i l\u2019estudi dels patrons d\u2019interacci\u00f3 de les comunitats protohist\u00f2riques amb el medi per donar una visi\u00f3 global i transversal entorn a la problem\u00e0tica de la producci\u00f3 i el comer\u00e7 entre les comunitats ib\u00e8riques i altres pobles mediterranis. Tamb\u00e9 estudien les restes de fauna, que aporten coneixement sobre la producci\u00f3, la distribuci\u00f3 i el consum de recursos animals.<\/p>\n<p>Els projectes en curs se centren especialment a les Terres de l\u2019Ebre i l\u2019\u00e0rea occidental del Camp de Tarragona. Actualment, s\u2019est\u00e0 treballant en els jaciments catalans de L\u2019Assut (Tivenys, Baix Ebre), Tortosa (Baix Ebre), Els Tossals (Aldover, Baix Ebre), La Cella (Salou, Tarragon\u00e8s), la Cova de la Font Major (Espluga de Francol\u00ed, Conca de Barber\u00e0) i la Terra Alta.<\/p>\n","protected":false},"excerpt":{"rendered":"<p>Aquest equip centra el seu estudi en la cer\u00e0mica romana, especialment en les \u00e0mfores produ\u00efdes a Hisp\u00e0nia i els centres de producci\u00f3 m\u00e9s destacats, per realitzar-ne mapes tem\u00e0tics amb la seva distribuci\u00f3. Els principals objectius de recerca s\u00f3n: la difusi\u00f3 exterior de les \u00e0mfores hisp\u00e0niques a la Mediterr\u00e0nia occidental i Europa, i l\u2019estudi dels patrons [&hellip;]<\/p>\n","protected":false},"author":1,"featured_media":11501,"parent":21499,"menu_order":5,"comment_status":"closed","ping_status":"closed","template":"template-equipsrecerca.php","meta":{"_genesis_hide_title":false,"_genesis_hide_breadcrumbs":false,"_genesis_hide_singular_image":false,"_genesis_hide_footer_widgets":false,"_genesis_custom_body_class":"","_genesis_custom_post_class":"","_genesis_layout":""},"_links":{"self":[{"href":"https:\/\/icac.cat\/es\/wp-json\/wp\/v2\/pages\/21531"}],"collection":[{"href":"https:\/\/icac.cat\/es\/wp-json\/wp\/v2\/pages"}],"about":[{"href":"https:\/\/icac.cat\/es\/wp-json\/wp\/v2\/types\/page"}],"author":[{"embeddable":true,"href":"https:\/\/icac.cat\/es\/wp-json\/wp\/v2\/users\/1"}],"replies":[{"embeddable":true,"href":"https:\/\/icac.cat\/es\/wp-json\/wp\/v2\/comments?post=21531"}],"version-history":[{"count":1,"href":"https:\/\/icac.cat\/es\/wp-json\/wp\/v2\/pages\/21531\/revisions"}],"predecessor-version":[{"id":21546,"href":"https:\/\/icac.cat\/es\/wp-json\/wp\/v2\/pages\/21531\/revisions\/21546"}],"up":[{"embeddable":true,"href":"https:\/\/icac.cat\/es\/wp-json\/wp\/v2\/pages\/21499"}],"wp:featuredmedia":[{"embeddable":true,"href":"https:\/\/icac.cat\/es\/wp-json\/wp\/v2\/media\/11501"}],"wp:attachment":[{"href":"https:\/\/icac.cat\/es\/wp-json\/wp\/v2\/media?parent=21531"}],"curies":[{"name":"wp","href":"https:\/\/api.w.org\/{rel}","templated":true}]}}