{"id":21533,"date":"2015-09-17T12:23:34","date_gmt":"2015-09-17T10:23:34","guid":{"rendered":"http:\/\/www.icac.cat\/es\/investigacion\/equipos-de-investigacion\/arqueometria-i-produccions-artistiques-arpa\/"},"modified":"2020-02-28T08:58:16","modified_gmt":"2020-02-28T07:58:16","slug":"arqueometria-i-produccions-artistiques-arpa","status":"publish","type":"page","link":"https:\/\/icac.cat\/es\/investigacion\/grupos-de-investigacion\/arpa-lira\/arqueometria-i-produccions-artistiques-arpa\/","title":{"rendered":"Arqueometria i Produccions Art\u00edstiques (ArPA)"},"content":{"rendered":"<p>En aquest equip conflueixen diferents punts d\u2019enfocament sobre un mateix tema base: l\u2019estudi dels materials inorg\u00e0nics, amb un especial \u00e8mfasi als materials lapidis utilitzats en l\u2019antiguitat per a l\u2019elaboraci\u00f3 d\u2019elements arqueol\u00f2gics manufacturats. El punt de converg\u00e8ncia est\u00e0 constitu\u00eft per les diferents disciplines i ci\u00e8ncies que estudien aquests materials i les seves implicacions en el passat hist\u00f2ric de la societat, des de la geologia a la hist\u00f2ria de l\u2019art.<\/p>\n<p>La investigaci\u00f3 es desenvolupa gr\u00e0cies a la col\u00b7laboraci\u00f3 d\u2019investigadors de diferents centres de recerca catalans, com s\u00f3n l\u2019ICAC, la UAB i la URV, que compten amb una experi\u00e8ncia demostrada en aquest camp. El\u00a0 principal objectiu d&#8217;aquest grup de recerca \u00e9s estudiar els materials lapidis procedents de la zona catalana i la seva exportaci\u00f3 a la resta d\u2019Hisp\u00e0nia i altres prov\u00edncies de l\u2019Imperi Rom\u00e0, aix\u00ed com tamb\u00e9 la incid\u00e8ncia de materials forans en la Catalunya d\u2019\u00e8poca romana. La seva recerca inclou tamb\u00e9 la localitzaci\u00f3 de pedreres i zones d\u2019explotaci\u00f3 de materials lapidis, especialment a Catalunya, durant l\u2019\u00e8poca romana.<\/p>\n","protected":false},"excerpt":{"rendered":"<p>En aquest equip conflueixen diferents punts d\u2019enfocament sobre un mateix tema base: l\u2019estudi dels materials inorg\u00e0nics, amb un especial \u00e8mfasi als materials lapidis utilitzats en l\u2019antiguitat per a l\u2019elaboraci\u00f3 d\u2019elements arqueol\u00f2gics manufacturats. El punt de converg\u00e8ncia est\u00e0 constitu\u00eft per les diferents disciplines i ci\u00e8ncies que estudien aquests materials i les seves implicacions en el passat [&hellip;]<\/p>\n","protected":false},"author":1,"featured_media":66124,"parent":89448,"menu_order":4,"comment_status":"closed","ping_status":"closed","template":"template-equipsrecerca.php","meta":{"_genesis_hide_title":false,"_genesis_hide_breadcrumbs":false,"_genesis_hide_singular_image":false,"_genesis_hide_footer_widgets":false,"_genesis_custom_body_class":"","_genesis_custom_post_class":"","_genesis_layout":""},"_links":{"self":[{"href":"https:\/\/icac.cat\/es\/wp-json\/wp\/v2\/pages\/21533"}],"collection":[{"href":"https:\/\/icac.cat\/es\/wp-json\/wp\/v2\/pages"}],"about":[{"href":"https:\/\/icac.cat\/es\/wp-json\/wp\/v2\/types\/page"}],"author":[{"embeddable":true,"href":"https:\/\/icac.cat\/es\/wp-json\/wp\/v2\/users\/1"}],"replies":[{"embeddable":true,"href":"https:\/\/icac.cat\/es\/wp-json\/wp\/v2\/comments?post=21533"}],"version-history":[{"count":4,"href":"https:\/\/icac.cat\/es\/wp-json\/wp\/v2\/pages\/21533\/revisions"}],"predecessor-version":[{"id":46248,"href":"https:\/\/icac.cat\/es\/wp-json\/wp\/v2\/pages\/21533\/revisions\/46248"}],"up":[{"embeddable":true,"href":"https:\/\/icac.cat\/es\/wp-json\/wp\/v2\/pages\/89448"}],"wp:featuredmedia":[{"embeddable":true,"href":"https:\/\/icac.cat\/es\/wp-json\/wp\/v2\/media\/66124"}],"wp:attachment":[{"href":"https:\/\/icac.cat\/es\/wp-json\/wp\/v2\/media?parent=21533"}],"curies":[{"name":"wp","href":"https:\/\/api.w.org\/{rel}","templated":true}]}}