{"id":21536,"date":"2015-09-17T12:22:49","date_gmt":"2015-09-17T10:22:49","guid":{"rendered":"http:\/\/www.icac.cat\/es\/investigacion\/equipos-de-investigacion\/seminari-de-topografia-antiga-setopant\/"},"modified":"2016-08-19T17:05:37","modified_gmt":"2016-08-19T15:05:37","slug":"seminario-de-topografia-antigua-setopant","status":"publish","type":"page","link":"https:\/\/icac.cat\/es\/investigacion\/grupos-de-investigacion\/mirmed-giac\/seminario-de-topografia-antigua-setopant\/","title":{"rendered":"Seminario de Topograf\u00eda antigua (SETOPANT)"},"content":{"rendered":"<p>L\u2019objectiu cient\u00edfic de l\u2019equip \u00e9s l\u2019estudi de la complexitat de la ciutat i l\u2019arquitectura al m\u00f3n antic. Mitjan\u00e7ant l\u2019estudi de casos hist\u00f2rics com Roma i Cusco es pret\u00e9n verificar hip\u00f2tesis sobre les formes urbanes complexes en contextos preindustrials. Per aix\u00f2 l\u2019equip treballa en la xarxa \u201cOr\u00edgens Urbans\u201d que inclou universitats i centres de recerca dels dos costats de l\u2019Atl\u00e0ntic (Universidad de Cusco; NMAI-Smithsonian Institution of Washington; Universidad Nacional de Colombia; Universidade do Minho; Universit\u00e0 di Roma \u201cLa Sapienza\u201d i la URV de Tarragona). Com a resultat de la xarxa, el projecte nord-americ\u00e0 (URV i NMAI-Smithsonian Institution) ha ajudat a ampliar el context cultural del treball en l\u2019arqueologia de l\u2019arquitectura i l\u2019urbanisme.<\/p>\n<p>Els principals objectius de recerca d\u2019aquest grup s\u00f3n: identificar, en l\u2019Am\u00e8rica precolombina i el Mediterrani, els components b\u00e0sics dels models urbans; estudiar el paper de la gesti\u00f3 de l\u2019aigua en el desenvolupament de les formes urbanes en el Mediterrani i en contextos diferents a l\u2019andina; continuar el proc\u00e9s de transfer\u00e8ncia de tecnologia d\u2019Europa \u2013 Am\u00e8rica en la planificaci\u00f3 de projectes per a l\u2019estudi de les ciutats hist\u00f2riques; millorar la construcci\u00f3 de models 3D com un instrument aut\u00e8ntic d\u2019interpretaci\u00f3 i realitzar un estudi de l\u2019arquitectura i la ciutat.<\/p>\n<p><a href=\"http:\/\/setopant.com\/\" target=\"_blank\">Web del grup SETOPANT<\/a><\/p>\n<p>&nbsp;<\/p>\n","protected":false},"excerpt":{"rendered":"<p>L\u2019objectiu cient\u00edfic de l\u2019equip \u00e9s l\u2019estudi de la complexitat de la ciutat i l\u2019arquitectura al m\u00f3n antic. Mitjan\u00e7ant l\u2019estudi de casos hist\u00f2rics com Roma i Cusco es pret\u00e9n verificar hip\u00f2tesis sobre les formes urbanes complexes en contextos preindustrials. Per aix\u00f2 l\u2019equip treballa en la xarxa \u201cOr\u00edgens Urbans\u201d que inclou universitats i centres de recerca dels [&hellip;]<\/p>\n","protected":false},"author":1,"featured_media":63968,"parent":89442,"menu_order":3,"comment_status":"closed","ping_status":"closed","template":"template-equipsrecerca.php","meta":{"_genesis_hide_title":false,"_genesis_hide_breadcrumbs":false,"_genesis_hide_singular_image":false,"_genesis_hide_footer_widgets":false,"_genesis_custom_body_class":"","_genesis_custom_post_class":"","_genesis_layout":""},"_links":{"self":[{"href":"https:\/\/icac.cat\/es\/wp-json\/wp\/v2\/pages\/21536"}],"collection":[{"href":"https:\/\/icac.cat\/es\/wp-json\/wp\/v2\/pages"}],"about":[{"href":"https:\/\/icac.cat\/es\/wp-json\/wp\/v2\/types\/page"}],"author":[{"embeddable":true,"href":"https:\/\/icac.cat\/es\/wp-json\/wp\/v2\/users\/1"}],"replies":[{"embeddable":true,"href":"https:\/\/icac.cat\/es\/wp-json\/wp\/v2\/comments?post=21536"}],"version-history":[{"count":1,"href":"https:\/\/icac.cat\/es\/wp-json\/wp\/v2\/pages\/21536\/revisions"}],"predecessor-version":[{"id":21544,"href":"https:\/\/icac.cat\/es\/wp-json\/wp\/v2\/pages\/21536\/revisions\/21544"}],"up":[{"embeddable":true,"href":"https:\/\/icac.cat\/es\/wp-json\/wp\/v2\/pages\/89442"}],"wp:featuredmedia":[{"embeddable":true,"href":"https:\/\/icac.cat\/es\/wp-json\/wp\/v2\/media\/63968"}],"wp:attachment":[{"href":"https:\/\/icac.cat\/es\/wp-json\/wp\/v2\/media?parent=21536"}],"curies":[{"name":"wp","href":"https:\/\/api.w.org\/{rel}","templated":true}]}}