{"id":21538,"date":"2015-09-17T12:21:54","date_gmt":"2015-09-17T10:21:54","guid":{"rendered":"http:\/\/www.icac.cat\/es\/investigacion\/equipos-de-investigacion\/poblament-i-territori-en-epoca-romana\/"},"modified":"2016-08-19T17:05:14","modified_gmt":"2016-08-19T15:05:14","slug":"poblamiento-y-territorio-en-epoca-romana","status":"publish","type":"page","link":"https:\/\/icac.cat\/es\/investigacion\/grupos-de-investigacion\/mirmed-giac\/poblamiento-y-territorio-en-epoca-romana\/","title":{"rendered":"Poblamiento y territorio en \u00e9poca romana"},"content":{"rendered":"<p>Aquest equip centra el seu estudi en la ciutat romana i la seva articulaci\u00f3 amb el territori, des de la perspectiva de l\u2019arqueologia urbana i del poblament rural. La recerca se centra en quatre \u00e0rees: el Camp de Tarragona (Tarraco), la Segarra i l\u2019Urgell (Iesso), el Vall\u00e8s Oriental, el Maresme i la Cerdanya (Iulia Libica). La col\u00b7laboraci\u00f3 directa amb grups de diversos pa\u00efsos integrats en el projecte internacional <em>Tabula Imperii Romani\/Forma Orbis Romani<\/em>, que treballen en la mateixa tem\u00e0tica, permet estendre les an\u00e0lisis comparatives a diverses regions del m\u00f3n de l\u2019antiguitat romana.<\/p>\n<p>El principal objectiu de la recerca desenvolupada per aquest grup \u00e9s analitzar les solucions que va implementar el poder rom\u00e0 per controlar alguns territoris peninsulars en el per\u00edode immediat a la conquesta i pr\u00e8viament a la fundaci\u00f3 de ciutats. S\u2019analitzen les diferents tipologies d\u2019assentament: centres log\u00edstics, campaments, <em>castella<\/em>, centres de control administratiu, etc.<\/p>\n","protected":false},"excerpt":{"rendered":"<p>Aquest equip centra el seu estudi en la ciutat romana i la seva articulaci\u00f3 amb el territori, des de la perspectiva de l\u2019arqueologia urbana i del poblament rural. La recerca se centra en quatre \u00e0rees: el Camp de Tarragona (Tarraco), la Segarra i l\u2019Urgell (Iesso), el Vall\u00e8s Oriental, el Maresme i la Cerdanya (Iulia Libica). [&hellip;]<\/p>\n","protected":false},"author":1,"featured_media":63964,"parent":89442,"menu_order":2,"comment_status":"closed","ping_status":"closed","template":"template-equipsrecerca.php","meta":{"_genesis_hide_title":false,"_genesis_hide_breadcrumbs":false,"_genesis_hide_singular_image":false,"_genesis_hide_footer_widgets":false,"_genesis_custom_body_class":"","_genesis_custom_post_class":"","_genesis_layout":""},"_links":{"self":[{"href":"https:\/\/icac.cat\/es\/wp-json\/wp\/v2\/pages\/21538"}],"collection":[{"href":"https:\/\/icac.cat\/es\/wp-json\/wp\/v2\/pages"}],"about":[{"href":"https:\/\/icac.cat\/es\/wp-json\/wp\/v2\/types\/page"}],"author":[{"embeddable":true,"href":"https:\/\/icac.cat\/es\/wp-json\/wp\/v2\/users\/1"}],"replies":[{"embeddable":true,"href":"https:\/\/icac.cat\/es\/wp-json\/wp\/v2\/comments?post=21538"}],"version-history":[{"count":1,"href":"https:\/\/icac.cat\/es\/wp-json\/wp\/v2\/pages\/21538\/revisions"}],"predecessor-version":[{"id":21543,"href":"https:\/\/icac.cat\/es\/wp-json\/wp\/v2\/pages\/21538\/revisions\/21543"}],"up":[{"embeddable":true,"href":"https:\/\/icac.cat\/es\/wp-json\/wp\/v2\/pages\/89442"}],"wp:featuredmedia":[{"embeddable":true,"href":"https:\/\/icac.cat\/es\/wp-json\/wp\/v2\/media\/63964"}],"wp:attachment":[{"href":"https:\/\/icac.cat\/es\/wp-json\/wp\/v2\/media?parent=21538"}],"curies":[{"name":"wp","href":"https:\/\/api.w.org\/{rel}","templated":true}]}}