{"id":21540,"date":"2015-09-17T12:21:20","date_gmt":"2015-09-17T10:21:20","guid":{"rendered":"http:\/\/www.icac.cat\/es\/investigacion\/equipos-de-investigacion\/arqueologia-del-paisatge-giap\/"},"modified":"2023-12-12T10:03:30","modified_gmt":"2023-12-12T09:03:30","slug":"arqueologia-paisajes-culturales-paleoambiente","status":"publish","type":"page","link":"https:\/\/icac.cat\/es\/investigacion\/grupos-de-investigacion\/giap\/arqueologia-paisajes-culturales-paleoambiente\/","title":{"rendered":"Arqueolog\u00eda de los paisajes culturales y paleoambiente"},"content":{"rendered":"<p>La arqueolog\u00eda de los paisajes culturales tiene por objetivo el estudio de las interacciones de las sociedades con su entorno a lo largo del tiempo y la caracterizaci\u00f3n de la formaci\u00f3n de paisajes culturales.<\/p>\n<p>El equipo desarrolla\u00a0<strong>proyectos diacr\u00f3nicos e interdisciplinares<\/strong>\u00a0sobre paisajes, entendidos como elementos culturales. La investigaci\u00f3n de este equipo contribuye al conocimiento de los valores hist\u00f3ricos y culturales del paisaje y sus resultados tienen un impacto social en el campo de la gesti\u00f3n territorial.<\/p>\n<p>La gesti\u00f3n y ordenaci\u00f3n del paisaje\u00a0son tem\u00e1ticas recogidas por el Convenio Europeo del Paisaje y la Lei catalana de protecci\u00f3n, y que vienen a expresar la necesidad de estudiar\u00a0<strong>la historia de los paisajes<\/strong>, para que aporten sus valores patrimoniales y se conviertan en un recurso cultural.<\/p>\n<h6><\/h6>\n<p>&nbsp;<\/p>\n","protected":false},"excerpt":{"rendered":"<p>La arqueolog\u00eda de los paisajes culturales tiene por objetivo el estudio de las interacciones de las sociedades con su entorno a lo largo del tiempo y la caracterizaci\u00f3n de la formaci\u00f3n de paisajes culturales. El equipo desarrolla\u00a0proyectos diacr\u00f3nicos e interdisciplinares\u00a0sobre paisajes, entendidos como elementos culturales. La investigaci\u00f3n de este equipo contribuye al conocimiento de los [&hellip;]<\/p>\n","protected":false},"author":1,"featured_media":63962,"parent":89424,"menu_order":11,"comment_status":"closed","ping_status":"closed","template":"template-equipsrecerca.php","meta":{"_genesis_hide_title":false,"_genesis_hide_breadcrumbs":false,"_genesis_hide_singular_image":false,"_genesis_hide_footer_widgets":false,"_genesis_custom_body_class":"","_genesis_custom_post_class":"","_genesis_layout":""},"_links":{"self":[{"href":"https:\/\/icac.cat\/es\/wp-json\/wp\/v2\/pages\/21540"}],"collection":[{"href":"https:\/\/icac.cat\/es\/wp-json\/wp\/v2\/pages"}],"about":[{"href":"https:\/\/icac.cat\/es\/wp-json\/wp\/v2\/types\/page"}],"author":[{"embeddable":true,"href":"https:\/\/icac.cat\/es\/wp-json\/wp\/v2\/users\/1"}],"replies":[{"embeddable":true,"href":"https:\/\/icac.cat\/es\/wp-json\/wp\/v2\/comments?post=21540"}],"version-history":[{"count":5,"href":"https:\/\/icac.cat\/es\/wp-json\/wp\/v2\/pages\/21540\/revisions"}],"predecessor-version":[{"id":89494,"href":"https:\/\/icac.cat\/es\/wp-json\/wp\/v2\/pages\/21540\/revisions\/89494"}],"up":[{"embeddable":true,"href":"https:\/\/icac.cat\/es\/wp-json\/wp\/v2\/pages\/89424"}],"wp:featuredmedia":[{"embeddable":true,"href":"https:\/\/icac.cat\/es\/wp-json\/wp\/v2\/media\/63962"}],"wp:attachment":[{"href":"https:\/\/icac.cat\/es\/wp-json\/wp\/v2\/media?parent=21540"}],"curies":[{"name":"wp","href":"https:\/\/api.w.org\/{rel}","templated":true}]}}