{"id":21559,"date":"2015-06-26T10:00:44","date_gmt":"2015-06-26T08:00:44","guid":{"rendered":"http:\/\/www.icac.cat\/es\/investigacion\/investigacion-del-icac\/programes-transversals\/"},"modified":"2016-08-19T17:17:05","modified_gmt":"2016-08-19T15:17:05","slug":"programas-transversales","status":"publish","type":"page","link":"https:\/\/icac.cat\/es\/programas-transversales\/","title":{"rendered":"Programas transversales"},"content":{"rendered":"<p>L\u2019ICAC tamb\u00e9 defineix uns programes transversals que desenvolupen disciplines de car\u00e0cter metodol\u00f2gic i aplicat afins a l\u2019arqueologia que incideixen en les diferents l\u00ednies de recerca de l\u2019ICAC. Dins l\u2019estructura de recerca se situen al mateix nivell que les l\u00ednies de recerca, s\u00f3n coordinats per un investigador responsable i poden desenvolupar diferents projectes.<\/p>\n<p><a href=\"\/?page_id=7309\" target=\"_blank\">M\u00e8todes i t\u00e8cniques de les ci\u00e8ncies experimentals aplicades a l\u2019arqueologia cl\u00e0ssica<\/a><br \/>\n<a href=\"\/?page_id=7311\" target=\"_blank\">Tecnologies de la informaci\u00f3 i la comunicaci\u00f3 aplicades a l\u2019arqueologia cl\u00e0ssica<\/a><br \/>\n<a href=\"\/?page_id=7313\" target=\"_blank\">Arqueologia cl\u00e0ssica i ci\u00e8ncies de l\u2019antiguitat. Fonts textuals, epigrafia i numism\u00e0tica<\/a><\/p>\n","protected":false},"excerpt":{"rendered":"<p>L\u2019ICAC tamb\u00e9 defineix uns programes transversals que desenvolupen disciplines de car\u00e0cter metodol\u00f2gic i aplicat afins a l\u2019arqueologia que incideixen en les diferents l\u00ednies de recerca de l\u2019ICAC. Dins l\u2019estructura de recerca se situen al mateix nivell que les l\u00ednies de recerca, s\u00f3n coordinats per un investigador responsable i poden desenvolupar diferents projectes. M\u00e8todes i t\u00e8cniques [&hellip;]<\/p>\n","protected":false},"author":1,"featured_media":0,"parent":0,"menu_order":223,"comment_status":"closed","ping_status":"closed","template":"","meta":{"_genesis_hide_title":false,"_genesis_hide_breadcrumbs":false,"_genesis_hide_singular_image":false,"_genesis_hide_footer_widgets":false,"_genesis_custom_body_class":"","_genesis_custom_post_class":"","_genesis_layout":""},"_links":{"self":[{"href":"https:\/\/icac.cat\/es\/wp-json\/wp\/v2\/pages\/21559"}],"collection":[{"href":"https:\/\/icac.cat\/es\/wp-json\/wp\/v2\/pages"}],"about":[{"href":"https:\/\/icac.cat\/es\/wp-json\/wp\/v2\/types\/page"}],"author":[{"embeddable":true,"href":"https:\/\/icac.cat\/es\/wp-json\/wp\/v2\/users\/1"}],"replies":[{"embeddable":true,"href":"https:\/\/icac.cat\/es\/wp-json\/wp\/v2\/comments?post=21559"}],"version-history":[{"count":1,"href":"https:\/\/icac.cat\/es\/wp-json\/wp\/v2\/pages\/21559\/revisions"}],"predecessor-version":[{"id":21571,"href":"https:\/\/icac.cat\/es\/wp-json\/wp\/v2\/pages\/21559\/revisions\/21571"}],"wp:attachment":[{"href":"https:\/\/icac.cat\/es\/wp-json\/wp\/v2\/media?parent=21559"}],"curies":[{"name":"wp","href":"https:\/\/api.w.org\/{rel}","templated":true}]}}