{"id":21561,"date":"2015-06-26T10:00:22","date_gmt":"2015-06-26T08:00:22","guid":{"rendered":"http:\/\/www.icac.cat\/es\/investigacion\/investigacion-del-icac\/programes-especifics\/"},"modified":"2017-02-28T13:25:58","modified_gmt":"2017-02-28T12:25:58","slug":"programas-especificos","status":"publish","type":"page","link":"https:\/\/icac.cat\/es\/programas-especificos\/","title":{"rendered":"Programas espec\u00edficos"},"content":{"rendered":"<p>Los programas espec\u00edficos son programas de investigaci\u00f3n con un marcado car\u00e1cter tem\u00e1tico que se pueden insertar en una l\u00ednea de investigaci\u00f3n concreta o bien desarrollar aspectos que afectan varias l\u00edneas. Este es el caso de programas de tipo estrat\u00e9gico como el de <strong>Arqueolog\u00eda Griega<\/strong>, que tiene como objetivo gen\u00e9rico promover la formaci\u00f3n y la investigaci\u00f3n en este campo de la arqueolog\u00eda cl\u00e1sica entre los estudiantes de tercer ciclo de las universidades de Catalu\u00f1a.<\/p>\n<p>Tambi\u00e9n son programas espec\u00edficos aquellos que se definen y se desarrollan seg\u00fan una problem\u00e1tica hist\u00f3rica determinada. Es el caso del programa <strong>Arqueolog\u00eda de la Protohistoria en el Mediterr\u00e1neo Occidental<\/strong>, que profundiza en el conocimiento de las grandes transformaciones que llevaron a constituir las sociedades urbanas y hacerlas evolucionar bajo la influencia de la colonizaci\u00f3n grecop\u00fanica y, m\u00e1s tarde, de la colonizaci\u00f3n romana. Otro ejemplo es el programa sobre las transformaciones urbanas durante la Antig\u00fcedad tard\u00eda, centrado en las actuaciones urbanas que tengan que ver con el testimonio arqueol\u00f3gico de este periodo de cambio urbano.<\/p>\n<p><a href=\"\/?page_id=7302\" target=\"_blank\">Arqueolog\u00eda de la protohistoria en el Mediterr\u00e1neo Occidental<\/a><br \/>\n<a href=\"\/?page_id=7304\" target=\"_blank\">Arqueolog\u00eda griega<\/a><br \/>\n<a href=\"\/?page_id=7306\" target=\"_blank\">Antig\u00fcedad tard\u00eda<\/a><\/p>\n","protected":false},"excerpt":{"rendered":"<p>Los programas espec\u00edficos son programas de investigaci\u00f3n con un marcado car\u00e1cter tem\u00e1tico que se pueden insertar en una l\u00ednea de investigaci\u00f3n concreta o bien desarrollar aspectos que afectan varias l\u00edneas. Este es el caso de programas de tipo estrat\u00e9gico como el de Arqueolog\u00eda Griega, que tiene como objetivo gen\u00e9rico promover la formaci\u00f3n y la investigaci\u00f3n [&hellip;]<\/p>\n","protected":false},"author":1,"featured_media":0,"parent":0,"menu_order":222,"comment_status":"closed","ping_status":"closed","template":"","meta":{"_genesis_hide_title":false,"_genesis_hide_breadcrumbs":false,"_genesis_hide_singular_image":false,"_genesis_hide_footer_widgets":false,"_genesis_custom_body_class":"","_genesis_custom_post_class":"","_genesis_layout":""},"_links":{"self":[{"href":"https:\/\/icac.cat\/es\/wp-json\/wp\/v2\/pages\/21561"}],"collection":[{"href":"https:\/\/icac.cat\/es\/wp-json\/wp\/v2\/pages"}],"about":[{"href":"https:\/\/icac.cat\/es\/wp-json\/wp\/v2\/types\/page"}],"author":[{"embeddable":true,"href":"https:\/\/icac.cat\/es\/wp-json\/wp\/v2\/users\/1"}],"replies":[{"embeddable":true,"href":"https:\/\/icac.cat\/es\/wp-json\/wp\/v2\/comments?post=21561"}],"version-history":[{"count":3,"href":"https:\/\/icac.cat\/es\/wp-json\/wp\/v2\/pages\/21561\/revisions"}],"predecessor-version":[{"id":25506,"href":"https:\/\/icac.cat\/es\/wp-json\/wp\/v2\/pages\/21561\/revisions\/25506"}],"wp:attachment":[{"href":"https:\/\/icac.cat\/es\/wp-json\/wp\/v2\/media?parent=21561"}],"curies":[{"name":"wp","href":"https:\/\/api.w.org\/{rel}","templated":true}]}}