{"id":21563,"date":"2015-06-26T09:59:49","date_gmt":"2015-06-26T07:59:49","guid":{"rendered":"http:\/\/www.icac.cat\/es\/investigacion\/investigacion-del-icac\/linies-de-recerca\/"},"modified":"2017-02-21T13:04:06","modified_gmt":"2017-02-21T12:04:06","slug":"lineas-de-investigacion","status":"publish","type":"page","link":"https:\/\/icac.cat\/es\/lineas-de-investigacion\/","title":{"rendered":"L\u00edneas de investigaci\u00f3n"},"content":{"rendered":"<p>Por l\u00ednea de investigaci\u00f3n se entiende una especialidad o campo de investigaci\u00f3n fundamental en Arqueolog\u00eda Cl\u00e1sica. Se integran programas y proyectos promovidos por el mismo ICAC y por las universidades, instituciones y grupos de investigaci\u00f3n con los que se firmen convenios de colaboraci\u00f3n.<\/p>\n<p>Las l\u00edneas de investigaci\u00f3n en las que se estructura actualmente la investigaci\u00f3n del ICAC son las siguientes:<\/p>\n<p><a href=\"https:\/\/icac.cat\/recerca\/projectes-de-recerca\/linies-de-recerca\/arqueologia-de-la-ciutat-antiga\/\">Arqueolog\u00eda de la ciudad antigua<\/a><\/p>\n<p><a href=\"https:\/\/icac.cat\/recerca\/projectes-de-recerca\/linies-de-recerca\/arqueologia-del-paisatge-poblament-i-territori\/\">Arqueolog\u00eda del paisaje, poblamiento y territorio<\/a><\/p>\n<p><a href=\"https:\/\/icac.cat\/recerca\/projectes-de-recerca\/linies-de-recerca\/instrumentum-domesticum-materials-i-comerc-en-el-mon-antic\/\"><em>Instrumentum domesticum<\/em>. Materiales y comercio en el mundo antiguo<\/a><\/p>\n<p><a href=\"https:\/\/icac.cat\/recerca\/projectes-de-recerca\/linies-de-recerca\/arqueologia-classica-i-produccions-artistiques\/\">Arqueolog\u00eda cl\u00e1sica y producciones art\u00edsticas<\/a><\/p>\n","protected":false},"excerpt":{"rendered":"<p>Por l\u00ednea de investigaci\u00f3n se entiende una especialidad o campo de investigaci\u00f3n fundamental en Arqueolog\u00eda Cl\u00e1sica. Se integran programas y proyectos promovidos por el mismo ICAC y por las universidades, instituciones y grupos de investigaci\u00f3n con los que se firmen convenios de colaboraci\u00f3n. Las l\u00edneas de investigaci\u00f3n en las que se estructura actualmente la investigaci\u00f3n [&hellip;]<\/p>\n","protected":false},"author":1,"featured_media":0,"parent":0,"menu_order":221,"comment_status":"closed","ping_status":"closed","template":"","meta":{"_genesis_hide_title":false,"_genesis_hide_breadcrumbs":false,"_genesis_hide_singular_image":false,"_genesis_hide_footer_widgets":false,"_genesis_custom_body_class":"","_genesis_custom_post_class":"","_genesis_layout":""},"_links":{"self":[{"href":"https:\/\/icac.cat\/es\/wp-json\/wp\/v2\/pages\/21563"}],"collection":[{"href":"https:\/\/icac.cat\/es\/wp-json\/wp\/v2\/pages"}],"about":[{"href":"https:\/\/icac.cat\/es\/wp-json\/wp\/v2\/types\/page"}],"author":[{"embeddable":true,"href":"https:\/\/icac.cat\/es\/wp-json\/wp\/v2\/users\/1"}],"replies":[{"embeddable":true,"href":"https:\/\/icac.cat\/es\/wp-json\/wp\/v2\/comments?post=21563"}],"version-history":[{"count":4,"href":"https:\/\/icac.cat\/es\/wp-json\/wp\/v2\/pages\/21563\/revisions"}],"predecessor-version":[{"id":25336,"href":"https:\/\/icac.cat\/es\/wp-json\/wp\/v2\/pages\/21563\/revisions\/25336"}],"wp:attachment":[{"href":"https:\/\/icac.cat\/es\/wp-json\/wp\/v2\/media?parent=21563"}],"curies":[{"name":"wp","href":"https:\/\/api.w.org\/{rel}","templated":true}]}}