{"id":21573,"date":"2015-06-26T14:58:52","date_gmt":"2015-06-26T12:58:52","guid":{"rendered":"http:\/\/www.icac.cat\/es\/investigacion\/investigacion-del-icac\/lineas-de-investigacion\/arqueologia-classica-i-produccions-artistiques\/"},"modified":"2017-02-24T10:36:36","modified_gmt":"2017-02-24T09:36:36","slug":"arqueologia-clasica-y-producciones-artisticas","status":"publish","type":"page","link":"https:\/\/icac.cat\/es\/lineas-de-investigacion\/arqueologia-clasica-y-producciones-artisticas\/","title":{"rendered":"Arqueolog\u00eda cl\u00e1sica y producciones art\u00edsticas"},"content":{"rendered":"<p>El hecho art\u00edstico es una realidad que conforma un componente muy significativo de los valores materiales que contribuyen a caracterizar una cultura. El ICAC desarrolla, tambi\u00e9n como l\u00ednea de investigaci\u00f3n propia, el estudio de este aspecto del mundo antiguo que considera el fen\u00f3meno de la creaci\u00f3n art\u00edstica en s\u00ed misma y los documentos arqueol\u00f3gicos que se derivan: esculturas, pinturas, mosaicos, artes del objeto&#8230;<\/p>\n<p>En los proyectos de esta l\u00ednea de investigaci\u00f3n se presta especial atenci\u00f3n a los an\u00e1lisis propios de esta disciplina como la iconograf\u00eda, la comercializaci\u00f3n y difusi\u00f3n, la cuesti\u00f3n de los talleres y las producciones artesanales, el estudio del estilo y el contexto social, cultural e ideol\u00f3gico de las producciones art\u00edsticas cl\u00e1sicas, empleadas a menudo como elemento legitimador del poder pol\u00edtico&#8230; Siempre en conexi\u00f3n con otras especialidades. Es especialmente importante la relaci\u00f3n de esta l\u00ednea de investigaci\u00f3n con ciencias transversales como la epigraf\u00eda o la arqueometr\u00eda; por ello la mayor\u00eda de los proyectos que se desarrollan en el marco de la l\u00ednea de Arqueolog\u00eda Cl\u00e1sica y Producciones Art\u00edsticas forman parte tambi\u00e9n tanto del programa transversal de Fuentes textuales, epigraf\u00eda y numism\u00e1tica como del de Arqueometr\u00eda, que se desarrolla desde la unidad de Estudios Arqueom\u00e9tricos del ICAC..<\/p>\n<p>Estas interconexiones permiten avanzar en la discriminaci\u00f3n entre escultura local e importada y, al mismo tiempo, impulsar la investigaci\u00f3n sobre una materia por regla general menos atendida por la comunidad cient\u00edfica dedicada a la arqueolog\u00eda cl\u00e1sica: las artes del objeto, antes mal calificadas como artes menores, pero menores s\u00f3lo por su reducido tama\u00f1o, no por su menor valor art\u00edstico, que puede alcanzar un alto nivel, bien patente por ejemplo en las gemas y los camafeos. Dentro de esta l\u00ednea de investigaci\u00f3n se analizan obras de las culturas griega y romana, pero tambi\u00e9n de otras culturas cl\u00e1sicas en contacto, como la p\u00fanica, la de los \u00edberos o los etruscos, que a menudo requieren metodolog\u00edas espec\u00edficas.<\/p>\n<p>Las metodolog\u00edas y resultados de los proyectos de esta l\u00ednea han cristalizado en el impulso para iniciar y continuar proyectos internacionales, como el <em>Corpus Signorum Imperii Romani (CSIR)<\/em> o la organizaci\u00f3n o presencia regular de los invetigadores de esta l\u00ednea como miembros del comit\u00e9 cient\u00edfico en congresos espec\u00edficos de reconocimiento internacional.<\/p>\n","protected":false},"excerpt":{"rendered":"<p>El hecho art\u00edstico es una realidad que conforma un componente muy significativo de los valores materiales que contribuyen a caracterizar una cultura. El ICAC desarrolla, tambi\u00e9n como l\u00ednea de investigaci\u00f3n propia, el estudio de este aspecto del mundo antiguo que considera el fen\u00f3meno de la creaci\u00f3n art\u00edstica en s\u00ed misma y los documentos arqueol\u00f3gicos que [&hellip;]<\/p>\n","protected":false},"author":1,"featured_media":0,"parent":21563,"menu_order":4,"comment_status":"closed","ping_status":"closed","template":"template-presen-linies.php","meta":{"_genesis_hide_title":false,"_genesis_hide_breadcrumbs":false,"_genesis_hide_singular_image":false,"_genesis_hide_footer_widgets":false,"_genesis_custom_body_class":"","_genesis_custom_post_class":"","_genesis_layout":""},"_links":{"self":[{"href":"https:\/\/icac.cat\/es\/wp-json\/wp\/v2\/pages\/21573"}],"collection":[{"href":"https:\/\/icac.cat\/es\/wp-json\/wp\/v2\/pages"}],"about":[{"href":"https:\/\/icac.cat\/es\/wp-json\/wp\/v2\/types\/page"}],"author":[{"embeddable":true,"href":"https:\/\/icac.cat\/es\/wp-json\/wp\/v2\/users\/1"}],"replies":[{"embeddable":true,"href":"https:\/\/icac.cat\/es\/wp-json\/wp\/v2\/comments?post=21573"}],"version-history":[{"count":3,"href":"https:\/\/icac.cat\/es\/wp-json\/wp\/v2\/pages\/21573\/revisions"}],"predecessor-version":[{"id":25457,"href":"https:\/\/icac.cat\/es\/wp-json\/wp\/v2\/pages\/21573\/revisions\/25457"}],"up":[{"embeddable":true,"href":"https:\/\/icac.cat\/es\/wp-json\/wp\/v2\/pages\/21563"}],"wp:attachment":[{"href":"https:\/\/icac.cat\/es\/wp-json\/wp\/v2\/media?parent=21573"}],"curies":[{"name":"wp","href":"https:\/\/api.w.org\/{rel}","templated":true}]}}