{"id":21575,"date":"2015-06-26T14:57:53","date_gmt":"2015-06-26T12:57:53","guid":{"rendered":"http:\/\/www.icac.cat\/es\/investigacion\/investigacion-del-icac\/lineas-de-investigacion\/instrumentum-domesticum-materials-i-comerc-en-el-mon-antic\/"},"modified":"2017-02-24T10:29:55","modified_gmt":"2017-02-24T09:29:55","slug":"instrumentum-domesticum-materiales-y-comercio-en-el-mundo-antiguo","status":"publish","type":"page","link":"https:\/\/icac.cat\/es\/lineas-de-investigacion\/instrumentum-domesticum-materiales-y-comercio-en-el-mundo-antiguo\/","title":{"rendered":"Instrumentum domesticum. Materiales y comercio en el mundo antiguo"},"content":{"rendered":"<p>Con la expresi\u00f3n latina I<em>nstrumentum domesticum<\/em> nos referimos al conjunto de utensilios, vasijas, utensilios y equipamiento material que defin\u00edan, en la antig\u00fcedad, el d\u00eda a d\u00eda de las actividades humanas en todos sus \u00e1mbitos, muy especialmente el consumo y comercio de alimentos, pero tambi\u00e9n en otros m\u00e1s variados (como las actividades de culto o las armas para actividades b\u00e9licas). Se trata de una denominaci\u00f3n gen\u00e9rica de unos materiales que nos permiten conocer las actividades, costumbres y v\u00ednculos socioecon\u00f3micos de los individuos que los utilizaron desde el momento de su producci\u00f3n hasta su abandono o destrucci\u00f3n.<\/p>\n<p>Es fundamental conocer c\u00f3mo los objetos llegaron a manos de los consumidores o manipuladores, y c\u00f3mo se desarroll\u00f3 este proceso mediante el comercio y los mecanismos de intercambio, con sus implicaciones pol\u00edticas, sociales y econ\u00f3micas. El estudio de los materiales arqueol\u00f3gicos y de la actividad comercial que se deriva son una fuente de informaci\u00f3n valiosa y determinante para el conocimiento de la antig\u00fcedad.<\/p>\n<p>Uno de los elementos fundamentales dentro del estudio del<em> Instrumentum domesticum<\/em> es la cer\u00e1mica, hasta el extremo que es llamada el \u00abf\u00f3sil director\u00bb de la actividad arqueol\u00f3gica. Esto es as\u00ed porque, gracias a las tipolog\u00edas elaboradas desde el siglo XIX y fundamentalmente el XX, la identificaci\u00f3n de los tipos cer\u00e1micos permite que sean el elemento principal para datar los estratos arqueol\u00f3gicos, junto con monedas y otros objetos. Por otra parte, la cer\u00e1mica es a menudo el material arqueol\u00f3gico m\u00e1s abundante en cualquier excavaci\u00f3n arqueol\u00f3gica que afecte h\u00e1bitats del mundo antiguo y posteriores.<\/p>\n<p>Sin embargo, m\u00e1s all\u00e1 del valor de la cer\u00e1mica como elemento de dataci\u00f3n, hay que considerar tambi\u00e9n su importante papel como fuente de conocimiento sobre las redes de comercio en la antig\u00fcedad, as\u00ed como tambi\u00e9n desde otros puntos de vista, como el estudio art\u00edstico y estil\u00edstico de las piezas decoradas (entroncando as\u00ed con la historia del arte), su uso en relaci\u00f3n a la alimentaci\u00f3n (hasta ahora poco estudiado) y el estudio de los productos que se transportaban en contenedores o la b\u00fasqueda en epigraf\u00eda de los textos que aparecen sobre los materiales.<\/p>\n<p>Uno de los elementos m\u00e1s estudiados son las \u00e1nforas, que resultan de gran inter\u00e9s para el estudio de las redes comerciales, ya que la determinaci\u00f3n de sus contenidos (b\u00e1sicamente vino, aceite y salazones) permite conocer fuerza cuidadosamente la actividad econ\u00f3mica en \u00e9poca antigua (fundamentalmente, durante el periodo romano).<\/p>\n<p>En el marco de la l\u00ednea de investigaci\u00f3n <em>Instrumentum domesticum<\/em> se desarrollan varios proyectos relacionados, sobre todo, con la cer\u00e1mica romana, su uso, comercio y caracterizaci\u00f3n y, durante los \u00faltimos a\u00f1os, se ha especializado en el estudio de las \u00e1nforas hisp\u00e1nicas.<\/p>\n<p>Como complemento a la labor desarrollada desde esta l\u00ednea, el ICAC ofrece la posibilidad, desde la <strong>Unidad de Estudios Arqueom\u00e9tricos<\/strong>, de llevar a cabo anal\u00edticas de cer\u00e1micas, para establecer sus caracter\u00edsticas f\u00edsicas y su procedencia.<\/p>\n","protected":false},"excerpt":{"rendered":"<p>Con la expresi\u00f3n latina Instrumentum domesticum nos referimos al conjunto de utensilios, vasijas, utensilios y equipamiento material que defin\u00edan, en la antig\u00fcedad, el d\u00eda a d\u00eda de las actividades humanas en todos sus \u00e1mbitos, muy especialmente el consumo y comercio de alimentos, pero tambi\u00e9n en otros m\u00e1s variados (como las actividades de culto o las [&hellip;]<\/p>\n","protected":false},"author":1,"featured_media":0,"parent":21563,"menu_order":3,"comment_status":"closed","ping_status":"closed","template":"template-presen-linies.php","meta":{"_genesis_hide_title":false,"_genesis_hide_breadcrumbs":false,"_genesis_hide_singular_image":false,"_genesis_hide_footer_widgets":false,"_genesis_custom_body_class":"","_genesis_custom_post_class":"","_genesis_layout":""},"_links":{"self":[{"href":"https:\/\/icac.cat\/es\/wp-json\/wp\/v2\/pages\/21575"}],"collection":[{"href":"https:\/\/icac.cat\/es\/wp-json\/wp\/v2\/pages"}],"about":[{"href":"https:\/\/icac.cat\/es\/wp-json\/wp\/v2\/types\/page"}],"author":[{"embeddable":true,"href":"https:\/\/icac.cat\/es\/wp-json\/wp\/v2\/users\/1"}],"replies":[{"embeddable":true,"href":"https:\/\/icac.cat\/es\/wp-json\/wp\/v2\/comments?post=21575"}],"version-history":[{"count":3,"href":"https:\/\/icac.cat\/es\/wp-json\/wp\/v2\/pages\/21575\/revisions"}],"predecessor-version":[{"id":25455,"href":"https:\/\/icac.cat\/es\/wp-json\/wp\/v2\/pages\/21575\/revisions\/25455"}],"up":[{"embeddable":true,"href":"https:\/\/icac.cat\/es\/wp-json\/wp\/v2\/pages\/21563"}],"wp:attachment":[{"href":"https:\/\/icac.cat\/es\/wp-json\/wp\/v2\/media?parent=21575"}],"curies":[{"name":"wp","href":"https:\/\/api.w.org\/{rel}","templated":true}]}}